{"id":43634,"date":"2021-05-27T17:59:09","date_gmt":"2021-05-27T15:59:09","guid":{"rendered":"https:\/\/www.2twentyscooters.com\/?post_type=product&#038;p=43634"},"modified":"2023-05-30T18:40:08","modified_gmt":"2023-05-30T16:40:08","slug":"scooter-2twenty-roma-4800-bleu-azur","status":"publish","type":"product","link":"https:\/\/www.2twentyscooters.com\/be\/produit\/scooter-2twenty-roma-4800-bleu-azur\/","title":{"rendered":"Scooter 2Twenty Roma 4800 &#8211; Bleu Azur"},"content":{"rendered":"<p>Nous sommes fiers de vous pr\u00e9senter le nouvel arrivant de la famille 2Twenty : le Roma 4800, notre premier scooter \u00e9lectrique \u00e9quivalent 125 cc !<br \/>\nOn y retrouve la m\u00eame carrosserie au design r\u00e9tro ind\u00e9modable que le <a href=\"https:\/\/www.2twentyscooters.com\/be\/produit\/scooter-electrique-2twenty-roma-argente\/\">Roma 2900<\/a> ainsi que toutes les innovations issues de la s\u00e9rie 3 (deux modes d&rsquo;acc\u00e9l\u00e9ration, fonction TRIP, phares LED, etc&#8230;) port\u00e9es par un nouveau moteur de 4 800 Watts qui vous permettra de monter jusqu&rsquo;\u00e0 85 km\/h. Et ce n&rsquo;est pas tout, le Roma 4800 inclut les autres nouveaut\u00e9s suivantes par rapport au 2900 :<br \/>\n&#8211; Roues de 12 pouces au lieu de 10<br \/>\n&#8211; Amortisseurs avant et arri\u00e8re renforc\u00e9s<br \/>\n&#8211; Freins CBS (Combined Braking System) r\u00e9partiteur de freinage<br \/>\n&#8211; Double contr\u00f4leur (un par batterie)<br \/>\n&#8211; Vendu avec un chargeur classique 6h et un chargeur rapide 2h<\/p>\n<p>Le Roma 4800 n\u00e9cessite deux batteries mont\u00e9es en parall\u00e8le pour rouler. Comme dans le 2900, il s&rsquo;agit de batteries Lithium amovibles de 72V\/20Ah et pesant environ 10kg chacune qui viennent se loger sous la selle et se rechargent sur n&rsquo;importe quelle prise standard 220 V. Elles assurent une autonomie d&rsquo;environ 80km et poss\u00e8dent chacune un indicateur de charge LED directement sur la batterie ainsi que leur propre disjoncteur diff\u00e9rentiel \u00e0 l&rsquo;int\u00e9rieur du scooter.<br \/>\n\u00c9tant donn\u00e9 la puissance du moteur, il est n\u00e9cessaire d&rsquo;\u00eatre titulaire d&rsquo;un permis A1 deux roues (accessible d\u00e8s 16ans) pour conduire le Roma 4800.<br \/>\nSi vous souhaitez un scooter qui allie la puissance d&rsquo;un \u00e9quivalent 125 cc au confort d&rsquo;utilisation d&rsquo;un scooter \u00e9lectrique tout en respectant l&rsquo;environnement et en ne n\u00e9cessitant pas de r\u00e9vision, le Roma 4800 est fait pour vous !<\/p>\n<p><a href=\"https:\/\/www.2twentyscooters.com\/wp-content\/uploads\/2021\/05\/Manuel-utilisation-4800-17-09-20.pdf\" target=\"_blank\" rel=\"noopener noreferrer\"><span style=\"color: #339966;\"><strong>T\u00e9l\u00e9c<\/strong><\/span><span style=\"color: #339966;\"><strong>harger mode d&#8217;emploi :<\/strong><\/span> Manuel utilisation 2Twenty Roma 4800 <\/a><br \/>\n<span style=\"color: #339966;\"><strong>T<\/strong><\/span><a href=\"https:\/\/www.2twentyscooters.com\/tutoriels-dinstallation-et-reparation\/\" target=\"_blank\" rel=\"noopener noreferrer\"><span style=\"color: #339966;\"><strong>utoriels d&rsquo;installation et de r\u00e9parations<\/strong> :<\/span>\u00a0Tutoriels<\/a><\/p>\n<p><strong>INFORMATIONS TECHNIQUES :<\/strong><\/p>\n<p>&#8211; Vitesse max : 80 km\/h<br \/>\n&#8211; Autonomie : 80 km<br \/>\n&#8211; Garantie : 2 ans (scooter et batterie)<br \/>\n&#8211; 2 modes d&rsquo;acc\u00e9l\u00e9ration : sport (acc\u00e9l\u00e9ration forte) ou \u00e9conomie d&rsquo;\u00e9nergie (acc\u00e9l\u00e9ration douce) &#8211; <a href=\"https:\/\/youtu.be\/g5Cn0TvuDmk\">Cliquez ici pour voir le proc\u00e9d\u00e9<\/a>. Le scooter est livr\u00e9 par d\u00e9faut en mode \u00e9co.<br \/>\n&#8211; 2 Batteries Lithium amovible 72V\/20 Ah avec t\u00e9moin de charge \u00e0 LED int\u00e9gr\u00e9. N\u00e9cessite les deux branch\u00e9es en parall\u00e8le pour rouler.<br \/>\n&#8211; Niveau de charge pr\u00e9cis indiqu\u00e9 en % sur le compteur (BMS communiquant) pour chaque batterie<br \/>\n&#8211; Fonction TRIP avec bouton de droite sur le guidon<br \/>\n&#8211; Temps de charge : 50% en 2 h et 100% en 6 h. On peut brancher le chargeur directement sur la batterie ou sur la prise plac\u00e9e dans la bo\u00eete \u00e0 gants lat\u00e9rale.<br \/>\n&#8211; Nombre de cycles : 900 (soit environ 60 000 km pour les deux batteries)<br \/>\n&#8211; Puissance moteur : 4 800 Watts<br \/>\n&#8211; Consommation\/100 km : 3.5 kWh<br \/>\n&#8211; Frein avant et arri\u00e8re \u00e0 disque avec \u00e9trier hydraulique \u00e0 double piston, technologie CBS (r\u00e9partiteur de freinage)<br \/>\n&#8211; Amortisseurs avant chrom\u00e9s \u00e0 ressort &amp; piston<br \/>\n&#8211; Phares avant et arri\u00e8re \u00e0 LED basse consommation<br \/>\n&#8211; Pneus : 3,5-12&Prime; Tubeless<br \/>\n&#8211; Pression pneu : avant 2,8 bar \/ arri\u00e8re 2,8 bar<br \/>\n&#8211; Poids (avec batteries) : 90 kg<br \/>\n&#8211; Poids de la batterie : 10 kg<br \/>\n&#8211; Poids maximum embarqu\u00e9 : 150 Kg<br \/>\n&#8211; Longueur 189 cm<br \/>\n&#8211; Largeur : 78.5 cm<br \/>\n&#8211; Hauteur : 111 cm (sch\u00e9ma joint)<br \/>\n&#8211; Hauteur de selle : 82 cm<br \/>\n&#8211; Couleur : Bleu Azur &#8211; Pantone code : 7681C<\/p>\n<p><strong>Important<\/strong> : bien v\u00e9rifier la pression des pneus : 2,8 bar \u00e0 l\u2019avant et 2,8 bar \u00e0 l\u2019arri\u00e8re. Si les pneus ne sont pas suffisamment gonfl\u00e9s, cela diminue la vitesse max ainsi que l\u2019autonomie.<\/p>\n","protected":false},"excerpt":{"rendered":"<p>Scooter \u00e9lectrique \u00e0 deux places, n\u00e9cessite permis A1 (deux roues), \u00e9quivalent 125 cc<br \/>\n&#8211; Vitesse max : 85 km\/h<br \/>\n&#8211; Puissance : 4 800 Watts<br \/>\n&#8211; Autonomie : 80 km avec 2 batteries<br \/>\n&#8211; Batteries au Lithium amovible 10 Kg<br \/>\n&#8211; Dur\u00e9e de vie de la batterie : 900 cycles (environ 60 000 km pour deux batteries)<br \/>\n&#8211; Garantie deux ans (scooter et batterie)<\/p>\n","protected":false},"featured_media":46243,"comment_status":"closed","ping_status":"closed","template":"","meta":[],"product_cat":[490],"product_tag":[],"yoast_head":"<!-- This site is optimized with the Yoast SEO plugin v18.4.1 - https:\/\/yoast.com\/wordpress\/plugins\/seo\/ -->\n<title>Achat scooter \u00e9lectrique au look r\u00e9tro. 2Twenty est un deux roues fran\u00e7ais<\/title>\n<meta name=\"description\" content=\"Acheter un scooter \u00e9lectrique 2Twenty au look r\u00e9tro. Moteur 2900 Watt, 65 ou 130km d&#039;autonomie avec 1 ou 2 batterie amovible. On garantie tout pendant 2 ans\" \/>\n<meta name=\"robots\" content=\"index, follow, max-snippet:-1, max-image-preview:large, max-video-preview:-1\" \/>\n<link rel=\"canonical\" href=\"https:\/\/www.2twentyscooters.com\/be\/produit\/scooter-2twenty-roma-4800-bleu-azur\/\" \/>\n<meta property=\"og:locale\" content=\"fr_FR\" \/>\n<meta property=\"og:type\" content=\"article\" \/>\n<meta property=\"og:title\" content=\"Achat scooter \u00e9lectrique au look r\u00e9tro. 2Twenty est un deux roues fran\u00e7ais\" \/>\n<meta property=\"og:description\" content=\"Acheter un scooter \u00e9lectrique 2Twenty au look r\u00e9tro. Moteur 2900 Watt, 65 ou 130km d&#039;autonomie avec 1 ou 2 batterie amovible. On garantie tout pendant 2 ans\" \/>\n<meta property=\"og:url\" content=\"https:\/\/www.2twentyscooters.com\/be\/produit\/scooter-2twenty-roma-4800-bleu-azur\/\" \/>\n<meta property=\"og:site_name\" content=\"2Twenty Scooter \u00e9lectrique\" \/>\n<meta property=\"article:modified_time\" content=\"2023-05-30T16:40:08+00:00\" \/>\n<meta property=\"og:image\" content=\"https:\/\/www.2twentyscooters.com\/wp-content\/uploads\/2021\/05\/Roma-4800-bleu-1.jpg\" \/>\n\t<meta property=\"og:image:width\" content=\"800\" \/>\n\t<meta property=\"og:image:height\" content=\"600\" \/>\n\t<meta property=\"og:image:type\" content=\"image\/jpeg\" \/>\n<meta name=\"twitter:card\" content=\"summary\" \/>\n<meta name=\"twitter:label1\" content=\"Dur\u00e9e de lecture est.\" \/>\n\t<meta name=\"twitter:data1\" content=\"3 minutes\" \/>\n<script type=\"application\/ld+json\" class=\"yoast-schema-graph\">{\"@context\":\"https:\/\/schema.org\",\"@graph\":[{\"@type\":\"Organization\",\"@id\":\"https:\/\/www.2twentyscooters.com\/en\/#organization\",\"name\":\"2twentyscooters\",\"url\":\"https:\/\/www.2twentyscooters.com\/en\/\",\"sameAs\":[],\"logo\":{\"@type\":\"ImageObject\",\"@id\":\"https:\/\/www.2twentyscooters.com\/en\/#logo\",\"inLanguage\":\"fr-BE\",\"url\":\"https:\/\/www.2twentyscooters.com\/wp-content\/uploads\/2022\/03\/2twenty-scooters-logo.png\",\"contentUrl\":\"https:\/\/www.2twentyscooters.com\/wp-content\/uploads\/2022\/03\/2twenty-scooters-logo.png\",\"width\":342,\"height\":55,\"caption\":\"2twentyscooters\"},\"image\":{\"@id\":\"https:\/\/www.2twentyscooters.com\/en\/#logo\"}},{\"@type\":\"WebSite\",\"@id\":\"https:\/\/www.2twentyscooters.com\/en\/#website\",\"url\":\"https:\/\/www.2twentyscooters.com\/en\/\",\"name\":\"2Twenty Scooter \u00e9lectrique\",\"description\":\"\",\"publisher\":{\"@id\":\"https:\/\/www.2twentyscooters.com\/en\/#organization\"},\"potentialAction\":[{\"@type\":\"SearchAction\",\"target\":{\"@type\":\"EntryPoint\",\"urlTemplate\":\"https:\/\/www.2twentyscooters.com\/en\/?s={search_term_string}\"},\"query-input\":\"required name=search_term_string\"}],\"inLanguage\":\"fr-BE\"},{\"@type\":\"ImageObject\",\"@id\":\"https:\/\/www.2twentyscooters.com\/be\/produit\/scooter-2twenty-roma-4800-bleu-azur\/#primaryimage\",\"inLanguage\":\"fr-BE\",\"url\":\"https:\/\/www.2twentyscooters.com\/wp-content\/uploads\/2021\/05\/Roma-4800-bleu-1.jpg\",\"contentUrl\":\"https:\/\/www.2twentyscooters.com\/wp-content\/uploads\/2021\/05\/Roma-4800-bleu-1.jpg\",\"width\":800,\"height\":600,\"caption\":\"scooter \u00e9lectrique Roma bleu \u00e9quivalent 125 cc\"},{\"@type\":\"WebPage\",\"@id\":\"https:\/\/www.2twentyscooters.com\/be\/produit\/scooter-2twenty-roma-4800-bleu-azur\/#webpage\",\"url\":\"https:\/\/www.2twentyscooters.com\/be\/produit\/scooter-2twenty-roma-4800-bleu-azur\/\",\"name\":\"Achat scooter \u00e9lectrique au look r\u00e9tro. 2Twenty est un deux roues fran\u00e7ais\",\"isPartOf\":{\"@id\":\"https:\/\/www.2twentyscooters.com\/en\/#website\"},\"primaryImageOfPage\":{\"@id\":\"https:\/\/www.2twentyscooters.com\/be\/produit\/scooter-2twenty-roma-4800-bleu-azur\/#primaryimage\"},\"datePublished\":\"2021-05-27T15:59:09+00:00\",\"dateModified\":\"2023-05-30T16:40:08+00:00\",\"description\":\"Acheter un scooter \u00e9lectrique 2Twenty au look r\u00e9tro. Moteur 2900 Watt, 65 ou 130km d'autonomie avec 1 ou 2 batterie amovible. On garantie tout pendant 2 ans\",\"breadcrumb\":{\"@id\":\"https:\/\/www.2twentyscooters.com\/be\/produit\/scooter-2twenty-roma-4800-bleu-azur\/#breadcrumb\"},\"inLanguage\":\"fr-BE\",\"potentialAction\":[{\"@type\":\"ReadAction\",\"target\":[\"https:\/\/www.2twentyscooters.com\/be\/produit\/scooter-2twenty-roma-4800-bleu-azur\/\"]}]},{\"@type\":\"BreadcrumbList\",\"@id\":\"https:\/\/www.2twentyscooters.com\/be\/produit\/scooter-2twenty-roma-4800-bleu-azur\/#breadcrumb\",\"itemListElement\":[{\"@type\":\"ListItem\",\"position\":1,\"name\":\"Home\",\"item\":\"https:\/\/www.2twentyscooters.com\/be\/\"},{\"@type\":\"ListItem\",\"position\":2,\"name\":\"Boutique\",\"item\":\"https:\/\/www.2twentyscooters.com\/be\/boutique\/\"},{\"@type\":\"ListItem\",\"position\":3,\"name\":\"Scooters\",\"item\":\"https:\/\/www.2twentyscooters.com\/be\/categorie-produit\/scooters\/\"},{\"@type\":\"ListItem\",\"position\":4,\"name\":\"Scooter 2Twenty Roma 4800 &#8211; Bleu Azur\"}]}]}<\/script>\n<!-- \/ Yoast SEO plugin. -->","yoast_head_json":{"title":"Achat scooter \u00e9lectrique au look r\u00e9tro. 2Twenty est un deux roues fran\u00e7ais","description":"Acheter un scooter \u00e9lectrique 2Twenty au look r\u00e9tro. Moteur 2900 Watt, 65 ou 130km d'autonomie avec 1 ou 2 batterie amovible. On garantie tout pendant 2 ans","robots":{"index":"index","follow":"follow","max-snippet":"max-snippet:-1","max-image-preview":"max-image-preview:large","max-video-preview":"max-video-preview:-1"},"canonical":"https:\/\/www.2twentyscooters.com\/be\/produit\/scooter-2twenty-roma-4800-bleu-azur\/","og_locale":"fr_FR","og_type":"article","og_title":"Achat scooter \u00e9lectrique au look r\u00e9tro. 2Twenty est un deux roues fran\u00e7ais","og_description":"Acheter un scooter \u00e9lectrique 2Twenty au look r\u00e9tro. Moteur 2900 Watt, 65 ou 130km d'autonomie avec 1 ou 2 batterie amovible. On garantie tout pendant 2 ans","og_url":"https:\/\/www.2twentyscooters.com\/be\/produit\/scooter-2twenty-roma-4800-bleu-azur\/","og_site_name":"2Twenty Scooter \u00e9lectrique","article_modified_time":"2023-05-30T16:40:08+00:00","og_image":[{"width":800,"height":600,"url":"https:\/\/www.2twentyscooters.com\/wp-content\/uploads\/2021\/05\/Roma-4800-bleu-1.jpg","type":"image\/jpeg"}],"twitter_card":"summary","twitter_misc":{"Dur\u00e9e de lecture est.":"3 minutes"},"schema":{"@context":"https:\/\/schema.org","@graph":[{"@type":"Organization","@id":"https:\/\/www.2twentyscooters.com\/en\/#organization","name":"2twentyscooters","url":"https:\/\/www.2twentyscooters.com\/en\/","sameAs":[],"logo":{"@type":"ImageObject","@id":"https:\/\/www.2twentyscooters.com\/en\/#logo","inLanguage":"fr-BE","url":"https:\/\/www.2twentyscooters.com\/wp-content\/uploads\/2022\/03\/2twenty-scooters-logo.png","contentUrl":"https:\/\/www.2twentyscooters.com\/wp-content\/uploads\/2022\/03\/2twenty-scooters-logo.png","width":342,"height":55,"caption":"2twentyscooters"},"image":{"@id":"https:\/\/www.2twentyscooters.com\/en\/#logo"}},{"@type":"WebSite","@id":"https:\/\/www.2twentyscooters.com\/en\/#website","url":"https:\/\/www.2twentyscooters.com\/en\/","name":"2Twenty Scooter \u00e9lectrique","description":"","publisher":{"@id":"https:\/\/www.2twentyscooters.com\/en\/#organization"},"potentialAction":[{"@type":"SearchAction","target":{"@type":"EntryPoint","urlTemplate":"https:\/\/www.2twentyscooters.com\/en\/?s={search_term_string}"},"query-input":"required name=search_term_string"}],"inLanguage":"fr-BE"},{"@type":"ImageObject","@id":"https:\/\/www.2twentyscooters.com\/be\/produit\/scooter-2twenty-roma-4800-bleu-azur\/#primaryimage","inLanguage":"fr-BE","url":"https:\/\/www.2twentyscooters.com\/wp-content\/uploads\/2021\/05\/Roma-4800-bleu-1.jpg","contentUrl":"https:\/\/www.2twentyscooters.com\/wp-content\/uploads\/2021\/05\/Roma-4800-bleu-1.jpg","width":800,"height":600,"caption":"scooter \u00e9lectrique Roma bleu \u00e9quivalent 125 cc"},{"@type":"WebPage","@id":"https:\/\/www.2twentyscooters.com\/be\/produit\/scooter-2twenty-roma-4800-bleu-azur\/#webpage","url":"https:\/\/www.2twentyscooters.com\/be\/produit\/scooter-2twenty-roma-4800-bleu-azur\/","name":"Achat scooter \u00e9lectrique au look r\u00e9tro. 2Twenty est un deux roues fran\u00e7ais","isPartOf":{"@id":"https:\/\/www.2twentyscooters.com\/en\/#website"},"primaryImageOfPage":{"@id":"https:\/\/www.2twentyscooters.com\/be\/produit\/scooter-2twenty-roma-4800-bleu-azur\/#primaryimage"},"datePublished":"2021-05-27T15:59:09+00:00","dateModified":"2023-05-30T16:40:08+00:00","description":"Acheter un scooter \u00e9lectrique 2Twenty au look r\u00e9tro. Moteur 2900 Watt, 65 ou 130km d'autonomie avec 1 ou 2 batterie amovible. On garantie tout pendant 2 ans","breadcrumb":{"@id":"https:\/\/www.2twentyscooters.com\/be\/produit\/scooter-2twenty-roma-4800-bleu-azur\/#breadcrumb"},"inLanguage":"fr-BE","potentialAction":[{"@type":"ReadAction","target":["https:\/\/www.2twentyscooters.com\/be\/produit\/scooter-2twenty-roma-4800-bleu-azur\/"]}]},{"@type":"BreadcrumbList","@id":"https:\/\/www.2twentyscooters.com\/be\/produit\/scooter-2twenty-roma-4800-bleu-azur\/#breadcrumb","itemListElement":[{"@type":"ListItem","position":1,"name":"Home","item":"https:\/\/www.2twentyscooters.com\/be\/"},{"@type":"ListItem","position":2,"name":"Boutique","item":"https:\/\/www.2twentyscooters.com\/be\/boutique\/"},{"@type":"ListItem","position":3,"name":"Scooters","item":"https:\/\/www.2twentyscooters.com\/be\/categorie-produit\/scooters\/"},{"@type":"ListItem","position":4,"name":"Scooter 2Twenty Roma 4800 &#8211; Bleu Azur"}]}]}},"_links":{"self":[{"href":"https:\/\/www.2twentyscooters.com\/be\/wp-json\/wp\/v2\/product\/43634"}],"collection":[{"href":"https:\/\/www.2twentyscooters.com\/be\/wp-json\/wp\/v2\/product"}],"about":[{"href":"https:\/\/www.2twentyscooters.com\/be\/wp-json\/wp\/v2\/types\/product"}],"replies":[{"embeddable":true,"href":"https:\/\/www.2twentyscooters.com\/be\/wp-json\/wp\/v2\/comments?post=43634"}],"version-history":[{"count":0,"href":"https:\/\/www.2twentyscooters.com\/be\/wp-json\/wp\/v2\/product\/43634\/revisions"}],"wp:featuredmedia":[{"embeddable":true,"href":"https:\/\/www.2twentyscooters.com\/be\/wp-json\/wp\/v2\/media\/46243"}],"wp:attachment":[{"href":"https:\/\/www.2twentyscooters.com\/be\/wp-json\/wp\/v2\/media?parent=43634"}],"wp:term":[{"taxonomy":"product_cat","embeddable":true,"href":"https:\/\/www.2twentyscooters.com\/be\/wp-json\/wp\/v2\/product_cat?post=43634"},{"taxonomy":"product_tag","embeddable":true,"href":"https:\/\/www.2twentyscooters.com\/be\/wp-json\/wp\/v2\/product_tag?post=43634"}],"curies":[{"name":"wp","href":"https:\/\/api.w.org\/{rel}","templated":true}]}}