{"id":41750,"date":"2017-04-17T16:07:43","date_gmt":"2017-04-17T14:07:43","guid":{"rendered":"https:\/\/www.2twentyscooters.com\/produit\/scooter-electrique-2twenty-roma-argente\/"},"modified":"2023-05-29T17:47:02","modified_gmt":"2023-05-29T15:47:02","slug":"scooter-electrique-2twenty-roma-argente","status":"publish","type":"product","link":"https:\/\/www.2twentyscooters.com\/be\/produit\/scooter-electrique-2twenty-roma-argente\/","title":{"rendered":"Scooter 2Twenty Roma 2900 &#8211; Gris Argent\u00e9"},"content":{"rendered":"<p>Voici notre nouveau mod\u00e8le Roma 2900, s\u00e9rie 3 (S3). Nous y avons apport\u00e9 de nombreuses am\u00e9liorations :<br \/>\n&#8211; Batterie all\u00e9g\u00e9e (10 Kg) \u00e9quip\u00e9e d\u2019un t\u00e9moin de charge \u00e0 LED<br \/>\n&#8211; Tableau de bord en couleur avec niveau de charge pr\u00e9cis affich\u00e9 en %,<br \/>\n&#8211; Nouveaux amortisseurs chrom\u00e9s \u00e0 ressort &amp; piston<br \/>\n&#8211; Phare avant et arri\u00e8re \u00e0 LED en basse consommation<br \/>\n&#8211; Repose-pieds en aluminium anodis\u00e9<br \/>\n&#8211; Deux modes d\u2019acc\u00e9l\u00e9ration : sport et \u00e9co<br \/>\nLa puissance du moteur a \u00e9t\u00e9 augment\u00e9 \u00e0 2 900 watts ce qui procure une tr\u00e8s bonne reprise et un \u00a0couple renforc\u00e9. Le freinage est constitu\u00e9 de 2 freins \u00e0 disques \u00e0 double piston qui permettent un freinage d\u2019urgence en toute s\u00e9curit\u00e9. Par contre, nous n\u2019avons rien chang\u00e9 \u00e0 son look r\u00e9tro des ann\u00e9es 50 qui fait tout son charme !<br \/>\nEt comme pr\u00e9c\u00e9demment, il n\u2019y a toujours pas besoin de faire des r\u00e9visions. Les batteries Lithium se logent sous la selle. Il suffit de mettre le contact et on peut rouler. La batterie peut se recharger \u00e0 domicile ou ailleurs sur une prise standard 220 V.<br \/>\nOn peut embarquer 1 ou 2 batteries amovibles de 72V\/20Ah qui permettent une autonomie de 50 km avec une batterie ou 100 km avec les deux. Nous avons install\u00e9 une fonction TRIP que l\u2019on remet \u00e0 0 \u00e0 l\u2019aide d\u2019un bouton poussoir situ\u00e9 sur la poign\u00e9e droite.<\/p>\n<p><a href=\"https:\/\/www.2twentyscooters.com\/wp-content\/uploads\/2021\/05\/Manuel-Utilisation-2Twenty-Roma-2900-Belgique.pdf\" target=\"_blank\" rel=\"noopener noreferrer\"><span style=\"color: #339966;\"><strong>T\u00e9l\u00e9c<\/strong><\/span><span style=\"color: #339966;\"><strong>harger mode d&#8217;emploi :<\/strong><\/span> Manuel utilisation 2Twenty Roma 2900 &#8211; S3<\/a><br \/>\n<span style=\"color: #339966;\"><strong>T<\/strong><\/span><a href=\"https:\/\/www.2twentyscooters.com\/tutoriels-dinstallation-et-reparation\/\" target=\"_blank\" rel=\"noopener noreferrer\"><span style=\"color: #339966;\"><strong>utoriels d&rsquo;installation et de r\u00e9parations<\/strong> :<\/span>\u00a0Tutoriels<\/a><\/p>\n<p><strong>INFO TECHNIQUE :<\/strong><\/p>\n<p>&#8211; Vitesse max : 45 km\/h<br \/>\n&#8211; Autonomie : 50 km avec une batterie, 100 km avec deux batteries<br \/>\n&#8211; Garantie : 2 ans (scooter et batterie)<br \/>\n&#8211; 2 modes d&rsquo;acc\u00e9l\u00e9ration : sport (acc\u00e9l\u00e9ration forte) ou \u00e9conomie d&rsquo;\u00e9nergie (acc\u00e9l\u00e9ration douce) &#8211; <a href=\"https:\/\/youtu.be\/g5Cn0TvuDmk\">Cliquez ici pour voir le proc\u00e9d\u00e9<\/a>.<br \/>\n&#8211; Batterie Lithium amovible 72V\/20 Ah avec t\u00e9moin de charge \u00e0 LED int\u00e9gr\u00e9. Possibilit\u00e9 d&rsquo;en mettre deux c\u00f4te \u00e0 c\u00f4te.<br \/>\n&#8211; Niveau de charge pr\u00e9cis indiqu\u00e9 en % sur le compteur (BMS communiquant) + fonction TRIP avec bouton de droite sur le guidon<br \/>\n&#8211; Temps de charge : 50% en 2 h et 100% en 6 h. On peut brancher le chargeur directement sur la batterie ou sur la prise plac\u00e9e dans la bo\u00eete \u00e0 gants lat\u00e9rale.<br \/>\n&#8211; Nombre de cycles : 900 (soit environ 40 000km)<br \/>\n&#8211; Puissance moteur : 2 900 Watts<br \/>\n&#8211; Couple moteur : 60 Nm<br \/>\n&#8211; Consommation\/100 km : 2,8 kWh<br \/>\n&#8211; Frein avant et arri\u00e8re \u00e0 disque avec \u00e9trier hydraulique \u00e0 double piston<br \/>\n&#8211; Amortisseurs avant chrom\u00e9s \u00e0 ressort &amp; piston<br \/>\n&#8211; Phares avant et arri\u00e8re \u00e0 LED basse consommation<br \/>\n&#8211; Pneus : 3,5-10&Prime; Tubeless<br \/>\n&#8211; Pression pneu : avant 2,3 bar \/ arri\u00e8re 2,5 bar<br \/>\n&#8211; Poids (avec batterie) : 80 kg<br \/>\n&#8211; Poids de la batterie : 10 kg<br \/>\n&#8211; Poids maximum embarqu\u00e9 : 150 Kg<br \/>\n&#8211; Longueur 187 cm<br \/>\n&#8211; Largeur : 75 cm<br \/>\n&#8211; Hauteur : 108,5 cm (sch\u00e9ma joint)<br \/>\n&#8211; Hauteur de selle : 81 cm<br \/>\n&#8211; Couleur : gris argent\u00e9 &#8211; Pantone code : Cool Gray 10C<\/p>\n<p><strong>Important<\/strong> : bien v\u00e9rifier la pression des pneus : 2,3 bar \u00e0 l\u2019avant et 2,5 bar \u00e0 l\u2019arri\u00e8re. Si les pneus ne sont pas suffisamment gonfl\u00e9s, cela diminue la vitesse max ainsi que l\u2019autonomie.<\/p>\n","protected":false},"excerpt":{"rendered":"<p>Scooter \u00e9lectrique \u00e0 deux places, sans permis, \u00e9quivalent 50 cc<br \/>\n&#8211; Vitesse max : 45 km\/h<br \/>\n&#8211; Puissance : 2 900 Watts<br \/>\n&#8211; Autonomie : 50 km avec 1 batterie, 100 km avec 2 batteries<br \/>\n&#8211; Batterie au Lithium amovible 10 Kg<br \/>\n&#8211; Dur\u00e9e de vie de la batterie : 900 cycles (environ 40 000 km)<br \/>\n&#8211; Garantie deux ans (scooter et batterie)<\/p>\n","protected":false},"featured_media":40188,"comment_status":"closed","ping_status":"closed","template":"","meta":[],"product_cat":[490],"product_tag":[],"yoast_head":"<!-- This site is optimized with the Yoast SEO plugin v18.4.1 - https:\/\/yoast.com\/wordpress\/plugins\/seo\/ -->\n<title>Achat scooter \u00e9lectrique au look r\u00e9tro. 2Twenty est un deux roues fran\u00e7ais<\/title>\n<meta name=\"description\" content=\"Acheter un scooter \u00e9lectrique 2Twenty au look r\u00e9tro. Moteur 2900 Watt, 65 ou 130km d&#039;autonomie avec 1 ou 2 batterie amovible. On garantie tout pendant 2 ans\" \/>\n<meta name=\"robots\" content=\"index, follow, max-snippet:-1, max-image-preview:large, max-video-preview:-1\" \/>\n<link rel=\"canonical\" href=\"https:\/\/www.2twentyscooters.com\/be\/produit\/scooter-2twenty-roma-2900-50-cc-gris-argente\/\" \/>\n<meta property=\"og:locale\" content=\"fr_FR\" \/>\n<meta property=\"og:type\" content=\"article\" \/>\n<meta property=\"og:title\" content=\"Achat scooter \u00e9lectrique au look r\u00e9tro. 2Twenty est un deux roues fran\u00e7ais\" \/>\n<meta property=\"og:description\" content=\"Acheter un scooter \u00e9lectrique 2Twenty au look r\u00e9tro. Moteur 2900 Watt, 65 ou 130km d&#039;autonomie avec 1 ou 2 batterie amovible. On garantie tout pendant 2 ans\" \/>\n<meta property=\"og:url\" content=\"https:\/\/www.2twentyscooters.com\/produit\/scooter-2twenty-roma-2900-50-cc-gris-argente\/\" \/>\n<meta property=\"og:site_name\" content=\"2Twenty Scooter \u00e9lectrique\" \/>\n<meta property=\"article:modified_time\" content=\"2023-05-29T15:47:02+00:00\" \/>\n<meta property=\"og:image\" content=\"https:\/\/www.2twentyscooters.com\/wp-content\/uploads\/2021\/01\/Scooter-gris-B-800x600-optimisee.jpg\" \/>\n\t<meta property=\"og:image:width\" content=\"800\" \/>\n\t<meta property=\"og:image:height\" content=\"600\" \/>\n\t<meta property=\"og:image:type\" content=\"image\/jpeg\" \/>\n<meta name=\"twitter:card\" content=\"summary\" \/>\n<meta name=\"twitter:label1\" content=\"Dur\u00e9e de lecture est.\" \/>\n\t<meta name=\"twitter:data1\" content=\"3 minutes\" \/>\n<script type=\"application\/ld+json\" class=\"yoast-schema-graph\">{\"@context\":\"https:\/\/schema.org\",\"@graph\":[{\"@type\":\"Organization\",\"@id\":\"https:\/\/www.2twentyscooters.com\/en\/#organization\",\"name\":\"2twentyscooters\",\"url\":\"https:\/\/www.2twentyscooters.com\/en\/\",\"sameAs\":[],\"logo\":{\"@type\":\"ImageObject\",\"@id\":\"https:\/\/www.2twentyscooters.com\/en\/#logo\",\"inLanguage\":\"fr-BE\",\"url\":\"https:\/\/www.2twentyscooters.com\/wp-content\/uploads\/2022\/03\/2twenty-scooters-logo.png\",\"contentUrl\":\"https:\/\/www.2twentyscooters.com\/wp-content\/uploads\/2022\/03\/2twenty-scooters-logo.png\",\"width\":342,\"height\":55,\"caption\":\"2twentyscooters\"},\"image\":{\"@id\":\"https:\/\/www.2twentyscooters.com\/en\/#logo\"}},{\"@type\":\"WebSite\",\"@id\":\"https:\/\/www.2twentyscooters.com\/en\/#website\",\"url\":\"https:\/\/www.2twentyscooters.com\/en\/\",\"name\":\"2Twenty Scooter \u00e9lectrique\",\"description\":\"\",\"publisher\":{\"@id\":\"https:\/\/www.2twentyscooters.com\/en\/#organization\"},\"potentialAction\":[{\"@type\":\"SearchAction\",\"target\":{\"@type\":\"EntryPoint\",\"urlTemplate\":\"https:\/\/www.2twentyscooters.com\/en\/?s={search_term_string}\"},\"query-input\":\"required name=search_term_string\"}],\"inLanguage\":\"fr-BE\"},{\"@type\":\"ImageObject\",\"@id\":\"https:\/\/www.2twentyscooters.com\/produit\/scooter-2twenty-roma-2900-50-cc-gris-argente\/#primaryimage\",\"inLanguage\":\"fr-BE\",\"url\":\"https:\/\/www.2twentyscooters.com\/wp-content\/uploads\/2021\/01\/Scooter-gris-B-800x600-optimisee.jpg\",\"contentUrl\":\"https:\/\/www.2twentyscooters.com\/wp-content\/uploads\/2021\/01\/Scooter-gris-B-800x600-optimisee.jpg\",\"width\":800,\"height\":600},{\"@type\":\"WebPage\",\"@id\":\"https:\/\/www.2twentyscooters.com\/produit\/scooter-2twenty-roma-2900-50-cc-gris-argente\/#webpage\",\"url\":\"https:\/\/www.2twentyscooters.com\/produit\/scooter-2twenty-roma-2900-50-cc-gris-argente\/\",\"name\":\"Achat scooter \u00e9lectrique au look r\u00e9tro. 2Twenty est un deux roues fran\u00e7ais\",\"isPartOf\":{\"@id\":\"https:\/\/www.2twentyscooters.com\/en\/#website\"},\"primaryImageOfPage\":{\"@id\":\"https:\/\/www.2twentyscooters.com\/produit\/scooter-2twenty-roma-2900-50-cc-gris-argente\/#primaryimage\"},\"datePublished\":\"2017-04-17T14:07:43+00:00\",\"dateModified\":\"2023-05-29T15:47:02+00:00\",\"description\":\"Acheter un scooter \u00e9lectrique 2Twenty au look r\u00e9tro. Moteur 2900 Watt, 65 ou 130km d'autonomie avec 1 ou 2 batterie amovible. On garantie tout pendant 2 ans\",\"breadcrumb\":{\"@id\":\"https:\/\/www.2twentyscooters.com\/produit\/scooter-2twenty-roma-2900-50-cc-gris-argente\/#breadcrumb\"},\"inLanguage\":\"fr-BE\",\"potentialAction\":[{\"@type\":\"ReadAction\",\"target\":[\"https:\/\/www.2twentyscooters.com\/produit\/scooter-2twenty-roma-2900-50-cc-gris-argente\/\"]}]},{\"@type\":\"BreadcrumbList\",\"@id\":\"https:\/\/www.2twentyscooters.com\/produit\/scooter-2twenty-roma-2900-50-cc-gris-argente\/#breadcrumb\",\"itemListElement\":[{\"@type\":\"ListItem\",\"position\":1,\"name\":\"Home\",\"item\":\"https:\/\/www.2twentyscooters.com\/be\/\"},{\"@type\":\"ListItem\",\"position\":2,\"name\":\"Boutique\",\"item\":\"https:\/\/www.2twentyscooters.com\/be\/boutique\/\"},{\"@type\":\"ListItem\",\"position\":3,\"name\":\"Scooters\",\"item\":\"https:\/\/www.2twentyscooters.com\/be\/categorie-produit\/scooters\/\"},{\"@type\":\"ListItem\",\"position\":4,\"name\":\"Scooter 2Twenty Roma 2900 &#8211; Gris Argent\u00e9\"}]}]}<\/script>\n<!-- \/ Yoast SEO plugin. -->","yoast_head_json":{"title":"Achat scooter \u00e9lectrique au look r\u00e9tro. 2Twenty est un deux roues fran\u00e7ais","description":"Acheter un scooter \u00e9lectrique 2Twenty au look r\u00e9tro. Moteur 2900 Watt, 65 ou 130km d'autonomie avec 1 ou 2 batterie amovible. On garantie tout pendant 2 ans","robots":{"index":"index","follow":"follow","max-snippet":"max-snippet:-1","max-image-preview":"max-image-preview:large","max-video-preview":"max-video-preview:-1"},"canonical":"https:\/\/www.2twentyscooters.com\/be\/produit\/scooter-2twenty-roma-2900-50-cc-gris-argente\/","og_locale":"fr_FR","og_type":"article","og_title":"Achat scooter \u00e9lectrique au look r\u00e9tro. 2Twenty est un deux roues fran\u00e7ais","og_description":"Acheter un scooter \u00e9lectrique 2Twenty au look r\u00e9tro. Moteur 2900 Watt, 65 ou 130km d'autonomie avec 1 ou 2 batterie amovible. On garantie tout pendant 2 ans","og_url":"https:\/\/www.2twentyscooters.com\/produit\/scooter-2twenty-roma-2900-50-cc-gris-argente\/","og_site_name":"2Twenty Scooter \u00e9lectrique","article_modified_time":"2023-05-29T15:47:02+00:00","og_image":[{"width":800,"height":600,"url":"https:\/\/www.2twentyscooters.com\/wp-content\/uploads\/2021\/01\/Scooter-gris-B-800x600-optimisee.jpg","type":"image\/jpeg"}],"twitter_card":"summary","twitter_misc":{"Dur\u00e9e de lecture est.":"3 minutes"},"schema":{"@context":"https:\/\/schema.org","@graph":[{"@type":"Organization","@id":"https:\/\/www.2twentyscooters.com\/en\/#organization","name":"2twentyscooters","url":"https:\/\/www.2twentyscooters.com\/en\/","sameAs":[],"logo":{"@type":"ImageObject","@id":"https:\/\/www.2twentyscooters.com\/en\/#logo","inLanguage":"fr-BE","url":"https:\/\/www.2twentyscooters.com\/wp-content\/uploads\/2022\/03\/2twenty-scooters-logo.png","contentUrl":"https:\/\/www.2twentyscooters.com\/wp-content\/uploads\/2022\/03\/2twenty-scooters-logo.png","width":342,"height":55,"caption":"2twentyscooters"},"image":{"@id":"https:\/\/www.2twentyscooters.com\/en\/#logo"}},{"@type":"WebSite","@id":"https:\/\/www.2twentyscooters.com\/en\/#website","url":"https:\/\/www.2twentyscooters.com\/en\/","name":"2Twenty Scooter \u00e9lectrique","description":"","publisher":{"@id":"https:\/\/www.2twentyscooters.com\/en\/#organization"},"potentialAction":[{"@type":"SearchAction","target":{"@type":"EntryPoint","urlTemplate":"https:\/\/www.2twentyscooters.com\/en\/?s={search_term_string}"},"query-input":"required name=search_term_string"}],"inLanguage":"fr-BE"},{"@type":"ImageObject","@id":"https:\/\/www.2twentyscooters.com\/produit\/scooter-2twenty-roma-2900-50-cc-gris-argente\/#primaryimage","inLanguage":"fr-BE","url":"https:\/\/www.2twentyscooters.com\/wp-content\/uploads\/2021\/01\/Scooter-gris-B-800x600-optimisee.jpg","contentUrl":"https:\/\/www.2twentyscooters.com\/wp-content\/uploads\/2021\/01\/Scooter-gris-B-800x600-optimisee.jpg","width":800,"height":600},{"@type":"WebPage","@id":"https:\/\/www.2twentyscooters.com\/produit\/scooter-2twenty-roma-2900-50-cc-gris-argente\/#webpage","url":"https:\/\/www.2twentyscooters.com\/produit\/scooter-2twenty-roma-2900-50-cc-gris-argente\/","name":"Achat scooter \u00e9lectrique au look r\u00e9tro. 2Twenty est un deux roues fran\u00e7ais","isPartOf":{"@id":"https:\/\/www.2twentyscooters.com\/en\/#website"},"primaryImageOfPage":{"@id":"https:\/\/www.2twentyscooters.com\/produit\/scooter-2twenty-roma-2900-50-cc-gris-argente\/#primaryimage"},"datePublished":"2017-04-17T14:07:43+00:00","dateModified":"2023-05-29T15:47:02+00:00","description":"Acheter un scooter \u00e9lectrique 2Twenty au look r\u00e9tro. Moteur 2900 Watt, 65 ou 130km d'autonomie avec 1 ou 2 batterie amovible. On garantie tout pendant 2 ans","breadcrumb":{"@id":"https:\/\/www.2twentyscooters.com\/produit\/scooter-2twenty-roma-2900-50-cc-gris-argente\/#breadcrumb"},"inLanguage":"fr-BE","potentialAction":[{"@type":"ReadAction","target":["https:\/\/www.2twentyscooters.com\/produit\/scooter-2twenty-roma-2900-50-cc-gris-argente\/"]}]},{"@type":"BreadcrumbList","@id":"https:\/\/www.2twentyscooters.com\/produit\/scooter-2twenty-roma-2900-50-cc-gris-argente\/#breadcrumb","itemListElement":[{"@type":"ListItem","position":1,"name":"Home","item":"https:\/\/www.2twentyscooters.com\/be\/"},{"@type":"ListItem","position":2,"name":"Boutique","item":"https:\/\/www.2twentyscooters.com\/be\/boutique\/"},{"@type":"ListItem","position":3,"name":"Scooters","item":"https:\/\/www.2twentyscooters.com\/be\/categorie-produit\/scooters\/"},{"@type":"ListItem","position":4,"name":"Scooter 2Twenty Roma 2900 &#8211; Gris Argent\u00e9"}]}]}},"_links":{"self":[{"href":"https:\/\/www.2twentyscooters.com\/be\/wp-json\/wp\/v2\/product\/41750"}],"collection":[{"href":"https:\/\/www.2twentyscooters.com\/be\/wp-json\/wp\/v2\/product"}],"about":[{"href":"https:\/\/www.2twentyscooters.com\/be\/wp-json\/wp\/v2\/types\/product"}],"replies":[{"embeddable":true,"href":"https:\/\/www.2twentyscooters.com\/be\/wp-json\/wp\/v2\/comments?post=41750"}],"version-history":[{"count":0,"href":"https:\/\/www.2twentyscooters.com\/be\/wp-json\/wp\/v2\/product\/41750\/revisions"}],"wp:featuredmedia":[{"embeddable":true,"href":"https:\/\/www.2twentyscooters.com\/be\/wp-json\/wp\/v2\/media\/40188"}],"wp:attachment":[{"href":"https:\/\/www.2twentyscooters.com\/be\/wp-json\/wp\/v2\/media?parent=41750"}],"wp:term":[{"taxonomy":"product_cat","embeddable":true,"href":"https:\/\/www.2twentyscooters.com\/be\/wp-json\/wp\/v2\/product_cat?post=41750"},{"taxonomy":"product_tag","embeddable":true,"href":"https:\/\/www.2twentyscooters.com\/be\/wp-json\/wp\/v2\/product_tag?post=41750"}],"curies":[{"name":"wp","href":"https:\/\/api.w.org\/{rel}","templated":true}]}}