{"id":41573,"date":"2018-07-27T10:05:18","date_gmt":"2018-07-27T08:05:18","guid":{"rendered":"https:\/\/www.2twentyscooters.com\/produit\/scooter-2twenty-roma-noir\/"},"modified":"2023-05-29T17:49:44","modified_gmt":"2023-05-29T15:49:44","slug":"scooter-2twenty-roma-noir","status":"publish","type":"product","link":"https:\/\/www.2twentyscooters.com\/be\/produit\/scooter-2twenty-roma-noir\/","title":{"rendered":"Scooter 2Twenty Roma 2900 &#8211; Noir"},"content":{"rendered":"<p>Voici notre dernier mod\u00e8le Roma 2900, s\u00e9rie 3 (S3). De nombreuses am\u00e9liorations ont \u00e9t\u00e9 faites : la batterie est plus l\u00e9g\u00e8re (10 Kg) et dispose d\u2019un t\u00e9moin de charge \u00e0 LED, le tableau de bord est en couleur avec niveau de charge pr\u00e9cis affich\u00e9 en %, nouveaux amortisseurs chrom\u00e9s, phare avant &amp; arri\u00e8re \u00e0 LED basse consommation et repose-pieds en aluminium anodis\u00e9.<br \/>\nNous avons augment\u00e9 la puissance du moteur qui est d\u00e9sormais de 2 900 watts ce qui permet une tr\u00e8s bonne reprise et d\u2019avantage de couple. Le freinage est compos\u00e9 de 2 freins \u00e0 disques \u00e0 double piston permettant un freinage d\u2019urgence en toute s\u00e9curit\u00e9. Autre am\u00e9lioration : deux modes d\u2019acc\u00e9l\u00e9ration : sport et \u00e9co.<br \/>\nPar contre, nous n\u2019avons rien chang\u00e9 \u00e0 son look r\u00e9tro des ann\u00e9es 50 qui fait tout son charme.<br \/>\nEt comme avant, il n\u2019y a toujours pas besoin de faire des r\u00e9visions. Les batteries Lithium se logent sous la selle. Il suffit de la brancher et on peut rouler ! La recharge de la batterie peut se faire chez soi ou ailleurs sur une prise normale sur laquelle se branche le chargeur.<br \/>\nOn peut embarquer 1 ou 2 batteries de 72V\/20Ah permettant une autonomie de 50 km avec une batterie ou 100 km avec les deux. Nous avons rajout\u00e9 une fonction TRIP que l\u2019on peut remettre \u00e0 0 \u00e0 l\u2019aide d\u2019un bouton sur la poign\u00e9e droite.<br \/>\nLe scooter est \u00e9quip\u00e9 d\u2019un porte-bagages arri\u00e8re renforc\u00e9 (d\u00e9j\u00e0 mont\u00e9). Il y a possibilit\u00e9 de rajouter un porte bagages avant (inclus dans la livraison mais non mont\u00e9).<br \/>\nSur la plan administratif, le scooter Roma est \u00e9quivalent \u00e0 un 50cc thermique et ne n\u00e9cessite donc pas de permis de conduire.<\/p>\n<p><a href=\"https:\/\/www.2twentyscooters.com\/wp-content\/uploads\/2021\/05\/Manuel-Utilisation-2Twenty-Roma-2900-Belgique.pdf\" target=\"_blank\" rel=\"noopener noreferrer\"><span style=\"color: #339966;\"><strong>T\u00e9l\u00e9c<\/strong><strong>harger mode d&#8217;emploi :<\/strong><\/span> Manuel utilisation 2Twenty Roma 2900 &#8211; S3<\/a><br \/>\n<a href=\"https:\/\/www.2twentyscooters.com\/tutoriels-dinstallation-et-reparation\/\" target=\"_blank\" rel=\"noopener noreferrer\"><span style=\"color: #339966;\"><strong>Tutoriels d&rsquo;installation et de r\u00e9parations<\/strong> :\u00a0<\/span>Tutoriels<\/a><\/p>\n<p><strong>INFO TECHNIQUE :<\/strong><\/p>\n<p>&#8211; Vitesse max : 45 km\/h<br \/>\n&#8211; Autonomie : 50 km avec une batterie, 100 km avec deux batteries<br \/>\n&#8211; Garantie : 2 ans (scooter et batterie)<br \/>\n&#8211; 2 modes : sport (acc\u00e9l\u00e9ration forte) ou \u00e9conomie d&rsquo;\u00e9nergie (acc\u00e9l\u00e9ration douce) &#8211; <a href=\"https:\/\/youtu.be\/g5Cn0TvuDmk\">cliquez ici pour voir le proc\u00e9d\u00e9<\/a><br \/>\n&#8211; Batterie Lithium amovible 72V\/20 Ah avec t\u00e9moin de charge \u00e0 LED int\u00e9gr\u00e9. Possibilit\u00e9 d&rsquo;en mettre deux c\u00f4te \u00e0 c\u00f4te.<br \/>\n&#8211; Niveau de charge pr\u00e9cis indiqu\u00e9 en % sur le compteur (BMS communiquant) + fonction TRIP avec bouton de droite sur le guidon<br \/>\n&#8211; Temps de charge : 50% en 2 h et 100% en 6 h. On peut brancher le chargeur directement sur la batterie ou sur la prise plac\u00e9e dans la bo\u00eete \u00e0 gants lat\u00e9rale.<br \/>\n&#8211; Nombre de cycles : 900 (soit environ 40 000 km)<br \/>\n&#8211; Puissance moteur : 2 900 Watts<br \/>\n&#8211; Couple moteur : 60 Nm<br \/>\n&#8211; Consommation\/100 km : 2,8 kWh<br \/>\n&#8211; Frein avant et arri\u00e8re \u00e0 disque avec \u00e9trier hydraulique \u00e0 double piston<br \/>\n&#8211; Amortisseurs avant chrom\u00e9s \u00e0 ressort &amp; piston<br \/>\n&#8211; Phares avant et arri\u00e8re \u00e0 LED basse consommation<br \/>\n&#8211; Pneus : 3,5-10&Prime; Tubeless<br \/>\n&#8211; Pression pneu : avant 2,3 bar \/ arri\u00e8re 2,5 bar<br \/>\n&#8211; Poids (avec batterie) : 80 kg<br \/>\n&#8211; Poids de la batterie : 10 kg<br \/>\n&#8211; Poids maximum embarqu\u00e9 : 150 Kg<br \/>\n&#8211; Longueur 187 cm<br \/>\n&#8211; Largeur : 75 cm<br \/>\n&#8211; Hauteur : 108,5 cm (sch\u00e9ma joint)<br \/>\n&#8211; Hauteur de selle : 81 cm<\/p>\n<p><strong>Important<\/strong> : bien v\u00e9rifier la pression des pneus : 2,3 bar \u00e0 l\u2019avant et 2,5 bar \u00e0 l\u2019arri\u00e8re. Si les pneus ne sont pas suffisamment gonfl\u00e9s, cela diminue la vitesse max ainsi que l\u2019autonomie.<\/p>\n","protected":false},"excerpt":{"rendered":"<p>Scooter \u00e9lectrique \u00e0 deux places, sans permis, \u00e9quivalent 50 cc<br \/>\n&#8211; Vitesse max : 45 km\/h<br \/>\n&#8211; Puissance : 2 900 Watts<br \/>\n&#8211; Autonomie : 50 km avec 1 batterie, 100 km avec 2 batteries<br \/>\n&#8211; Batterie au Lithium amovible 10 Kg<br \/>\n&#8211; Dur\u00e9e de vie de la batterie : 900 cycles (environ 40 000 km)<br \/>\n&#8211; Garantie deux ans (scooter et batterie)<\/p>\n","protected":false},"featured_media":40074,"comment_status":"closed","ping_status":"closed","template":"","meta":[],"product_cat":[490],"product_tag":[],"yoast_head":"<!-- This site is optimized with the Yoast SEO plugin v18.4.1 - https:\/\/yoast.com\/wordpress\/plugins\/seo\/ -->\n<title>Achat scooter \u00e9lectrique au look r\u00e9tro. 2Twenty est un deux roues fran\u00e7ais<\/title>\n<meta name=\"description\" content=\"Acheter un scooter \u00e9lectrique 2Twenty au look r\u00e9tro. Moteur 2900 Watt, 65 ou 130km d&#039;autonomie avec 1 ou 2 batterie amovible. On garantie tout pendant 2 ans\" \/>\n<meta name=\"robots\" content=\"index, follow, max-snippet:-1, max-image-preview:large, max-video-preview:-1\" \/>\n<link rel=\"canonical\" href=\"https:\/\/www.2twentyscooters.com\/be\/produit\/scooter-2twenty-roma-2900-50-cc-noir\/\" \/>\n<meta property=\"og:locale\" content=\"fr_FR\" \/>\n<meta property=\"og:type\" content=\"article\" \/>\n<meta property=\"og:title\" content=\"Achat scooter \u00e9lectrique au look r\u00e9tro. 2Twenty est un deux roues fran\u00e7ais\" \/>\n<meta property=\"og:description\" content=\"Acheter un scooter \u00e9lectrique 2Twenty au look r\u00e9tro. Moteur 2900 Watt, 65 ou 130km d&#039;autonomie avec 1 ou 2 batterie amovible. On garantie tout pendant 2 ans\" \/>\n<meta property=\"og:url\" content=\"https:\/\/www.2twentyscooters.com\/produit\/scooter-2twenty-roma-2900-50-cc-noir\/\" \/>\n<meta property=\"og:site_name\" content=\"2Twenty Scooter \u00e9lectrique\" \/>\n<meta property=\"article:modified_time\" content=\"2023-05-29T15:49:44+00:00\" \/>\n<meta property=\"og:image\" content=\"https:\/\/www.2twentyscooters.com\/wp-content\/uploads\/2021\/01\/scooter-noir-1-1.jpg\" \/>\n\t<meta property=\"og:image:width\" content=\"800\" \/>\n\t<meta property=\"og:image:height\" content=\"600\" \/>\n\t<meta property=\"og:image:type\" content=\"image\/jpeg\" \/>\n<meta name=\"twitter:card\" content=\"summary\" \/>\n<meta name=\"twitter:label1\" content=\"Dur\u00e9e de lecture est.\" \/>\n\t<meta name=\"twitter:data1\" content=\"3 minutes\" \/>\n<script type=\"application\/ld+json\" class=\"yoast-schema-graph\">{\"@context\":\"https:\/\/schema.org\",\"@graph\":[{\"@type\":\"Organization\",\"@id\":\"https:\/\/www.2twentyscooters.com\/en\/#organization\",\"name\":\"2twentyscooters\",\"url\":\"https:\/\/www.2twentyscooters.com\/en\/\",\"sameAs\":[],\"logo\":{\"@type\":\"ImageObject\",\"@id\":\"https:\/\/www.2twentyscooters.com\/en\/#logo\",\"inLanguage\":\"fr-BE\",\"url\":\"https:\/\/www.2twentyscooters.com\/wp-content\/uploads\/2022\/03\/2twenty-scooters-logo.png\",\"contentUrl\":\"https:\/\/www.2twentyscooters.com\/wp-content\/uploads\/2022\/03\/2twenty-scooters-logo.png\",\"width\":342,\"height\":55,\"caption\":\"2twentyscooters\"},\"image\":{\"@id\":\"https:\/\/www.2twentyscooters.com\/en\/#logo\"}},{\"@type\":\"WebSite\",\"@id\":\"https:\/\/www.2twentyscooters.com\/en\/#website\",\"url\":\"https:\/\/www.2twentyscooters.com\/en\/\",\"name\":\"2Twenty Scooter \u00e9lectrique\",\"description\":\"\",\"publisher\":{\"@id\":\"https:\/\/www.2twentyscooters.com\/en\/#organization\"},\"potentialAction\":[{\"@type\":\"SearchAction\",\"target\":{\"@type\":\"EntryPoint\",\"urlTemplate\":\"https:\/\/www.2twentyscooters.com\/en\/?s={search_term_string}\"},\"query-input\":\"required name=search_term_string\"}],\"inLanguage\":\"fr-BE\"},{\"@type\":\"ImageObject\",\"@id\":\"https:\/\/www.2twentyscooters.com\/produit\/scooter-2twenty-roma-2900-50-cc-noir\/#primaryimage\",\"inLanguage\":\"fr-BE\",\"url\":\"https:\/\/www.2twentyscooters.com\/wp-content\/uploads\/2021\/01\/scooter-noir-1-1.jpg\",\"contentUrl\":\"https:\/\/www.2twentyscooters.com\/wp-content\/uploads\/2021\/01\/scooter-noir-1-1.jpg\",\"width\":800,\"height\":600},{\"@type\":\"WebPage\",\"@id\":\"https:\/\/www.2twentyscooters.com\/produit\/scooter-2twenty-roma-2900-50-cc-noir\/#webpage\",\"url\":\"https:\/\/www.2twentyscooters.com\/produit\/scooter-2twenty-roma-2900-50-cc-noir\/\",\"name\":\"Achat scooter \u00e9lectrique au look r\u00e9tro. 2Twenty est un deux roues fran\u00e7ais\",\"isPartOf\":{\"@id\":\"https:\/\/www.2twentyscooters.com\/en\/#website\"},\"primaryImageOfPage\":{\"@id\":\"https:\/\/www.2twentyscooters.com\/produit\/scooter-2twenty-roma-2900-50-cc-noir\/#primaryimage\"},\"datePublished\":\"2018-07-27T08:05:18+00:00\",\"dateModified\":\"2023-05-29T15:49:44+00:00\",\"description\":\"Acheter un scooter \u00e9lectrique 2Twenty au look r\u00e9tro. Moteur 2900 Watt, 65 ou 130km d'autonomie avec 1 ou 2 batterie amovible. On garantie tout pendant 2 ans\",\"breadcrumb\":{\"@id\":\"https:\/\/www.2twentyscooters.com\/produit\/scooter-2twenty-roma-2900-50-cc-noir\/#breadcrumb\"},\"inLanguage\":\"fr-BE\",\"potentialAction\":[{\"@type\":\"ReadAction\",\"target\":[\"https:\/\/www.2twentyscooters.com\/produit\/scooter-2twenty-roma-2900-50-cc-noir\/\"]}]},{\"@type\":\"BreadcrumbList\",\"@id\":\"https:\/\/www.2twentyscooters.com\/produit\/scooter-2twenty-roma-2900-50-cc-noir\/#breadcrumb\",\"itemListElement\":[{\"@type\":\"ListItem\",\"position\":1,\"name\":\"Home\",\"item\":\"https:\/\/www.2twentyscooters.com\/be\/\"},{\"@type\":\"ListItem\",\"position\":2,\"name\":\"Boutique\",\"item\":\"https:\/\/www.2twentyscooters.com\/be\/boutique\/\"},{\"@type\":\"ListItem\",\"position\":3,\"name\":\"Scooters\",\"item\":\"https:\/\/www.2twentyscooters.com\/be\/categorie-produit\/scooters\/\"},{\"@type\":\"ListItem\",\"position\":4,\"name\":\"Scooter 2Twenty Roma 2900 &#8211; Noir\"}]}]}<\/script>\n<!-- \/ Yoast SEO plugin. -->","yoast_head_json":{"title":"Achat scooter \u00e9lectrique au look r\u00e9tro. 2Twenty est un deux roues fran\u00e7ais","description":"Acheter un scooter \u00e9lectrique 2Twenty au look r\u00e9tro. Moteur 2900 Watt, 65 ou 130km d'autonomie avec 1 ou 2 batterie amovible. On garantie tout pendant 2 ans","robots":{"index":"index","follow":"follow","max-snippet":"max-snippet:-1","max-image-preview":"max-image-preview:large","max-video-preview":"max-video-preview:-1"},"canonical":"https:\/\/www.2twentyscooters.com\/be\/produit\/scooter-2twenty-roma-2900-50-cc-noir\/","og_locale":"fr_FR","og_type":"article","og_title":"Achat scooter \u00e9lectrique au look r\u00e9tro. 2Twenty est un deux roues fran\u00e7ais","og_description":"Acheter un scooter \u00e9lectrique 2Twenty au look r\u00e9tro. Moteur 2900 Watt, 65 ou 130km d'autonomie avec 1 ou 2 batterie amovible. On garantie tout pendant 2 ans","og_url":"https:\/\/www.2twentyscooters.com\/produit\/scooter-2twenty-roma-2900-50-cc-noir\/","og_site_name":"2Twenty Scooter \u00e9lectrique","article_modified_time":"2023-05-29T15:49:44+00:00","og_image":[{"width":800,"height":600,"url":"https:\/\/www.2twentyscooters.com\/wp-content\/uploads\/2021\/01\/scooter-noir-1-1.jpg","type":"image\/jpeg"}],"twitter_card":"summary","twitter_misc":{"Dur\u00e9e de lecture est.":"3 minutes"},"schema":{"@context":"https:\/\/schema.org","@graph":[{"@type":"Organization","@id":"https:\/\/www.2twentyscooters.com\/en\/#organization","name":"2twentyscooters","url":"https:\/\/www.2twentyscooters.com\/en\/","sameAs":[],"logo":{"@type":"ImageObject","@id":"https:\/\/www.2twentyscooters.com\/en\/#logo","inLanguage":"fr-BE","url":"https:\/\/www.2twentyscooters.com\/wp-content\/uploads\/2022\/03\/2twenty-scooters-logo.png","contentUrl":"https:\/\/www.2twentyscooters.com\/wp-content\/uploads\/2022\/03\/2twenty-scooters-logo.png","width":342,"height":55,"caption":"2twentyscooters"},"image":{"@id":"https:\/\/www.2twentyscooters.com\/en\/#logo"}},{"@type":"WebSite","@id":"https:\/\/www.2twentyscooters.com\/en\/#website","url":"https:\/\/www.2twentyscooters.com\/en\/","name":"2Twenty Scooter \u00e9lectrique","description":"","publisher":{"@id":"https:\/\/www.2twentyscooters.com\/en\/#organization"},"potentialAction":[{"@type":"SearchAction","target":{"@type":"EntryPoint","urlTemplate":"https:\/\/www.2twentyscooters.com\/en\/?s={search_term_string}"},"query-input":"required name=search_term_string"}],"inLanguage":"fr-BE"},{"@type":"ImageObject","@id":"https:\/\/www.2twentyscooters.com\/produit\/scooter-2twenty-roma-2900-50-cc-noir\/#primaryimage","inLanguage":"fr-BE","url":"https:\/\/www.2twentyscooters.com\/wp-content\/uploads\/2021\/01\/scooter-noir-1-1.jpg","contentUrl":"https:\/\/www.2twentyscooters.com\/wp-content\/uploads\/2021\/01\/scooter-noir-1-1.jpg","width":800,"height":600},{"@type":"WebPage","@id":"https:\/\/www.2twentyscooters.com\/produit\/scooter-2twenty-roma-2900-50-cc-noir\/#webpage","url":"https:\/\/www.2twentyscooters.com\/produit\/scooter-2twenty-roma-2900-50-cc-noir\/","name":"Achat scooter \u00e9lectrique au look r\u00e9tro. 2Twenty est un deux roues fran\u00e7ais","isPartOf":{"@id":"https:\/\/www.2twentyscooters.com\/en\/#website"},"primaryImageOfPage":{"@id":"https:\/\/www.2twentyscooters.com\/produit\/scooter-2twenty-roma-2900-50-cc-noir\/#primaryimage"},"datePublished":"2018-07-27T08:05:18+00:00","dateModified":"2023-05-29T15:49:44+00:00","description":"Acheter un scooter \u00e9lectrique 2Twenty au look r\u00e9tro. Moteur 2900 Watt, 65 ou 130km d'autonomie avec 1 ou 2 batterie amovible. On garantie tout pendant 2 ans","breadcrumb":{"@id":"https:\/\/www.2twentyscooters.com\/produit\/scooter-2twenty-roma-2900-50-cc-noir\/#breadcrumb"},"inLanguage":"fr-BE","potentialAction":[{"@type":"ReadAction","target":["https:\/\/www.2twentyscooters.com\/produit\/scooter-2twenty-roma-2900-50-cc-noir\/"]}]},{"@type":"BreadcrumbList","@id":"https:\/\/www.2twentyscooters.com\/produit\/scooter-2twenty-roma-2900-50-cc-noir\/#breadcrumb","itemListElement":[{"@type":"ListItem","position":1,"name":"Home","item":"https:\/\/www.2twentyscooters.com\/be\/"},{"@type":"ListItem","position":2,"name":"Boutique","item":"https:\/\/www.2twentyscooters.com\/be\/boutique\/"},{"@type":"ListItem","position":3,"name":"Scooters","item":"https:\/\/www.2twentyscooters.com\/be\/categorie-produit\/scooters\/"},{"@type":"ListItem","position":4,"name":"Scooter 2Twenty Roma 2900 &#8211; Noir"}]}]}},"_links":{"self":[{"href":"https:\/\/www.2twentyscooters.com\/be\/wp-json\/wp\/v2\/product\/41573"}],"collection":[{"href":"https:\/\/www.2twentyscooters.com\/be\/wp-json\/wp\/v2\/product"}],"about":[{"href":"https:\/\/www.2twentyscooters.com\/be\/wp-json\/wp\/v2\/types\/product"}],"replies":[{"embeddable":true,"href":"https:\/\/www.2twentyscooters.com\/be\/wp-json\/wp\/v2\/comments?post=41573"}],"version-history":[{"count":0,"href":"https:\/\/www.2twentyscooters.com\/be\/wp-json\/wp\/v2\/product\/41573\/revisions"}],"wp:featuredmedia":[{"embeddable":true,"href":"https:\/\/www.2twentyscooters.com\/be\/wp-json\/wp\/v2\/media\/40074"}],"wp:attachment":[{"href":"https:\/\/www.2twentyscooters.com\/be\/wp-json\/wp\/v2\/media?parent=41573"}],"wp:term":[{"taxonomy":"product_cat","embeddable":true,"href":"https:\/\/www.2twentyscooters.com\/be\/wp-json\/wp\/v2\/product_cat?post=41573"},{"taxonomy":"product_tag","embeddable":true,"href":"https:\/\/www.2twentyscooters.com\/be\/wp-json\/wp\/v2\/product_tag?post=41573"}],"curies":[{"name":"wp","href":"https:\/\/api.w.org\/{rel}","templated":true}]}}