{"id":41550,"date":"2018-10-03T12:55:31","date_gmt":"2018-10-03T10:55:31","guid":{"rendered":"https:\/\/www.2twentyscooters.com\/produit\/tablier-2twenty-tucano-urbano\/"},"modified":"2018-10-03T12:55:31","modified_gmt":"2018-10-03T10:55:31","slug":"tablier-2twenty-tucano-urbano","status":"publish","type":"product","link":"https:\/\/www.2twentyscooters.com\/be\/produit\/tablier-2twenty-tucano-urbano\/","title":{"rendered":"Tablier 2Twenty Tucano Urbano"},"content":{"rendered":"<p>Avec ce tablier vous serez pr\u00eat \u00e0 braver la temp\u00eate avec votre 2Twenty !<br \/>\nElle est amovible, s&rsquo;installe et s&rsquo;enl\u00e8ve en 5 mn. Elle permet de prot\u00e9ger toute la selle \u00e0 l&rsquo;arr\u00eat et peut m\u00eame \u00eatre accroch\u00e9e autours du cou pour une protection int\u00e9grale de la t\u00eate aux pieds.<br \/>\nTucano Urbano est la r\u00e9f\u00e9rence en mati\u00e8re de tabliers imperm\u00e9ables, et c&rsquo;est pour \u00e7a que c&rsquo;est le partenaire de 2Twenty.<\/p>\n<p>Ce tablier est \u00e9quip\u00e9 du syst\u00e8me S.G.A.S (syst\u00e8me gonflable anti-flottement, brevet\u00e9), gr\u00e2ce aux chambres \u00e0 air gonflables sur les c\u00f4t\u00e9s, cet accessoire r\u00e9duit les flottements \u00e0 grande vitesse. Fabrication en trois couches pour garantir une tenue stable et la protection thermique : ext\u00e9rieur en nylon lourd \u00e0 tenue stable avec couture recouverte, membrane interne 100 % imperm\u00e9able, int\u00e9rieur doubl\u00e9, S.G.A.S. (syst\u00e8me anti-flottement brevet\u00e9), anneau antivol (seulement sur les mod\u00e8les non viss\u00e9s), grande poche pour objets, couvre-selle compris, bandes r\u00e9fl\u00e9chissantes.<\/p>\n<div class=\"nv-iframe-embed\"><iframe title=\"Installation tablier Tucano Urbano\" width=\"1200\" height=\"675\" src=\"https:\/\/www.youtube.com\/embed\/XrsuJJpBRSk?start=16&#038;feature=oembed\" frameborder=\"0\" allow=\"accelerometer; autoplay; clipboard-write; encrypted-media; gyroscope; picture-in-picture\" allowfullscreen><\/iframe><\/div>\n<p>&nbsp;<\/p>\n<p>&nbsp;<\/p>\n<div class=\"videoWrapper\"><\/div>\n","protected":false},"excerpt":{"rendered":"<p>Avec ce tablier vous serez pr\u00eat \u00e0 braver la temp\u00eate avec votre 2Twenty !<br \/>\nElle est amovible, s&rsquo;installe et s&rsquo;enl\u00e8ve en 5 mn. Elle permet de prot\u00e9ger toute la selle \u00e0 l&rsquo;arr\u00eat et peut m\u00eame \u00eatre accroch\u00e9e autours du cou pour une protection int\u00e9grale de la t\u00eate aux pieds.<br \/>\nTucano Urbano est la r\u00e9f\u00e9rence en mati\u00e8re de tabliers imperm\u00e9ables, et c&rsquo;est pour \u00e7a que c&rsquo;est le partenaire de 2Twenty.<\/p>\n","protected":false},"featured_media":39725,"comment_status":"closed","ping_status":"closed","template":"","meta":[],"product_cat":[491],"product_tag":[],"yoast_head":"<!-- This site is optimized with the Yoast SEO plugin v18.4.1 - https:\/\/yoast.com\/wordpress\/plugins\/seo\/ -->\n<title>Tablier 2Twenty Tucano Urbano imperm\u00e9able et amovible<\/title>\n<meta name=\"description\" content=\"Tablier imp\u00e9rm\u00e9able Tucano urbano pour le scooter 2Twenty Roma. Installation en 5 minutes et garantie 1 an contre le vol.\" \/>\n<meta name=\"robots\" content=\"index, follow, max-snippet:-1, max-image-preview:large, max-video-preview:-1\" \/>\n<link rel=\"canonical\" href=\"https:\/\/www.2twentyscooters.com\/be\/produit\/tablier-2twenty-tucano-urbano\/\" \/>\n<meta property=\"og:locale\" content=\"fr_FR\" \/>\n<meta property=\"og:type\" content=\"article\" \/>\n<meta property=\"og:title\" content=\"Tablier 2Twenty Tucano Urbano imperm\u00e9able et amovible\" \/>\n<meta property=\"og:description\" content=\"Tablier imp\u00e9rm\u00e9able Tucano urbano pour le scooter 2Twenty Roma. Installation en 5 minutes et garantie 1 an contre le vol.\" \/>\n<meta property=\"og:url\" content=\"https:\/\/www.2twentyscooters.com\/be\/produit\/tablier-2twenty-tucano-urbano\/\" \/>\n<meta property=\"og:site_name\" content=\"2Twenty Scooter \u00e9lectrique\" \/>\n<meta property=\"og:image\" content=\"https:\/\/www.2twentyscooters.com\/wp-content\/uploads\/2021\/01\/tablier-scooter-2.jpg\" \/>\n\t<meta property=\"og:image:width\" content=\"667\" \/>\n\t<meta property=\"og:image:height\" content=\"500\" \/>\n\t<meta property=\"og:image:type\" content=\"image\/jpeg\" \/>\n<meta name=\"twitter:card\" content=\"summary\" \/>\n<meta name=\"twitter:label1\" content=\"Dur\u00e9e de lecture est.\" \/>\n\t<meta name=\"twitter:data1\" content=\"1 minute\" \/>\n<script type=\"application\/ld+json\" class=\"yoast-schema-graph\">{\"@context\":\"https:\/\/schema.org\",\"@graph\":[{\"@type\":\"Organization\",\"@id\":\"https:\/\/www.2twentyscooters.com\/en\/#organization\",\"name\":\"2twentyscooters\",\"url\":\"https:\/\/www.2twentyscooters.com\/en\/\",\"sameAs\":[],\"logo\":{\"@type\":\"ImageObject\",\"@id\":\"https:\/\/www.2twentyscooters.com\/en\/#logo\",\"inLanguage\":\"fr-BE\",\"url\":\"https:\/\/www.2twentyscooters.com\/wp-content\/uploads\/2022\/03\/2twenty-scooters-logo.png\",\"contentUrl\":\"https:\/\/www.2twentyscooters.com\/wp-content\/uploads\/2022\/03\/2twenty-scooters-logo.png\",\"width\":342,\"height\":55,\"caption\":\"2twentyscooters\"},\"image\":{\"@id\":\"https:\/\/www.2twentyscooters.com\/en\/#logo\"}},{\"@type\":\"WebSite\",\"@id\":\"https:\/\/www.2twentyscooters.com\/en\/#website\",\"url\":\"https:\/\/www.2twentyscooters.com\/en\/\",\"name\":\"2Twenty Scooter \u00e9lectrique\",\"description\":\"\",\"publisher\":{\"@id\":\"https:\/\/www.2twentyscooters.com\/en\/#organization\"},\"potentialAction\":[{\"@type\":\"SearchAction\",\"target\":{\"@type\":\"EntryPoint\",\"urlTemplate\":\"https:\/\/www.2twentyscooters.com\/en\/?s={search_term_string}\"},\"query-input\":\"required name=search_term_string\"}],\"inLanguage\":\"fr-BE\"},{\"@type\":\"ImageObject\",\"@id\":\"https:\/\/www.2twentyscooters.com\/be\/produit\/tablier-2twenty-tucano-urbano\/#primaryimage\",\"inLanguage\":\"fr-BE\",\"url\":\"https:\/\/www.2twentyscooters.com\/wp-content\/uploads\/2021\/01\/tablier-scooter-2.jpg\",\"contentUrl\":\"https:\/\/www.2twentyscooters.com\/wp-content\/uploads\/2021\/01\/tablier-scooter-2.jpg\",\"width\":667,\"height\":500},{\"@type\":\"WebPage\",\"@id\":\"https:\/\/www.2twentyscooters.com\/be\/produit\/tablier-2twenty-tucano-urbano\/#webpage\",\"url\":\"https:\/\/www.2twentyscooters.com\/be\/produit\/tablier-2twenty-tucano-urbano\/\",\"name\":\"Tablier 2Twenty Tucano Urbano imperm\u00e9able et amovible\",\"isPartOf\":{\"@id\":\"https:\/\/www.2twentyscooters.com\/en\/#website\"},\"primaryImageOfPage\":{\"@id\":\"https:\/\/www.2twentyscooters.com\/be\/produit\/tablier-2twenty-tucano-urbano\/#primaryimage\"},\"datePublished\":\"2018-10-03T10:55:31+00:00\",\"dateModified\":\"2018-10-03T10:55:31+00:00\",\"description\":\"Tablier imp\u00e9rm\u00e9able Tucano urbano pour le scooter 2Twenty Roma. Installation en 5 minutes et garantie 1 an contre le vol.\",\"breadcrumb\":{\"@id\":\"https:\/\/www.2twentyscooters.com\/be\/produit\/tablier-2twenty-tucano-urbano\/#breadcrumb\"},\"inLanguage\":\"fr-BE\",\"potentialAction\":[{\"@type\":\"ReadAction\",\"target\":[\"https:\/\/www.2twentyscooters.com\/be\/produit\/tablier-2twenty-tucano-urbano\/\"]}]},{\"@type\":\"BreadcrumbList\",\"@id\":\"https:\/\/www.2twentyscooters.com\/be\/produit\/tablier-2twenty-tucano-urbano\/#breadcrumb\",\"itemListElement\":[{\"@type\":\"ListItem\",\"position\":1,\"name\":\"Home\",\"item\":\"https:\/\/www.2twentyscooters.com\/be\/\"},{\"@type\":\"ListItem\",\"position\":2,\"name\":\"Boutique\",\"item\":\"https:\/\/www.2twentyscooters.com\/be\/boutique\/\"},{\"@type\":\"ListItem\",\"position\":3,\"name\":\"Accessoires\",\"item\":\"https:\/\/www.2twentyscooters.com\/be\/categorie-produit\/accessoires-be\/\"},{\"@type\":\"ListItem\",\"position\":4,\"name\":\"Tablier 2Twenty Tucano Urbano\"}]}]}<\/script>\n<!-- \/ Yoast SEO plugin. -->","yoast_head_json":{"title":"Tablier 2Twenty Tucano Urbano imperm\u00e9able et amovible","description":"Tablier imp\u00e9rm\u00e9able Tucano urbano pour le scooter 2Twenty Roma. Installation en 5 minutes et garantie 1 an contre le vol.","robots":{"index":"index","follow":"follow","max-snippet":"max-snippet:-1","max-image-preview":"max-image-preview:large","max-video-preview":"max-video-preview:-1"},"canonical":"https:\/\/www.2twentyscooters.com\/be\/produit\/tablier-2twenty-tucano-urbano\/","og_locale":"fr_FR","og_type":"article","og_title":"Tablier 2Twenty Tucano Urbano imperm\u00e9able et amovible","og_description":"Tablier imp\u00e9rm\u00e9able Tucano urbano pour le scooter 2Twenty Roma. Installation en 5 minutes et garantie 1 an contre le vol.","og_url":"https:\/\/www.2twentyscooters.com\/be\/produit\/tablier-2twenty-tucano-urbano\/","og_site_name":"2Twenty Scooter \u00e9lectrique","og_image":[{"width":667,"height":500,"url":"https:\/\/www.2twentyscooters.com\/wp-content\/uploads\/2021\/01\/tablier-scooter-2.jpg","type":"image\/jpeg"}],"twitter_card":"summary","twitter_misc":{"Dur\u00e9e de lecture est.":"1 minute"},"schema":{"@context":"https:\/\/schema.org","@graph":[{"@type":"Organization","@id":"https:\/\/www.2twentyscooters.com\/en\/#organization","name":"2twentyscooters","url":"https:\/\/www.2twentyscooters.com\/en\/","sameAs":[],"logo":{"@type":"ImageObject","@id":"https:\/\/www.2twentyscooters.com\/en\/#logo","inLanguage":"fr-BE","url":"https:\/\/www.2twentyscooters.com\/wp-content\/uploads\/2022\/03\/2twenty-scooters-logo.png","contentUrl":"https:\/\/www.2twentyscooters.com\/wp-content\/uploads\/2022\/03\/2twenty-scooters-logo.png","width":342,"height":55,"caption":"2twentyscooters"},"image":{"@id":"https:\/\/www.2twentyscooters.com\/en\/#logo"}},{"@type":"WebSite","@id":"https:\/\/www.2twentyscooters.com\/en\/#website","url":"https:\/\/www.2twentyscooters.com\/en\/","name":"2Twenty Scooter \u00e9lectrique","description":"","publisher":{"@id":"https:\/\/www.2twentyscooters.com\/en\/#organization"},"potentialAction":[{"@type":"SearchAction","target":{"@type":"EntryPoint","urlTemplate":"https:\/\/www.2twentyscooters.com\/en\/?s={search_term_string}"},"query-input":"required name=search_term_string"}],"inLanguage":"fr-BE"},{"@type":"ImageObject","@id":"https:\/\/www.2twentyscooters.com\/be\/produit\/tablier-2twenty-tucano-urbano\/#primaryimage","inLanguage":"fr-BE","url":"https:\/\/www.2twentyscooters.com\/wp-content\/uploads\/2021\/01\/tablier-scooter-2.jpg","contentUrl":"https:\/\/www.2twentyscooters.com\/wp-content\/uploads\/2021\/01\/tablier-scooter-2.jpg","width":667,"height":500},{"@type":"WebPage","@id":"https:\/\/www.2twentyscooters.com\/be\/produit\/tablier-2twenty-tucano-urbano\/#webpage","url":"https:\/\/www.2twentyscooters.com\/be\/produit\/tablier-2twenty-tucano-urbano\/","name":"Tablier 2Twenty Tucano Urbano imperm\u00e9able et amovible","isPartOf":{"@id":"https:\/\/www.2twentyscooters.com\/en\/#website"},"primaryImageOfPage":{"@id":"https:\/\/www.2twentyscooters.com\/be\/produit\/tablier-2twenty-tucano-urbano\/#primaryimage"},"datePublished":"2018-10-03T10:55:31+00:00","dateModified":"2018-10-03T10:55:31+00:00","description":"Tablier imp\u00e9rm\u00e9able Tucano urbano pour le scooter 2Twenty Roma. Installation en 5 minutes et garantie 1 an contre le vol.","breadcrumb":{"@id":"https:\/\/www.2twentyscooters.com\/be\/produit\/tablier-2twenty-tucano-urbano\/#breadcrumb"},"inLanguage":"fr-BE","potentialAction":[{"@type":"ReadAction","target":["https:\/\/www.2twentyscooters.com\/be\/produit\/tablier-2twenty-tucano-urbano\/"]}]},{"@type":"BreadcrumbList","@id":"https:\/\/www.2twentyscooters.com\/be\/produit\/tablier-2twenty-tucano-urbano\/#breadcrumb","itemListElement":[{"@type":"ListItem","position":1,"name":"Home","item":"https:\/\/www.2twentyscooters.com\/be\/"},{"@type":"ListItem","position":2,"name":"Boutique","item":"https:\/\/www.2twentyscooters.com\/be\/boutique\/"},{"@type":"ListItem","position":3,"name":"Accessoires","item":"https:\/\/www.2twentyscooters.com\/be\/categorie-produit\/accessoires-be\/"},{"@type":"ListItem","position":4,"name":"Tablier 2Twenty Tucano Urbano"}]}]}},"_links":{"self":[{"href":"https:\/\/www.2twentyscooters.com\/be\/wp-json\/wp\/v2\/product\/41550"}],"collection":[{"href":"https:\/\/www.2twentyscooters.com\/be\/wp-json\/wp\/v2\/product"}],"about":[{"href":"https:\/\/www.2twentyscooters.com\/be\/wp-json\/wp\/v2\/types\/product"}],"replies":[{"embeddable":true,"href":"https:\/\/www.2twentyscooters.com\/be\/wp-json\/wp\/v2\/comments?post=41550"}],"version-history":[{"count":0,"href":"https:\/\/www.2twentyscooters.com\/be\/wp-json\/wp\/v2\/product\/41550\/revisions"}],"wp:featuredmedia":[{"embeddable":true,"href":"https:\/\/www.2twentyscooters.com\/be\/wp-json\/wp\/v2\/media\/39725"}],"wp:attachment":[{"href":"https:\/\/www.2twentyscooters.com\/be\/wp-json\/wp\/v2\/media?parent=41550"}],"wp:term":[{"taxonomy":"product_cat","embeddable":true,"href":"https:\/\/www.2twentyscooters.com\/be\/wp-json\/wp\/v2\/product_cat?post=41550"},{"taxonomy":"product_tag","embeddable":true,"href":"https:\/\/www.2twentyscooters.com\/be\/wp-json\/wp\/v2\/product_tag?post=41550"}],"curies":[{"name":"wp","href":"https:\/\/api.w.org\/{rel}","templated":true}]}}