{"id":41396,"date":"2019-05-17T12:01:15","date_gmt":"2019-05-17T10:01:15","guid":{"rendered":"https:\/\/www.2twentyscooters.com\/produit\/antivol-2twenty-u-homologue-sra\/"},"modified":"2019-05-17T12:01:15","modified_gmt":"2019-05-17T10:01:15","slug":"antivol-2twenty-u-homologue-sra","status":"publish","type":"product","link":"https:\/\/www.2twentyscooters.com\/be\/produit\/antivol-2twenty-u-homologue-sra\/","title":{"rendered":"Antivol U homologu\u00e9 SRA (taille : M)"},"content":{"rendered":"<p>Cet antivol homologu\u00e9 prot\u00e9gera votre scooter et pour un confort \u00e0 l&rsquo;utilisation nous nous sommes assur\u00e9s qu&rsquo;il rentre sous la selle du 2Twenty dans le 2\u00e8me compartiment batterie afin de pouvoir le transporter facilement<\/p>\n<ul>\n<li>Antivol en acier cement\u00e9<\/li>\n<li>Clef double face pour plus de facilit\u00e9 \u00e0 l&rsquo;utilisation<\/li>\n<li>Anse en acier c\u00e9ment\u00e9 de diam\u00e8tre 18mm<\/li>\n<li>Homologu\u00e9 SRA C4 et donc reconnu par toutes les assurances<\/li>\n<li>Dimensions : largeur 120mm, longueur 230mm<\/li>\n<li>Dimensions ext\u00e9rieures : largeur 180 mm, longueur 290 mm<\/li>\n<li>2 clefs sont fournies<\/li>\n<\/ul>\n<p>Rien de mieux pour prot\u00e9ger votre scooter \u00e9lectrique contre le vol puisque l&rsquo;association S.R.A. d\u00e9cerne sa certification aux antivols les plus r\u00e9sistants uniquement. La plupart des assurances demandent, dans le cadre de la garantie contre le vol, l&rsquo;achat d&rsquo;un tel antivol certifi\u00e9.<\/p>\n","protected":false},"excerpt":{"rendered":"<p>Cet antivol homologu\u00e9 prot\u00e9gera votre scooter et pour un confort \u00e0 l&rsquo;utilisation nous nous sommes assur\u00e9s qu&rsquo;il rentre sous la selle du 2Twenty dans le 2\u00e8me compartiment batterie afin de pouvoir le transporter facilement<\/p>\n<ul>\n<li>Antivol en acier cement\u00e9<\/li>\n<li>Clef double face pour plus de facilit\u00e9 \u00e0 l&rsquo;utilisation<\/li>\n<li>Anse en acier c\u00e9ment\u00e9 de diam\u00e8tre 18mm<\/li>\n<li>Homologu\u00e9 SRA C4 et donc reconnu par toutes les assurances<\/li>\n<li>Dimensions : largeur 120mm, longueur 230mm<\/li>\n<li>Dimensions ext\u00e9rieures : largeur 180 mm, longueur 290 mm<\/li>\n<li>2 clefs sont fournies<\/li>\n<\/ul>\n<p>Rien de mieux pour prot\u00e9ger votre scooter \u00e9lectrique contre le vol puisque l&rsquo;association S.R.A. d\u00e9cerne sa certification aux antivols les plus r\u00e9sistants uniquement. La plupart des assurances demandent, dans le cadre de la garantie contre le vol, l&rsquo;achat d&rsquo;un tel antivol certifi\u00e9.<\/p>\n","protected":false},"featured_media":41398,"comment_status":"closed","ping_status":"closed","template":"","meta":[],"product_cat":[491],"product_tag":[],"yoast_head":"<!-- This site is optimized with the Yoast SEO plugin v18.4.1 - https:\/\/yoast.com\/wordpress\/plugins\/seo\/ -->\n<title>Antivol U homologu\u00e9 SRA (taille : M) 2Twenty scooter \u00e9lectrique<\/title>\n<meta name=\"description\" content=\"Cet antivol homologu\u00e9 prot\u00e9gera votre scooter et pour un confort \u00e0 l&#039;utilisation nous nous sommes assur\u00e9s qu&#039;il rentre sous la selle du 2Twenty dans le 2\u00e8me compartiment batterie afin de pouvoir le transporter facilement\u00a0\" \/>\n<meta name=\"robots\" content=\"index, follow, max-snippet:-1, max-image-preview:large, max-video-preview:-1\" \/>\n<link rel=\"canonical\" href=\"https:\/\/www.2twentyscooters.com\/be\/produit\/antivol-2twenty-u-homologue-sra\/\" \/>\n<meta property=\"og:locale\" content=\"fr_FR\" \/>\n<meta property=\"og:type\" content=\"article\" \/>\n<meta property=\"og:title\" content=\"Antivol U homologu\u00e9 SRA (taille : M) 2Twenty scooter \u00e9lectrique\" \/>\n<meta property=\"og:description\" content=\"Cet antivol homologu\u00e9 prot\u00e9gera votre scooter et pour un confort \u00e0 l&#039;utilisation nous nous sommes assur\u00e9s qu&#039;il rentre sous la selle du 2Twenty dans le 2\u00e8me compartiment batterie afin de pouvoir le transporter facilement\u00a0\" \/>\n<meta property=\"og:url\" content=\"https:\/\/www.2twentyscooters.com\/be\/produit\/antivol-2twenty-u-homologue-sra\/\" \/>\n<meta property=\"og:site_name\" content=\"2Twenty Scooter \u00e9lectrique\" \/>\n<meta property=\"og:image\" content=\"https:\/\/www.2twentyscooters.com\/wp-content\/uploads\/2021\/01\/Antivol-1-1.jpg\" \/>\n\t<meta property=\"og:image:width\" content=\"800\" \/>\n\t<meta property=\"og:image:height\" content=\"600\" \/>\n\t<meta property=\"og:image:type\" content=\"image\/jpeg\" \/>\n<meta name=\"twitter:card\" content=\"summary\" \/>\n<meta name=\"twitter:label1\" content=\"Dur\u00e9e de lecture est.\" \/>\n\t<meta name=\"twitter:data1\" content=\"1 minute\" \/>\n<script type=\"application\/ld+json\" class=\"yoast-schema-graph\">{\"@context\":\"https:\/\/schema.org\",\"@graph\":[{\"@type\":\"Organization\",\"@id\":\"https:\/\/www.2twentyscooters.com\/en\/#organization\",\"name\":\"2twentyscooters\",\"url\":\"https:\/\/www.2twentyscooters.com\/en\/\",\"sameAs\":[],\"logo\":{\"@type\":\"ImageObject\",\"@id\":\"https:\/\/www.2twentyscooters.com\/en\/#logo\",\"inLanguage\":\"fr-BE\",\"url\":\"https:\/\/www.2twentyscooters.com\/wp-content\/uploads\/2022\/03\/2twenty-scooters-logo.png\",\"contentUrl\":\"https:\/\/www.2twentyscooters.com\/wp-content\/uploads\/2022\/03\/2twenty-scooters-logo.png\",\"width\":342,\"height\":55,\"caption\":\"2twentyscooters\"},\"image\":{\"@id\":\"https:\/\/www.2twentyscooters.com\/en\/#logo\"}},{\"@type\":\"WebSite\",\"@id\":\"https:\/\/www.2twentyscooters.com\/en\/#website\",\"url\":\"https:\/\/www.2twentyscooters.com\/en\/\",\"name\":\"2Twenty Scooter \u00e9lectrique\",\"description\":\"\",\"publisher\":{\"@id\":\"https:\/\/www.2twentyscooters.com\/en\/#organization\"},\"potentialAction\":[{\"@type\":\"SearchAction\",\"target\":{\"@type\":\"EntryPoint\",\"urlTemplate\":\"https:\/\/www.2twentyscooters.com\/en\/?s={search_term_string}\"},\"query-input\":\"required name=search_term_string\"}],\"inLanguage\":\"fr-BE\"},{\"@type\":\"ImageObject\",\"@id\":\"https:\/\/www.2twentyscooters.com\/be\/produit\/antivol-2twenty-u-homologue-sra\/#primaryimage\",\"inLanguage\":\"fr-BE\",\"url\":\"https:\/\/www.2twentyscooters.com\/wp-content\/uploads\/2021\/01\/Antivol-1-1.jpg\",\"contentUrl\":\"https:\/\/www.2twentyscooters.com\/wp-content\/uploads\/2021\/01\/Antivol-1-1.jpg\",\"width\":800,\"height\":600},{\"@type\":\"WebPage\",\"@id\":\"https:\/\/www.2twentyscooters.com\/be\/produit\/antivol-2twenty-u-homologue-sra\/#webpage\",\"url\":\"https:\/\/www.2twentyscooters.com\/be\/produit\/antivol-2twenty-u-homologue-sra\/\",\"name\":\"Antivol U homologu\u00e9 SRA (taille : M) 2Twenty scooter \u00e9lectrique\",\"isPartOf\":{\"@id\":\"https:\/\/www.2twentyscooters.com\/en\/#website\"},\"primaryImageOfPage\":{\"@id\":\"https:\/\/www.2twentyscooters.com\/be\/produit\/antivol-2twenty-u-homologue-sra\/#primaryimage\"},\"datePublished\":\"2019-05-17T10:01:15+00:00\",\"dateModified\":\"2019-05-17T10:01:15+00:00\",\"description\":\"Cet antivol homologu\u00e9 prot\u00e9gera votre scooter et pour un confort \u00e0 l'utilisation nous nous sommes assur\u00e9s qu'il rentre sous la selle du 2Twenty dans le 2\u00e8me compartiment batterie afin de pouvoir le transporter facilement\u00a0\",\"breadcrumb\":{\"@id\":\"https:\/\/www.2twentyscooters.com\/be\/produit\/antivol-2twenty-u-homologue-sra\/#breadcrumb\"},\"inLanguage\":\"fr-BE\",\"potentialAction\":[{\"@type\":\"ReadAction\",\"target\":[\"https:\/\/www.2twentyscooters.com\/be\/produit\/antivol-2twenty-u-homologue-sra\/\"]}]},{\"@type\":\"BreadcrumbList\",\"@id\":\"https:\/\/www.2twentyscooters.com\/be\/produit\/antivol-2twenty-u-homologue-sra\/#breadcrumb\",\"itemListElement\":[{\"@type\":\"ListItem\",\"position\":1,\"name\":\"Home\",\"item\":\"https:\/\/www.2twentyscooters.com\/be\/\"},{\"@type\":\"ListItem\",\"position\":2,\"name\":\"Boutique\",\"item\":\"https:\/\/www.2twentyscooters.com\/be\/boutique\/\"},{\"@type\":\"ListItem\",\"position\":3,\"name\":\"Accessoires\",\"item\":\"https:\/\/www.2twentyscooters.com\/be\/categorie-produit\/accessoires-be\/\"},{\"@type\":\"ListItem\",\"position\":4,\"name\":\"Antivol U homologu\u00e9 SRA (taille : M)\"}]}]}<\/script>\n<!-- \/ Yoast SEO plugin. -->","yoast_head_json":{"title":"Antivol U homologu\u00e9 SRA (taille : M) 2Twenty scooter \u00e9lectrique","description":"Cet antivol homologu\u00e9 prot\u00e9gera votre scooter et pour un confort \u00e0 l'utilisation nous nous sommes assur\u00e9s qu'il rentre sous la selle du 2Twenty dans le 2\u00e8me compartiment batterie afin de pouvoir le transporter facilement\u00a0","robots":{"index":"index","follow":"follow","max-snippet":"max-snippet:-1","max-image-preview":"max-image-preview:large","max-video-preview":"max-video-preview:-1"},"canonical":"https:\/\/www.2twentyscooters.com\/be\/produit\/antivol-2twenty-u-homologue-sra\/","og_locale":"fr_FR","og_type":"article","og_title":"Antivol U homologu\u00e9 SRA (taille : M) 2Twenty scooter \u00e9lectrique","og_description":"Cet antivol homologu\u00e9 prot\u00e9gera votre scooter et pour un confort \u00e0 l'utilisation nous nous sommes assur\u00e9s qu'il rentre sous la selle du 2Twenty dans le 2\u00e8me compartiment batterie afin de pouvoir le transporter facilement\u00a0","og_url":"https:\/\/www.2twentyscooters.com\/be\/produit\/antivol-2twenty-u-homologue-sra\/","og_site_name":"2Twenty Scooter \u00e9lectrique","og_image":[{"width":800,"height":600,"url":"https:\/\/www.2twentyscooters.com\/wp-content\/uploads\/2021\/01\/Antivol-1-1.jpg","type":"image\/jpeg"}],"twitter_card":"summary","twitter_misc":{"Dur\u00e9e de lecture est.":"1 minute"},"schema":{"@context":"https:\/\/schema.org","@graph":[{"@type":"Organization","@id":"https:\/\/www.2twentyscooters.com\/en\/#organization","name":"2twentyscooters","url":"https:\/\/www.2twentyscooters.com\/en\/","sameAs":[],"logo":{"@type":"ImageObject","@id":"https:\/\/www.2twentyscooters.com\/en\/#logo","inLanguage":"fr-BE","url":"https:\/\/www.2twentyscooters.com\/wp-content\/uploads\/2022\/03\/2twenty-scooters-logo.png","contentUrl":"https:\/\/www.2twentyscooters.com\/wp-content\/uploads\/2022\/03\/2twenty-scooters-logo.png","width":342,"height":55,"caption":"2twentyscooters"},"image":{"@id":"https:\/\/www.2twentyscooters.com\/en\/#logo"}},{"@type":"WebSite","@id":"https:\/\/www.2twentyscooters.com\/en\/#website","url":"https:\/\/www.2twentyscooters.com\/en\/","name":"2Twenty Scooter \u00e9lectrique","description":"","publisher":{"@id":"https:\/\/www.2twentyscooters.com\/en\/#organization"},"potentialAction":[{"@type":"SearchAction","target":{"@type":"EntryPoint","urlTemplate":"https:\/\/www.2twentyscooters.com\/en\/?s={search_term_string}"},"query-input":"required name=search_term_string"}],"inLanguage":"fr-BE"},{"@type":"ImageObject","@id":"https:\/\/www.2twentyscooters.com\/be\/produit\/antivol-2twenty-u-homologue-sra\/#primaryimage","inLanguage":"fr-BE","url":"https:\/\/www.2twentyscooters.com\/wp-content\/uploads\/2021\/01\/Antivol-1-1.jpg","contentUrl":"https:\/\/www.2twentyscooters.com\/wp-content\/uploads\/2021\/01\/Antivol-1-1.jpg","width":800,"height":600},{"@type":"WebPage","@id":"https:\/\/www.2twentyscooters.com\/be\/produit\/antivol-2twenty-u-homologue-sra\/#webpage","url":"https:\/\/www.2twentyscooters.com\/be\/produit\/antivol-2twenty-u-homologue-sra\/","name":"Antivol U homologu\u00e9 SRA (taille : M) 2Twenty scooter \u00e9lectrique","isPartOf":{"@id":"https:\/\/www.2twentyscooters.com\/en\/#website"},"primaryImageOfPage":{"@id":"https:\/\/www.2twentyscooters.com\/be\/produit\/antivol-2twenty-u-homologue-sra\/#primaryimage"},"datePublished":"2019-05-17T10:01:15+00:00","dateModified":"2019-05-17T10:01:15+00:00","description":"Cet antivol homologu\u00e9 prot\u00e9gera votre scooter et pour un confort \u00e0 l'utilisation nous nous sommes assur\u00e9s qu'il rentre sous la selle du 2Twenty dans le 2\u00e8me compartiment batterie afin de pouvoir le transporter facilement\u00a0","breadcrumb":{"@id":"https:\/\/www.2twentyscooters.com\/be\/produit\/antivol-2twenty-u-homologue-sra\/#breadcrumb"},"inLanguage":"fr-BE","potentialAction":[{"@type":"ReadAction","target":["https:\/\/www.2twentyscooters.com\/be\/produit\/antivol-2twenty-u-homologue-sra\/"]}]},{"@type":"BreadcrumbList","@id":"https:\/\/www.2twentyscooters.com\/be\/produit\/antivol-2twenty-u-homologue-sra\/#breadcrumb","itemListElement":[{"@type":"ListItem","position":1,"name":"Home","item":"https:\/\/www.2twentyscooters.com\/be\/"},{"@type":"ListItem","position":2,"name":"Boutique","item":"https:\/\/www.2twentyscooters.com\/be\/boutique\/"},{"@type":"ListItem","position":3,"name":"Accessoires","item":"https:\/\/www.2twentyscooters.com\/be\/categorie-produit\/accessoires-be\/"},{"@type":"ListItem","position":4,"name":"Antivol U homologu\u00e9 SRA (taille : M)"}]}]}},"_links":{"self":[{"href":"https:\/\/www.2twentyscooters.com\/be\/wp-json\/wp\/v2\/product\/41396"}],"collection":[{"href":"https:\/\/www.2twentyscooters.com\/be\/wp-json\/wp\/v2\/product"}],"about":[{"href":"https:\/\/www.2twentyscooters.com\/be\/wp-json\/wp\/v2\/types\/product"}],"replies":[{"embeddable":true,"href":"https:\/\/www.2twentyscooters.com\/be\/wp-json\/wp\/v2\/comments?post=41396"}],"version-history":[{"count":0,"href":"https:\/\/www.2twentyscooters.com\/be\/wp-json\/wp\/v2\/product\/41396\/revisions"}],"wp:featuredmedia":[{"embeddable":true,"href":"https:\/\/www.2twentyscooters.com\/be\/wp-json\/wp\/v2\/media\/41398"}],"wp:attachment":[{"href":"https:\/\/www.2twentyscooters.com\/be\/wp-json\/wp\/v2\/media?parent=41396"}],"wp:term":[{"taxonomy":"product_cat","embeddable":true,"href":"https:\/\/www.2twentyscooters.com\/be\/wp-json\/wp\/v2\/product_cat?post=41396"},{"taxonomy":"product_tag","embeddable":true,"href":"https:\/\/www.2twentyscooters.com\/be\/wp-json\/wp\/v2\/product_tag?post=41396"}],"curies":[{"name":"wp","href":"https:\/\/api.w.org\/{rel}","templated":true}]}}