{"id":41360,"date":"2019-07-26T08:30:05","date_gmt":"2019-07-26T06:30:05","guid":{"rendered":"https:\/\/www.2twentyscooters.com\/produit\/chargeur-rapide-72v-2h\/"},"modified":"2021-05-11T18:18:43","modified_gmt":"2021-05-11T16:18:43","slug":"chargeur-rapide-72v-2h","status":"publish","type":"product","link":"https:\/\/www.2twentyscooters.com\/be\/produit\/chargeur-rapide-72v-2h\/","title":{"rendered":"Chargeur rapide (2h)  72V-10A"},"content":{"rendered":"<p>Chargeur rapide (2h) 72V-10A de batterie Lithium 2Twenty, pour s<span class=\"a-list-item\">cooter \u00e9lectrique Roma. Se branche sur prise standard 220 V. <\/span><\/p>\n<ul>\n<li><span data-spm-anchor-id=\"a2g0w.12010108.1000023.i1.50a61dc56QBqvS\">Mod\u00e8le de charge: AC\/DC<\/span><\/li>\n<li><span data-spm-anchor-id=\"a2g0w.12010108.1000023.i3.50a61dc56QBqvS\">ENTR\u00c9E : AC 180-240 V ~10A\u00a0 50 \u2500 60 Hz (prise standard 220 V) <\/span><\/li>\n<li>SORTIE : 84.0 V \u2500 10A Max, 840W<\/li>\n<li>Dimensions : 210 x 165 x 50 mm<\/li>\n<li>T\u00e9moins de charge LED. LED allum\u00e9 rouge : en charge. LED allum\u00e9 vert : 100% charg\u00e9 ou d\u00e9connect\u00e9.<\/li>\n<li>Temps de charge : 2 heures<\/li>\n<\/ul>\n<p>&nbsp;<\/p>\n","protected":false},"excerpt":{"rendered":"<p>Chargeur rapide (2h) 72V-10A\u00a0 de batterie Lithium 2Twenty pour scooter \u00e9lectrique Roma.<\/p>\n","protected":false},"featured_media":37608,"comment_status":"closed","ping_status":"closed","template":"","meta":[],"product_cat":[114],"product_tag":[],"yoast_head":"<!-- This site is optimized with the Yoast SEO plugin v18.4.1 - https:\/\/yoast.com\/wordpress\/plugins\/seo\/ -->\n<title>Chargeur rapide (2h) 72V-10A<\/title>\n<meta name=\"robots\" content=\"index, follow, max-snippet:-1, max-image-preview:large, max-video-preview:-1\" \/>\n<link rel=\"canonical\" href=\"https:\/\/www.2twentyscooters.com\/be\/produit\/chargeur-rapide-72v-2h\/\" \/>\n<meta property=\"og:locale\" content=\"fr_FR\" \/>\n<meta property=\"og:type\" content=\"article\" \/>\n<meta property=\"og:title\" content=\"Chargeur rapide (2h) 72V-10A\" \/>\n<meta property=\"og:description\" content=\"Chargeur rapide (2h) 72V-10A\u00a0 de batterie Lithium 2Twenty pour scooter \u00e9lectrique Roma.\" \/>\n<meta property=\"og:url\" content=\"https:\/\/www.2twentyscooters.com\/be\/produit\/chargeur-rapide-72v-2h\/\" \/>\n<meta property=\"og:site_name\" content=\"2Twenty Scooter \u00e9lectrique\" \/>\n<meta property=\"article:modified_time\" content=\"2021-05-11T16:18:43+00:00\" \/>\n<meta property=\"og:image\" content=\"https:\/\/www.2twentyscooters.com\/wp-content\/uploads\/2021\/03\/Chargeur-rapide-1.jpg\" \/>\n\t<meta property=\"og:image:width\" content=\"800\" \/>\n\t<meta property=\"og:image:height\" content=\"600\" \/>\n\t<meta property=\"og:image:type\" content=\"image\/jpeg\" \/>\n<meta name=\"twitter:card\" content=\"summary\" \/>\n<meta name=\"twitter:label1\" content=\"Dur\u00e9e de lecture est.\" \/>\n\t<meta name=\"twitter:data1\" content=\"1 minute\" \/>\n<script type=\"application\/ld+json\" class=\"yoast-schema-graph\">{\"@context\":\"https:\/\/schema.org\",\"@graph\":[{\"@type\":\"Organization\",\"@id\":\"https:\/\/www.2twentyscooters.com\/en\/#organization\",\"name\":\"2twentyscooters\",\"url\":\"https:\/\/www.2twentyscooters.com\/en\/\",\"sameAs\":[],\"logo\":{\"@type\":\"ImageObject\",\"@id\":\"https:\/\/www.2twentyscooters.com\/en\/#logo\",\"inLanguage\":\"fr-BE\",\"url\":\"https:\/\/www.2twentyscooters.com\/wp-content\/uploads\/2022\/03\/2twenty-scooters-logo.png\",\"contentUrl\":\"https:\/\/www.2twentyscooters.com\/wp-content\/uploads\/2022\/03\/2twenty-scooters-logo.png\",\"width\":342,\"height\":55,\"caption\":\"2twentyscooters\"},\"image\":{\"@id\":\"https:\/\/www.2twentyscooters.com\/en\/#logo\"}},{\"@type\":\"WebSite\",\"@id\":\"https:\/\/www.2twentyscooters.com\/en\/#website\",\"url\":\"https:\/\/www.2twentyscooters.com\/en\/\",\"name\":\"2Twenty Scooter \u00e9lectrique\",\"description\":\"\",\"publisher\":{\"@id\":\"https:\/\/www.2twentyscooters.com\/en\/#organization\"},\"potentialAction\":[{\"@type\":\"SearchAction\",\"target\":{\"@type\":\"EntryPoint\",\"urlTemplate\":\"https:\/\/www.2twentyscooters.com\/en\/?s={search_term_string}\"},\"query-input\":\"required name=search_term_string\"}],\"inLanguage\":\"fr-BE\"},{\"@type\":\"ImageObject\",\"@id\":\"https:\/\/www.2twentyscooters.com\/be\/produit\/chargeur-rapide-72v-2h\/#primaryimage\",\"inLanguage\":\"fr-BE\",\"url\":\"https:\/\/www.2twentyscooters.com\/wp-content\/uploads\/2021\/03\/Chargeur-rapide-1.jpg\",\"contentUrl\":\"https:\/\/www.2twentyscooters.com\/wp-content\/uploads\/2021\/03\/Chargeur-rapide-1.jpg\",\"width\":800,\"height\":600},{\"@type\":\"WebPage\",\"@id\":\"https:\/\/www.2twentyscooters.com\/be\/produit\/chargeur-rapide-72v-2h\/#webpage\",\"url\":\"https:\/\/www.2twentyscooters.com\/be\/produit\/chargeur-rapide-72v-2h\/\",\"name\":\"Chargeur rapide (2h) 72V-10A\",\"isPartOf\":{\"@id\":\"https:\/\/www.2twentyscooters.com\/en\/#website\"},\"primaryImageOfPage\":{\"@id\":\"https:\/\/www.2twentyscooters.com\/be\/produit\/chargeur-rapide-72v-2h\/#primaryimage\"},\"datePublished\":\"2019-07-26T06:30:05+00:00\",\"dateModified\":\"2021-05-11T16:18:43+00:00\",\"breadcrumb\":{\"@id\":\"https:\/\/www.2twentyscooters.com\/be\/produit\/chargeur-rapide-72v-2h\/#breadcrumb\"},\"inLanguage\":\"fr-BE\",\"potentialAction\":[{\"@type\":\"ReadAction\",\"target\":[\"https:\/\/www.2twentyscooters.com\/be\/produit\/chargeur-rapide-72v-2h\/\"]}]},{\"@type\":\"BreadcrumbList\",\"@id\":\"https:\/\/www.2twentyscooters.com\/be\/produit\/chargeur-rapide-72v-2h\/#breadcrumb\",\"itemListElement\":[{\"@type\":\"ListItem\",\"position\":1,\"name\":\"Home\",\"item\":\"https:\/\/www.2twentyscooters.com\/be\/\"},{\"@type\":\"ListItem\",\"position\":2,\"name\":\"Boutique\",\"item\":\"https:\/\/www.2twentyscooters.com\/be\/boutique\/\"},{\"@type\":\"ListItem\",\"position\":3,\"name\":\"Accessoires\",\"item\":\"https:\/\/www.2twentyscooters.com\/be\/categorie-produit\/accessoires-be\/\"},{\"@type\":\"ListItem\",\"position\":4,\"name\":\"Chargeur rapide (2h) 72V-10A\"}]}]}<\/script>\n<!-- \/ Yoast SEO plugin. -->","yoast_head_json":{"title":"Chargeur rapide (2h) 72V-10A","robots":{"index":"index","follow":"follow","max-snippet":"max-snippet:-1","max-image-preview":"max-image-preview:large","max-video-preview":"max-video-preview:-1"},"canonical":"https:\/\/www.2twentyscooters.com\/be\/produit\/chargeur-rapide-72v-2h\/","og_locale":"fr_FR","og_type":"article","og_title":"Chargeur rapide (2h) 72V-10A","og_description":"Chargeur rapide (2h) 72V-10A\u00a0 de batterie Lithium 2Twenty pour scooter \u00e9lectrique Roma.","og_url":"https:\/\/www.2twentyscooters.com\/be\/produit\/chargeur-rapide-72v-2h\/","og_site_name":"2Twenty Scooter \u00e9lectrique","article_modified_time":"2021-05-11T16:18:43+00:00","og_image":[{"width":800,"height":600,"url":"https:\/\/www.2twentyscooters.com\/wp-content\/uploads\/2021\/03\/Chargeur-rapide-1.jpg","type":"image\/jpeg"}],"twitter_card":"summary","twitter_misc":{"Dur\u00e9e de lecture est.":"1 minute"},"schema":{"@context":"https:\/\/schema.org","@graph":[{"@type":"Organization","@id":"https:\/\/www.2twentyscooters.com\/en\/#organization","name":"2twentyscooters","url":"https:\/\/www.2twentyscooters.com\/en\/","sameAs":[],"logo":{"@type":"ImageObject","@id":"https:\/\/www.2twentyscooters.com\/en\/#logo","inLanguage":"fr-BE","url":"https:\/\/www.2twentyscooters.com\/wp-content\/uploads\/2022\/03\/2twenty-scooters-logo.png","contentUrl":"https:\/\/www.2twentyscooters.com\/wp-content\/uploads\/2022\/03\/2twenty-scooters-logo.png","width":342,"height":55,"caption":"2twentyscooters"},"image":{"@id":"https:\/\/www.2twentyscooters.com\/en\/#logo"}},{"@type":"WebSite","@id":"https:\/\/www.2twentyscooters.com\/en\/#website","url":"https:\/\/www.2twentyscooters.com\/en\/","name":"2Twenty Scooter \u00e9lectrique","description":"","publisher":{"@id":"https:\/\/www.2twentyscooters.com\/en\/#organization"},"potentialAction":[{"@type":"SearchAction","target":{"@type":"EntryPoint","urlTemplate":"https:\/\/www.2twentyscooters.com\/en\/?s={search_term_string}"},"query-input":"required name=search_term_string"}],"inLanguage":"fr-BE"},{"@type":"ImageObject","@id":"https:\/\/www.2twentyscooters.com\/be\/produit\/chargeur-rapide-72v-2h\/#primaryimage","inLanguage":"fr-BE","url":"https:\/\/www.2twentyscooters.com\/wp-content\/uploads\/2021\/03\/Chargeur-rapide-1.jpg","contentUrl":"https:\/\/www.2twentyscooters.com\/wp-content\/uploads\/2021\/03\/Chargeur-rapide-1.jpg","width":800,"height":600},{"@type":"WebPage","@id":"https:\/\/www.2twentyscooters.com\/be\/produit\/chargeur-rapide-72v-2h\/#webpage","url":"https:\/\/www.2twentyscooters.com\/be\/produit\/chargeur-rapide-72v-2h\/","name":"Chargeur rapide (2h) 72V-10A","isPartOf":{"@id":"https:\/\/www.2twentyscooters.com\/en\/#website"},"primaryImageOfPage":{"@id":"https:\/\/www.2twentyscooters.com\/be\/produit\/chargeur-rapide-72v-2h\/#primaryimage"},"datePublished":"2019-07-26T06:30:05+00:00","dateModified":"2021-05-11T16:18:43+00:00","breadcrumb":{"@id":"https:\/\/www.2twentyscooters.com\/be\/produit\/chargeur-rapide-72v-2h\/#breadcrumb"},"inLanguage":"fr-BE","potentialAction":[{"@type":"ReadAction","target":["https:\/\/www.2twentyscooters.com\/be\/produit\/chargeur-rapide-72v-2h\/"]}]},{"@type":"BreadcrumbList","@id":"https:\/\/www.2twentyscooters.com\/be\/produit\/chargeur-rapide-72v-2h\/#breadcrumb","itemListElement":[{"@type":"ListItem","position":1,"name":"Home","item":"https:\/\/www.2twentyscooters.com\/be\/"},{"@type":"ListItem","position":2,"name":"Boutique","item":"https:\/\/www.2twentyscooters.com\/be\/boutique\/"},{"@type":"ListItem","position":3,"name":"Accessoires","item":"https:\/\/www.2twentyscooters.com\/be\/categorie-produit\/accessoires-be\/"},{"@type":"ListItem","position":4,"name":"Chargeur rapide (2h) 72V-10A"}]}]}},"_links":{"self":[{"href":"https:\/\/www.2twentyscooters.com\/be\/wp-json\/wp\/v2\/product\/41360"}],"collection":[{"href":"https:\/\/www.2twentyscooters.com\/be\/wp-json\/wp\/v2\/product"}],"about":[{"href":"https:\/\/www.2twentyscooters.com\/be\/wp-json\/wp\/v2\/types\/product"}],"replies":[{"embeddable":true,"href":"https:\/\/www.2twentyscooters.com\/be\/wp-json\/wp\/v2\/comments?post=41360"}],"version-history":[{"count":0,"href":"https:\/\/www.2twentyscooters.com\/be\/wp-json\/wp\/v2\/product\/41360\/revisions"}],"wp:featuredmedia":[{"embeddable":true,"href":"https:\/\/www.2twentyscooters.com\/be\/wp-json\/wp\/v2\/media\/37608"}],"wp:attachment":[{"href":"https:\/\/www.2twentyscooters.com\/be\/wp-json\/wp\/v2\/media?parent=41360"}],"wp:term":[{"taxonomy":"product_cat","embeddable":true,"href":"https:\/\/www.2twentyscooters.com\/be\/wp-json\/wp\/v2\/product_cat?post=41360"},{"taxonomy":"product_tag","embeddable":true,"href":"https:\/\/www.2twentyscooters.com\/be\/wp-json\/wp\/v2\/product_tag?post=41360"}],"curies":[{"name":"wp","href":"https:\/\/api.w.org\/{rel}","templated":true}]}}