{"id":41358,"date":"2019-07-26T10:00:52","date_gmt":"2019-07-26T08:00:52","guid":{"rendered":"https:\/\/www.2twentyscooters.com\/produit\/batterie-lithium-72v-s2-supplementaire\/"},"modified":"2019-07-26T10:00:52","modified_gmt":"2019-07-26T08:00:52","slug":"batterie-lithium-72v-s2-supplementaire","status":"publish","type":"product","link":"https:\/\/www.2twentyscooters.com\/be\/produit\/batterie-lithium-72v-s2-supplementaire\/","title":{"rendered":"Batterie Lithium 72V-S2 suppl\u00e9mentaire"},"content":{"rendered":"<p>Batterie Lithium 72V-S2 amovible 2Twenty<\/p>\n<p><strong>Info technique :<\/strong><\/p>\n<p>Compatibilit\u00e9 : scooter \u00e9lectrique 2Twenty Roma S2<br \/>\nConnecteur : Anderson<br \/>\nAutonomie :\u00a0 50 km par batterie (jusqu&rsquo;\u00e0 2 batteries dans le scooter)<br \/>\nCapacit\u00e9 : 72 V\/20 Ah &#8211; 1 440 Wh<br \/>\nPoids : 11 kg<br \/>\nTemps de charge : 6 heures<\/p>\n<p>Dimensions :<br \/>\nHauteur 38 cm \/ Largeur 21 cm \/ Profondeur 7 cm<\/p>\n<p>Exp\u00e9di\u00e9 dans emballage s\u00e9curis\u00e9 anti-choc<\/p>\n","protected":false},"excerpt":{"rendered":"<p>Le scooter 2Twenty Roma est livr\u00e9 avec une batterie 72V\/20Ah qui donne une autonomie d&rsquo;environ 50 km.<br \/>\nComme il est possible de loger 2 batteries dans le logement batterie, vous avez la possibilit\u00e9 de vous \u00e9quiper d&rsquo;une batterie suppl\u00e9mentaire donnant ainsi \u00e0 votre scooter une autonomie de 100 km environ.<br \/>\nRechargeable 100% en 6h (50% en 2h) \u00e0 la maison comme au bureau avec le chargeur 2Twenty.<\/p>\n","protected":false},"featured_media":39159,"comment_status":"closed","ping_status":"closed","template":"","meta":[],"product_cat":[114],"product_tag":[],"yoast_head":"<!-- This site is optimized with the Yoast SEO plugin v18.4.1 - https:\/\/yoast.com\/wordpress\/plugins\/seo\/ -->\n<title>Batterie Lithium 72V-S2 suppl\u00e9mentaire<\/title>\n<meta name=\"robots\" content=\"index, follow, max-snippet:-1, max-image-preview:large, max-video-preview:-1\" \/>\n<link rel=\"canonical\" href=\"https:\/\/www.2twentyscooters.com\/be\/produit\/batterie-lithium-72v-s2-supplementaire\/\" \/>\n<meta property=\"og:locale\" content=\"fr_FR\" \/>\n<meta property=\"og:type\" content=\"article\" \/>\n<meta property=\"og:title\" content=\"Batterie Lithium 72V-S2 suppl\u00e9mentaire\" \/>\n<meta property=\"og:description\" content=\"Le scooter 2Twenty Roma est livr\u00e9 avec une batterie 72V\/20Ah qui donne une autonomie d&#039;environ 50 km. Comme il est possible de loger 2 batteries dans le logement batterie, vous avez la possibilit\u00e9 de vous \u00e9quiper d&#039;une batterie suppl\u00e9mentaire donnant ainsi \u00e0 votre scooter une autonomie de 100 km environ. Rechargeable 100% en 6h (50% en 2h) \u00e0 la maison comme au bureau avec le chargeur 2Twenty.\" \/>\n<meta property=\"og:url\" content=\"https:\/\/www.2twentyscooters.com\/be\/produit\/batterie-lithium-72v-s2-supplementaire\/\" \/>\n<meta property=\"og:site_name\" content=\"2Twenty Scooter \u00e9lectrique\" \/>\n<meta property=\"og:image\" content=\"https:\/\/www.2twentyscooters.com\/wp-content\/uploads\/2021\/01\/Scooter-batterie-2.jpg\" \/>\n\t<meta property=\"og:image:width\" content=\"800\" \/>\n\t<meta property=\"og:image:height\" content=\"600\" \/>\n\t<meta property=\"og:image:type\" content=\"image\/jpeg\" \/>\n<meta name=\"twitter:card\" content=\"summary\" \/>\n<script type=\"application\/ld+json\" class=\"yoast-schema-graph\">{\"@context\":\"https:\/\/schema.org\",\"@graph\":[{\"@type\":\"Organization\",\"@id\":\"https:\/\/www.2twentyscooters.com\/en\/#organization\",\"name\":\"2twentyscooters\",\"url\":\"https:\/\/www.2twentyscooters.com\/en\/\",\"sameAs\":[],\"logo\":{\"@type\":\"ImageObject\",\"@id\":\"https:\/\/www.2twentyscooters.com\/en\/#logo\",\"inLanguage\":\"fr-BE\",\"url\":\"https:\/\/www.2twentyscooters.com\/wp-content\/uploads\/2022\/03\/2twenty-scooters-logo.png\",\"contentUrl\":\"https:\/\/www.2twentyscooters.com\/wp-content\/uploads\/2022\/03\/2twenty-scooters-logo.png\",\"width\":342,\"height\":55,\"caption\":\"2twentyscooters\"},\"image\":{\"@id\":\"https:\/\/www.2twentyscooters.com\/en\/#logo\"}},{\"@type\":\"WebSite\",\"@id\":\"https:\/\/www.2twentyscooters.com\/en\/#website\",\"url\":\"https:\/\/www.2twentyscooters.com\/en\/\",\"name\":\"2Twenty Scooter \u00e9lectrique\",\"description\":\"\",\"publisher\":{\"@id\":\"https:\/\/www.2twentyscooters.com\/en\/#organization\"},\"potentialAction\":[{\"@type\":\"SearchAction\",\"target\":{\"@type\":\"EntryPoint\",\"urlTemplate\":\"https:\/\/www.2twentyscooters.com\/en\/?s={search_term_string}\"},\"query-input\":\"required name=search_term_string\"}],\"inLanguage\":\"fr-BE\"},{\"@type\":\"ImageObject\",\"@id\":\"https:\/\/www.2twentyscooters.com\/be\/produit\/batterie-lithium-72v-s2-supplementaire\/#primaryimage\",\"inLanguage\":\"fr-BE\",\"url\":\"https:\/\/www.2twentyscooters.com\/wp-content\/uploads\/2021\/01\/Scooter-batterie-2.jpg\",\"contentUrl\":\"https:\/\/www.2twentyscooters.com\/wp-content\/uploads\/2021\/01\/Scooter-batterie-2.jpg\",\"width\":800,\"height\":600},{\"@type\":\"WebPage\",\"@id\":\"https:\/\/www.2twentyscooters.com\/be\/produit\/batterie-lithium-72v-s2-supplementaire\/#webpage\",\"url\":\"https:\/\/www.2twentyscooters.com\/be\/produit\/batterie-lithium-72v-s2-supplementaire\/\",\"name\":\"Batterie Lithium 72V-S2 suppl\u00e9mentaire\",\"isPartOf\":{\"@id\":\"https:\/\/www.2twentyscooters.com\/en\/#website\"},\"primaryImageOfPage\":{\"@id\":\"https:\/\/www.2twentyscooters.com\/be\/produit\/batterie-lithium-72v-s2-supplementaire\/#primaryimage\"},\"datePublished\":\"2019-07-26T08:00:52+00:00\",\"dateModified\":\"2019-07-26T08:00:52+00:00\",\"breadcrumb\":{\"@id\":\"https:\/\/www.2twentyscooters.com\/be\/produit\/batterie-lithium-72v-s2-supplementaire\/#breadcrumb\"},\"inLanguage\":\"fr-BE\",\"potentialAction\":[{\"@type\":\"ReadAction\",\"target\":[\"https:\/\/www.2twentyscooters.com\/be\/produit\/batterie-lithium-72v-s2-supplementaire\/\"]}]},{\"@type\":\"BreadcrumbList\",\"@id\":\"https:\/\/www.2twentyscooters.com\/be\/produit\/batterie-lithium-72v-s2-supplementaire\/#breadcrumb\",\"itemListElement\":[{\"@type\":\"ListItem\",\"position\":1,\"name\":\"Home\",\"item\":\"https:\/\/www.2twentyscooters.com\/be\/\"},{\"@type\":\"ListItem\",\"position\":2,\"name\":\"Boutique\",\"item\":\"https:\/\/www.2twentyscooters.com\/be\/boutique\/\"},{\"@type\":\"ListItem\",\"position\":3,\"name\":\"Non classifi\u00e9(e)\",\"item\":\"https:\/\/www.2twentyscooters.com\/it\/categoria-prodotto\/non-classifiee\/\"},{\"@type\":\"ListItem\",\"position\":4,\"name\":\"Batterie Lithium 72V-S2 suppl\u00e9mentaire\"}]}]}<\/script>\n<!-- \/ Yoast SEO plugin. -->","yoast_head_json":{"title":"Batterie Lithium 72V-S2 suppl\u00e9mentaire","robots":{"index":"index","follow":"follow","max-snippet":"max-snippet:-1","max-image-preview":"max-image-preview:large","max-video-preview":"max-video-preview:-1"},"canonical":"https:\/\/www.2twentyscooters.com\/be\/produit\/batterie-lithium-72v-s2-supplementaire\/","og_locale":"fr_FR","og_type":"article","og_title":"Batterie Lithium 72V-S2 suppl\u00e9mentaire","og_description":"Le scooter 2Twenty Roma est livr\u00e9 avec une batterie 72V\/20Ah qui donne une autonomie d'environ 50 km. Comme il est possible de loger 2 batteries dans le logement batterie, vous avez la possibilit\u00e9 de vous \u00e9quiper d'une batterie suppl\u00e9mentaire donnant ainsi \u00e0 votre scooter une autonomie de 100 km environ. Rechargeable 100% en 6h (50% en 2h) \u00e0 la maison comme au bureau avec le chargeur 2Twenty.","og_url":"https:\/\/www.2twentyscooters.com\/be\/produit\/batterie-lithium-72v-s2-supplementaire\/","og_site_name":"2Twenty Scooter \u00e9lectrique","og_image":[{"width":800,"height":600,"url":"https:\/\/www.2twentyscooters.com\/wp-content\/uploads\/2021\/01\/Scooter-batterie-2.jpg","type":"image\/jpeg"}],"twitter_card":"summary","schema":{"@context":"https:\/\/schema.org","@graph":[{"@type":"Organization","@id":"https:\/\/www.2twentyscooters.com\/en\/#organization","name":"2twentyscooters","url":"https:\/\/www.2twentyscooters.com\/en\/","sameAs":[],"logo":{"@type":"ImageObject","@id":"https:\/\/www.2twentyscooters.com\/en\/#logo","inLanguage":"fr-BE","url":"https:\/\/www.2twentyscooters.com\/wp-content\/uploads\/2022\/03\/2twenty-scooters-logo.png","contentUrl":"https:\/\/www.2twentyscooters.com\/wp-content\/uploads\/2022\/03\/2twenty-scooters-logo.png","width":342,"height":55,"caption":"2twentyscooters"},"image":{"@id":"https:\/\/www.2twentyscooters.com\/en\/#logo"}},{"@type":"WebSite","@id":"https:\/\/www.2twentyscooters.com\/en\/#website","url":"https:\/\/www.2twentyscooters.com\/en\/","name":"2Twenty Scooter \u00e9lectrique","description":"","publisher":{"@id":"https:\/\/www.2twentyscooters.com\/en\/#organization"},"potentialAction":[{"@type":"SearchAction","target":{"@type":"EntryPoint","urlTemplate":"https:\/\/www.2twentyscooters.com\/en\/?s={search_term_string}"},"query-input":"required name=search_term_string"}],"inLanguage":"fr-BE"},{"@type":"ImageObject","@id":"https:\/\/www.2twentyscooters.com\/be\/produit\/batterie-lithium-72v-s2-supplementaire\/#primaryimage","inLanguage":"fr-BE","url":"https:\/\/www.2twentyscooters.com\/wp-content\/uploads\/2021\/01\/Scooter-batterie-2.jpg","contentUrl":"https:\/\/www.2twentyscooters.com\/wp-content\/uploads\/2021\/01\/Scooter-batterie-2.jpg","width":800,"height":600},{"@type":"WebPage","@id":"https:\/\/www.2twentyscooters.com\/be\/produit\/batterie-lithium-72v-s2-supplementaire\/#webpage","url":"https:\/\/www.2twentyscooters.com\/be\/produit\/batterie-lithium-72v-s2-supplementaire\/","name":"Batterie Lithium 72V-S2 suppl\u00e9mentaire","isPartOf":{"@id":"https:\/\/www.2twentyscooters.com\/en\/#website"},"primaryImageOfPage":{"@id":"https:\/\/www.2twentyscooters.com\/be\/produit\/batterie-lithium-72v-s2-supplementaire\/#primaryimage"},"datePublished":"2019-07-26T08:00:52+00:00","dateModified":"2019-07-26T08:00:52+00:00","breadcrumb":{"@id":"https:\/\/www.2twentyscooters.com\/be\/produit\/batterie-lithium-72v-s2-supplementaire\/#breadcrumb"},"inLanguage":"fr-BE","potentialAction":[{"@type":"ReadAction","target":["https:\/\/www.2twentyscooters.com\/be\/produit\/batterie-lithium-72v-s2-supplementaire\/"]}]},{"@type":"BreadcrumbList","@id":"https:\/\/www.2twentyscooters.com\/be\/produit\/batterie-lithium-72v-s2-supplementaire\/#breadcrumb","itemListElement":[{"@type":"ListItem","position":1,"name":"Home","item":"https:\/\/www.2twentyscooters.com\/be\/"},{"@type":"ListItem","position":2,"name":"Boutique","item":"https:\/\/www.2twentyscooters.com\/be\/boutique\/"},{"@type":"ListItem","position":3,"name":"Non classifi\u00e9(e)","item":"https:\/\/www.2twentyscooters.com\/it\/categoria-prodotto\/non-classifiee\/"},{"@type":"ListItem","position":4,"name":"Batterie Lithium 72V-S2 suppl\u00e9mentaire"}]}]}},"_links":{"self":[{"href":"https:\/\/www.2twentyscooters.com\/be\/wp-json\/wp\/v2\/product\/41358"}],"collection":[{"href":"https:\/\/www.2twentyscooters.com\/be\/wp-json\/wp\/v2\/product"}],"about":[{"href":"https:\/\/www.2twentyscooters.com\/be\/wp-json\/wp\/v2\/types\/product"}],"replies":[{"embeddable":true,"href":"https:\/\/www.2twentyscooters.com\/be\/wp-json\/wp\/v2\/comments?post=41358"}],"version-history":[{"count":0,"href":"https:\/\/www.2twentyscooters.com\/be\/wp-json\/wp\/v2\/product\/41358\/revisions"}],"wp:featuredmedia":[{"embeddable":true,"href":"https:\/\/www.2twentyscooters.com\/be\/wp-json\/wp\/v2\/media\/39159"}],"wp:attachment":[{"href":"https:\/\/www.2twentyscooters.com\/be\/wp-json\/wp\/v2\/media?parent=41358"}],"wp:term":[{"taxonomy":"product_cat","embeddable":true,"href":"https:\/\/www.2twentyscooters.com\/be\/wp-json\/wp\/v2\/product_cat?post=41358"},{"taxonomy":"product_tag","embeddable":true,"href":"https:\/\/www.2twentyscooters.com\/be\/wp-json\/wp\/v2\/product_tag?post=41358"}],"curies":[{"name":"wp","href":"https:\/\/api.w.org\/{rel}","templated":true}]}}