{"id":41317,"date":"2019-11-25T14:48:07","date_gmt":"2019-11-25T13:48:07","guid":{"rendered":"https:\/\/www.2twentyscooters.com\/produit\/scooter-2twenty-roma-rouge\/"},"modified":"2023-05-29T17:44:09","modified_gmt":"2023-05-29T15:44:09","slug":"scooter-2twenty-roma-rouge","status":"publish","type":"product","link":"https:\/\/www.2twentyscooters.com\/be\/produit\/scooter-2twenty-roma-rouge\/","title":{"rendered":"Scooter 2Twenty Roma 2900 &#8211; Rouge"},"content":{"rendered":"<p>Voici notre nouveau mod\u00e8le Roma 2900, s\u00e9rie 3 (S3). On a travaill\u00e9 dur pour encore am\u00e9liorer les finitions et le confort : nouvelle batterie plus l\u00e9g\u00e8re (10 Kg) avec t\u00e9moin de charge \u00e0 LED, nouveaux amortisseurs, nouveau compteur avec niveau de charge plus pr\u00e9cis en %, phares avant et arri\u00e8re \u00e0 LED basse consommation, repose-pieds en aluminium anodis\u00e9.<br \/>\nLe moteur 2 900 watts dot\u00e9 d&rsquo;une patate incroyable est coupl\u00e9 \u00e0 2 freins \u00e0 disques \u00e0 double piston pour dompter cette puissance en toute s\u00e9curit\u00e9.<br \/>\nOn reste sur le m\u00eame look r\u00e9tro qu&rsquo;on ne changerait pour rien au monde. Et comme d&rsquo;habitude, il n&rsquo;y a pas besoin de faire des r\u00e9visions. Les batteries Lithium s&rsquo;int\u00e8grent sous la selle. Il suffit de la brancher et c&rsquo;est parti ! Pour la recharger, rien de plus simple : il suffit de la brancher chez soi ou ailleurs sur une prise normale.<br \/>\nOn peut embarquer 2 batteries (72V\/20Ah) pour une autonomie de 50 km chacune soit 100 km au total. De quoi faire les trajets les plus long en restant serein (on a ajout\u00e9 une fonction TRIP).<br \/>\nLe scooter est livr\u00e9 avec un porte bagages arri\u00e8re renforc\u00e9 (d\u00e9j\u00e0 mont\u00e9) et porte bagages avant (non mont\u00e9).<br \/>\nCe scooter est \u00e9quivalent 50cc et ne n\u00e9cessite donc pas de permis de conduire.<\/p>\n<p><a href=\"https:\/\/www.2twentyscooters.com\/wp-content\/uploads\/2021\/05\/Manuel-Utilisation-2Twenty-Roma-2900-Belgique.pdf\" target=\"_blank\" rel=\"noopener noreferrer\"><span style=\"color: #339966;\"><strong>T\u00e9l\u00e9c<\/strong><strong>harger mode d&#8217;emploi :<\/strong><\/span> Manuel utilisation 2Twenty Roma 2900 &#8211; S3<\/a><br \/>\n<a href=\"https:\/\/www.2twentyscooters.com\/tutoriels-dinstallation-et-reparation\/\" target=\"_blank\" rel=\"noopener noreferrer\"><strong><span style=\"color: #339966;\">Tutoriels d&rsquo;installation et de r\u00e9parations<\/span><\/strong> :\u00a0Tutoriels<\/a><\/p>\n<p><strong>INFO TECHNIQUE :<\/strong><\/p>\n<p>&#8211; Vitesse max : 45 km\/h<br \/>\n&#8211; Autonomie : 50 km avec une batterie, 100 km avec deux batteries<br \/>\n&#8211; Garantie : 2 ans (scooter et batterie)<br \/>\n&#8211; 2 modes : sport (acc\u00e9l\u00e9ration forte) ou \u00e9conomie d&rsquo;\u00e9nergie (acc\u00e9l\u00e9ration douce) &#8211; <a href=\"https:\/\/youtu.be\/g5Cn0TvuDmk\">cliquez ici pour voir le proc\u00e9d\u00e9<\/a><br \/>\n&#8211; Batterie Lithium amovible 72V\/20 Ah avec t\u00e9moin de charge \u00e0 LED int\u00e9gr\u00e9. Possibilit\u00e9 d&rsquo;en mettre deux c\u00f4te \u00e0 c\u00f4te.<br \/>\n&#8211; Niveau de charge pr\u00e9cis indiqu\u00e9 en % sur le compteur (BMS communiquant) + fonction TRIP avec bouton de droite sur le guidon<br \/>\n&#8211; Temps de charge : 50% en 2 h et 100% en 6 h. On peut brancher le chargeur directement sur la batterie ou sur la prise plac\u00e9e dans la bo\u00eete \u00e0 gants lat\u00e9rale.<br \/>\n&#8211; Nombre de cycles : 900 (soit environ 40 000 km)<br \/>\n&#8211; Puissance moteur : 2 900 Watts<br \/>\n&#8211; Couple moteur : 60 Nm<br \/>\n&#8211; Consommation\/100 km : 2,8 kWh<br \/>\n&#8211; Frein avant et arri\u00e8re \u00e0 disque avec \u00e9trier hydraulique \u00e0 double piston<br \/>\n&#8211; Amortisseurs avant chrom\u00e9s \u00e0 ressort &amp; piston<br \/>\n&#8211; Phares avant et arri\u00e8re \u00e0 LED basse consommation<br \/>\n&#8211; Pneus : 3,5-10&Prime; Tubeless<br \/>\n&#8211; Pression pneu : avant 2,3 bar \/ arri\u00e8re 2,5 bar<br \/>\n&#8211; Poids (avec batterie) : 80 kg<br \/>\n&#8211; Poids de la batterie : 10 kg<br \/>\n&#8211; Poids maximum embarqu\u00e9 : 150 Kg<br \/>\n&#8211; Longueur 187 cm<br \/>\n&#8211; Largeur : 75 cm<br \/>\n&#8211; Hauteur : 108,5 cm (sch\u00e9ma joint)<br \/>\n&#8211; Hauteur de selle : 81 cm<\/p>\n<p><strong>Important<\/strong> : bien v\u00e9rifier la pression des pneus : 2,3 bar \u00e0 l\u2019avant et 2,5 bar \u00e0 l\u2019arri\u00e8re. Si les pneus ne sont pas suffisamment gonfl\u00e9s, cela diminue la vitesse max ainsi que l\u2019autonomie.<\/p>\n","protected":false},"excerpt":{"rendered":"<p>Scooter \u00e9lectrique \u00e0 deux places, sans permis, \u00e9quivalent 50 cc<br \/>\n&#8211; Vitesse max : 45 km\/h<br \/>\n&#8211; Puissance : 2 900 Watts<br \/>\n&#8211; Autonomie : 50 km avec 1 batterie, 100 km avec 2 batteries<br \/>\n&#8211; Batterie au Lithium amovible 10 Kg<br \/>\n&#8211; Dur\u00e9e de vie de la batterie : 900 cycles (environ 40 000 km)<br \/>\n&#8211; Garantie deux ans (scooter et batterie)<\/p>\n","protected":false},"featured_media":39542,"comment_status":"closed","ping_status":"closed","template":"","meta":[],"product_cat":[490],"product_tag":[],"yoast_head":"<!-- This site is optimized with the Yoast SEO plugin v18.4.1 - https:\/\/yoast.com\/wordpress\/plugins\/seo\/ -->\n<title>Scooter \u00e9lectrique 2Twenty Roma garanti, sans permis \u00e9quivalent 50cc<\/title>\n<meta name=\"description\" content=\"Acheter un scooter \u00e9lectrique 2Twenty au look r\u00e9tro. Moteur 2900 Watt, 65 ou 130km d&#039;autonomie avec 1 ou 2 batterie amovible. On garantie tout pendant 2 ans\" \/>\n<meta name=\"robots\" content=\"index, follow, max-snippet:-1, max-image-preview:large, max-video-preview:-1\" \/>\n<link rel=\"canonical\" href=\"https:\/\/www.2twentyscooters.com\/be\/produit\/scooter-2twenty-roma-2900-equivalent-50-cc-rouge\/\" \/>\n<meta property=\"og:locale\" content=\"fr_FR\" \/>\n<meta property=\"og:type\" content=\"article\" \/>\n<meta property=\"og:title\" content=\"Scooter \u00e9lectrique 2Twenty Roma garanti, sans permis \u00e9quivalent 50cc\" \/>\n<meta property=\"og:description\" content=\"Acheter un scooter \u00e9lectrique 2Twenty au look r\u00e9tro. Moteur 2900 Watt, 65 ou 130km d&#039;autonomie avec 1 ou 2 batterie amovible. On garantie tout pendant 2 ans\" \/>\n<meta property=\"og:url\" content=\"https:\/\/www.2twentyscooters.com\/produit\/scooter-2twenty-roma-2900-equivalent-50-cc-rouge\/\" \/>\n<meta property=\"og:site_name\" content=\"2Twenty Scooter \u00e9lectrique\" \/>\n<meta property=\"article:modified_time\" content=\"2023-05-29T15:44:09+00:00\" \/>\n<meta property=\"og:image\" content=\"https:\/\/www.2twentyscooters.com\/wp-content\/uploads\/2021\/01\/Scooter-Rouge-de\u0301toure\u0301-1e.jpg\" \/>\n\t<meta property=\"og:image:width\" content=\"800\" \/>\n\t<meta property=\"og:image:height\" content=\"600\" \/>\n\t<meta property=\"og:image:type\" content=\"image\/jpeg\" \/>\n<meta name=\"twitter:card\" content=\"summary\" \/>\n<meta name=\"twitter:label1\" content=\"Dur\u00e9e de lecture est.\" \/>\n\t<meta name=\"twitter:data1\" content=\"3 minutes\" \/>\n<script type=\"application\/ld+json\" class=\"yoast-schema-graph\">{\"@context\":\"https:\/\/schema.org\",\"@graph\":[{\"@type\":\"Organization\",\"@id\":\"https:\/\/www.2twentyscooters.com\/en\/#organization\",\"name\":\"2twentyscooters\",\"url\":\"https:\/\/www.2twentyscooters.com\/en\/\",\"sameAs\":[],\"logo\":{\"@type\":\"ImageObject\",\"@id\":\"https:\/\/www.2twentyscooters.com\/en\/#logo\",\"inLanguage\":\"fr-BE\",\"url\":\"https:\/\/www.2twentyscooters.com\/wp-content\/uploads\/2022\/03\/2twenty-scooters-logo.png\",\"contentUrl\":\"https:\/\/www.2twentyscooters.com\/wp-content\/uploads\/2022\/03\/2twenty-scooters-logo.png\",\"width\":342,\"height\":55,\"caption\":\"2twentyscooters\"},\"image\":{\"@id\":\"https:\/\/www.2twentyscooters.com\/en\/#logo\"}},{\"@type\":\"WebSite\",\"@id\":\"https:\/\/www.2twentyscooters.com\/en\/#website\",\"url\":\"https:\/\/www.2twentyscooters.com\/en\/\",\"name\":\"2Twenty Scooter \u00e9lectrique\",\"description\":\"\",\"publisher\":{\"@id\":\"https:\/\/www.2twentyscooters.com\/en\/#organization\"},\"potentialAction\":[{\"@type\":\"SearchAction\",\"target\":{\"@type\":\"EntryPoint\",\"urlTemplate\":\"https:\/\/www.2twentyscooters.com\/en\/?s={search_term_string}\"},\"query-input\":\"required name=search_term_string\"}],\"inLanguage\":\"fr-BE\"},{\"@type\":\"ImageObject\",\"@id\":\"https:\/\/www.2twentyscooters.com\/produit\/scooter-2twenty-roma-2900-equivalent-50-cc-rouge\/#primaryimage\",\"inLanguage\":\"fr-BE\",\"url\":\"https:\/\/www.2twentyscooters.com\/wp-content\/uploads\/2021\/01\/Scooter-Rouge-de\u0301toure\u0301-1e.jpg\",\"contentUrl\":\"https:\/\/www.2twentyscooters.com\/wp-content\/uploads\/2021\/01\/Scooter-Rouge-de\u0301toure\u0301-1e.jpg\",\"width\":800,\"height\":600},{\"@type\":\"WebPage\",\"@id\":\"https:\/\/www.2twentyscooters.com\/produit\/scooter-2twenty-roma-2900-equivalent-50-cc-rouge\/#webpage\",\"url\":\"https:\/\/www.2twentyscooters.com\/produit\/scooter-2twenty-roma-2900-equivalent-50-cc-rouge\/\",\"name\":\"Scooter \u00e9lectrique 2Twenty Roma garanti, sans permis \u00e9quivalent 50cc\",\"isPartOf\":{\"@id\":\"https:\/\/www.2twentyscooters.com\/en\/#website\"},\"primaryImageOfPage\":{\"@id\":\"https:\/\/www.2twentyscooters.com\/produit\/scooter-2twenty-roma-2900-equivalent-50-cc-rouge\/#primaryimage\"},\"datePublished\":\"2019-11-25T13:48:07+00:00\",\"dateModified\":\"2023-05-29T15:44:09+00:00\",\"description\":\"Acheter un scooter \u00e9lectrique 2Twenty au look r\u00e9tro. Moteur 2900 Watt, 65 ou 130km d'autonomie avec 1 ou 2 batterie amovible. On garantie tout pendant 2 ans\",\"breadcrumb\":{\"@id\":\"https:\/\/www.2twentyscooters.com\/produit\/scooter-2twenty-roma-2900-equivalent-50-cc-rouge\/#breadcrumb\"},\"inLanguage\":\"fr-BE\",\"potentialAction\":[{\"@type\":\"ReadAction\",\"target\":[\"https:\/\/www.2twentyscooters.com\/produit\/scooter-2twenty-roma-2900-equivalent-50-cc-rouge\/\"]}]},{\"@type\":\"BreadcrumbList\",\"@id\":\"https:\/\/www.2twentyscooters.com\/produit\/scooter-2twenty-roma-2900-equivalent-50-cc-rouge\/#breadcrumb\",\"itemListElement\":[{\"@type\":\"ListItem\",\"position\":1,\"name\":\"Home\",\"item\":\"https:\/\/www.2twentyscooters.com\/be\/\"},{\"@type\":\"ListItem\",\"position\":2,\"name\":\"Boutique\",\"item\":\"https:\/\/www.2twentyscooters.com\/be\/boutique\/\"},{\"@type\":\"ListItem\",\"position\":3,\"name\":\"Scooters\",\"item\":\"https:\/\/www.2twentyscooters.com\/be\/categorie-produit\/scooters\/\"},{\"@type\":\"ListItem\",\"position\":4,\"name\":\"Scooter 2Twenty Roma 2900 &#8211; Rouge\"}]}]}<\/script>\n<!-- \/ Yoast SEO plugin. -->","yoast_head_json":{"title":"Scooter \u00e9lectrique 2Twenty Roma garanti, sans permis \u00e9quivalent 50cc","description":"Acheter un scooter \u00e9lectrique 2Twenty au look r\u00e9tro. Moteur 2900 Watt, 65 ou 130km d'autonomie avec 1 ou 2 batterie amovible. On garantie tout pendant 2 ans","robots":{"index":"index","follow":"follow","max-snippet":"max-snippet:-1","max-image-preview":"max-image-preview:large","max-video-preview":"max-video-preview:-1"},"canonical":"https:\/\/www.2twentyscooters.com\/be\/produit\/scooter-2twenty-roma-2900-equivalent-50-cc-rouge\/","og_locale":"fr_FR","og_type":"article","og_title":"Scooter \u00e9lectrique 2Twenty Roma garanti, sans permis \u00e9quivalent 50cc","og_description":"Acheter un scooter \u00e9lectrique 2Twenty au look r\u00e9tro. Moteur 2900 Watt, 65 ou 130km d'autonomie avec 1 ou 2 batterie amovible. On garantie tout pendant 2 ans","og_url":"https:\/\/www.2twentyscooters.com\/produit\/scooter-2twenty-roma-2900-equivalent-50-cc-rouge\/","og_site_name":"2Twenty Scooter \u00e9lectrique","article_modified_time":"2023-05-29T15:44:09+00:00","og_image":[{"width":800,"height":600,"url":"https:\/\/www.2twentyscooters.com\/wp-content\/uploads\/2021\/01\/Scooter-Rouge-de\u0301toure\u0301-1e.jpg","type":"image\/jpeg"}],"twitter_card":"summary","twitter_misc":{"Dur\u00e9e de lecture est.":"3 minutes"},"schema":{"@context":"https:\/\/schema.org","@graph":[{"@type":"Organization","@id":"https:\/\/www.2twentyscooters.com\/en\/#organization","name":"2twentyscooters","url":"https:\/\/www.2twentyscooters.com\/en\/","sameAs":[],"logo":{"@type":"ImageObject","@id":"https:\/\/www.2twentyscooters.com\/en\/#logo","inLanguage":"fr-BE","url":"https:\/\/www.2twentyscooters.com\/wp-content\/uploads\/2022\/03\/2twenty-scooters-logo.png","contentUrl":"https:\/\/www.2twentyscooters.com\/wp-content\/uploads\/2022\/03\/2twenty-scooters-logo.png","width":342,"height":55,"caption":"2twentyscooters"},"image":{"@id":"https:\/\/www.2twentyscooters.com\/en\/#logo"}},{"@type":"WebSite","@id":"https:\/\/www.2twentyscooters.com\/en\/#website","url":"https:\/\/www.2twentyscooters.com\/en\/","name":"2Twenty Scooter \u00e9lectrique","description":"","publisher":{"@id":"https:\/\/www.2twentyscooters.com\/en\/#organization"},"potentialAction":[{"@type":"SearchAction","target":{"@type":"EntryPoint","urlTemplate":"https:\/\/www.2twentyscooters.com\/en\/?s={search_term_string}"},"query-input":"required name=search_term_string"}],"inLanguage":"fr-BE"},{"@type":"ImageObject","@id":"https:\/\/www.2twentyscooters.com\/produit\/scooter-2twenty-roma-2900-equivalent-50-cc-rouge\/#primaryimage","inLanguage":"fr-BE","url":"https:\/\/www.2twentyscooters.com\/wp-content\/uploads\/2021\/01\/Scooter-Rouge-de\u0301toure\u0301-1e.jpg","contentUrl":"https:\/\/www.2twentyscooters.com\/wp-content\/uploads\/2021\/01\/Scooter-Rouge-de\u0301toure\u0301-1e.jpg","width":800,"height":600},{"@type":"WebPage","@id":"https:\/\/www.2twentyscooters.com\/produit\/scooter-2twenty-roma-2900-equivalent-50-cc-rouge\/#webpage","url":"https:\/\/www.2twentyscooters.com\/produit\/scooter-2twenty-roma-2900-equivalent-50-cc-rouge\/","name":"Scooter \u00e9lectrique 2Twenty Roma garanti, sans permis \u00e9quivalent 50cc","isPartOf":{"@id":"https:\/\/www.2twentyscooters.com\/en\/#website"},"primaryImageOfPage":{"@id":"https:\/\/www.2twentyscooters.com\/produit\/scooter-2twenty-roma-2900-equivalent-50-cc-rouge\/#primaryimage"},"datePublished":"2019-11-25T13:48:07+00:00","dateModified":"2023-05-29T15:44:09+00:00","description":"Acheter un scooter \u00e9lectrique 2Twenty au look r\u00e9tro. Moteur 2900 Watt, 65 ou 130km d'autonomie avec 1 ou 2 batterie amovible. On garantie tout pendant 2 ans","breadcrumb":{"@id":"https:\/\/www.2twentyscooters.com\/produit\/scooter-2twenty-roma-2900-equivalent-50-cc-rouge\/#breadcrumb"},"inLanguage":"fr-BE","potentialAction":[{"@type":"ReadAction","target":["https:\/\/www.2twentyscooters.com\/produit\/scooter-2twenty-roma-2900-equivalent-50-cc-rouge\/"]}]},{"@type":"BreadcrumbList","@id":"https:\/\/www.2twentyscooters.com\/produit\/scooter-2twenty-roma-2900-equivalent-50-cc-rouge\/#breadcrumb","itemListElement":[{"@type":"ListItem","position":1,"name":"Home","item":"https:\/\/www.2twentyscooters.com\/be\/"},{"@type":"ListItem","position":2,"name":"Boutique","item":"https:\/\/www.2twentyscooters.com\/be\/boutique\/"},{"@type":"ListItem","position":3,"name":"Scooters","item":"https:\/\/www.2twentyscooters.com\/be\/categorie-produit\/scooters\/"},{"@type":"ListItem","position":4,"name":"Scooter 2Twenty Roma 2900 &#8211; Rouge"}]}]}},"_links":{"self":[{"href":"https:\/\/www.2twentyscooters.com\/be\/wp-json\/wp\/v2\/product\/41317"}],"collection":[{"href":"https:\/\/www.2twentyscooters.com\/be\/wp-json\/wp\/v2\/product"}],"about":[{"href":"https:\/\/www.2twentyscooters.com\/be\/wp-json\/wp\/v2\/types\/product"}],"replies":[{"embeddable":true,"href":"https:\/\/www.2twentyscooters.com\/be\/wp-json\/wp\/v2\/comments?post=41317"}],"version-history":[{"count":0,"href":"https:\/\/www.2twentyscooters.com\/be\/wp-json\/wp\/v2\/product\/41317\/revisions"}],"wp:featuredmedia":[{"embeddable":true,"href":"https:\/\/www.2twentyscooters.com\/be\/wp-json\/wp\/v2\/media\/39542"}],"wp:attachment":[{"href":"https:\/\/www.2twentyscooters.com\/be\/wp-json\/wp\/v2\/media?parent=41317"}],"wp:term":[{"taxonomy":"product_cat","embeddable":true,"href":"https:\/\/www.2twentyscooters.com\/be\/wp-json\/wp\/v2\/product_cat?post=41317"},{"taxonomy":"product_tag","embeddable":true,"href":"https:\/\/www.2twentyscooters.com\/be\/wp-json\/wp\/v2\/product_tag?post=41317"}],"curies":[{"name":"wp","href":"https:\/\/api.w.org\/{rel}","templated":true}]}}