{"id":41261,"date":"2020-05-17T16:05:58","date_gmt":"2020-05-17T14:05:58","guid":{"rendered":"https:\/\/www.2twentyscooters.com\/produit\/selle-premium-rose-made-in-france\/"},"modified":"2020-05-17T16:05:58","modified_gmt":"2020-05-17T14:05:58","slug":"selle-premium-rose-made-in-france","status":"publish","type":"product","link":"https:\/\/www.2twentyscooters.com\/be\/produit\/selle-premium-rose-made-in-france\/","title":{"rendered":"Selle Premium \u00e0 rayures &#8211; Made in France"},"content":{"rendered":"<p>Selle Premium \u00e0 rayures fabriqu\u00e9e France.<\/p>\n<p>Disponible en rendu standard :<\/p>\n<ul>\n<li>Bordeaux<\/li>\n<li>Rose poudr\u00e9<\/li>\n<li>Marron Clair<\/li>\n<li>Marron Fonc\u00e9<\/li>\n<li>Camel<\/li>\n<li>Noir<\/li>\n<\/ul>\n<p>Ou rendu tann\u00e9 :<\/p>\n<ul>\n<li>Marron<\/li>\n<li>Beige<\/li>\n<li>Sable<\/li>\n<li>Anthracite<\/li>\n<li>Vert<\/li>\n<\/ul>\n<p>Rembourr\u00e9e avec coutures apparentes. La selle est recouverte d&rsquo;un simili cuir haut de gamme.<br \/>\nPour info, le cuir v\u00e9ritable n&rsquo;est pas adapt\u00e9 aux selles de scooter car trop expos\u00e9 \u00e0 la pluie et au soleil. Il n\u00e9cessiterait d&rsquo;\u00eatre fr\u00e9quemment trait\u00e9 au cirage ce qui n&rsquo;est pas id\u00e9al pour une selle (risque de tacher les v\u00eatements). C&rsquo;est pour cette raison que nous avons choisi un simili cuir de qualit\u00e9.<\/p>\n<p>Recommand\u00e9 : par jour de pluie mettre un couvre selle lorsque le scooter est stationn\u00e9 afin d&rsquo;\u00e9viter que l&rsquo;eau s&rsquo;infiltre dans les rembourages par les coutures.<\/p>\n<p>Possibilit\u00e9 de rajouter un nom ou logo en broderie (nous consulter).<\/p>\n<p>Vendu avec poign\u00e9es assorties.<\/p>\n","protected":false},"excerpt":{"rendered":"<p>Selle Premium made in France pour scooter \u00e9lectrique 2Twenty<\/p>\n","protected":false},"featured_media":41262,"comment_status":"closed","ping_status":"closed","template":"","meta":[],"product_cat":[491],"product_tag":[],"yoast_head":"<!-- This site is optimized with the Yoast SEO plugin v18.4.1 - https:\/\/yoast.com\/wordpress\/plugins\/seo\/ -->\n<title>Selle Premium \u00e0 rayures - Made in France<\/title>\n<meta name=\"robots\" content=\"index, follow, max-snippet:-1, max-image-preview:large, max-video-preview:-1\" \/>\n<link rel=\"canonical\" href=\"https:\/\/www.2twentyscooters.com\/be\/produit\/selle-premium-rose-made-in-france\/\" \/>\n<meta property=\"og:locale\" content=\"fr_FR\" \/>\n<meta property=\"og:type\" content=\"article\" \/>\n<meta property=\"og:title\" content=\"Selle Premium \u00e0 rayures - Made in France\" \/>\n<meta property=\"og:description\" content=\"Selle Premium made in France pour scooter \u00e9lectrique 2Twenty\" \/>\n<meta property=\"og:url\" content=\"https:\/\/www.2twentyscooters.com\/be\/produit\/selle-premium-rose-made-in-france\/\" \/>\n<meta property=\"og:site_name\" content=\"2Twenty Scooter \u00e9lectrique\" \/>\n<meta property=\"og:image\" content=\"https:\/\/www.2twentyscooters.com\/wp-content\/uploads\/2021\/01\/camel-1.jpg\" \/>\n\t<meta property=\"og:image:width\" content=\"800\" \/>\n\t<meta property=\"og:image:height\" content=\"600\" \/>\n\t<meta property=\"og:image:type\" content=\"image\/jpeg\" \/>\n<meta name=\"twitter:card\" content=\"summary\" \/>\n<meta name=\"twitter:label1\" content=\"Dur\u00e9e de lecture est.\" \/>\n\t<meta name=\"twitter:data1\" content=\"1 minute\" \/>\n<script type=\"application\/ld+json\" class=\"yoast-schema-graph\">{\"@context\":\"https:\/\/schema.org\",\"@graph\":[{\"@type\":\"Organization\",\"@id\":\"https:\/\/www.2twentyscooters.com\/en\/#organization\",\"name\":\"2twentyscooters\",\"url\":\"https:\/\/www.2twentyscooters.com\/en\/\",\"sameAs\":[],\"logo\":{\"@type\":\"ImageObject\",\"@id\":\"https:\/\/www.2twentyscooters.com\/en\/#logo\",\"inLanguage\":\"fr-BE\",\"url\":\"https:\/\/www.2twentyscooters.com\/wp-content\/uploads\/2022\/03\/2twenty-scooters-logo.png\",\"contentUrl\":\"https:\/\/www.2twentyscooters.com\/wp-content\/uploads\/2022\/03\/2twenty-scooters-logo.png\",\"width\":342,\"height\":55,\"caption\":\"2twentyscooters\"},\"image\":{\"@id\":\"https:\/\/www.2twentyscooters.com\/en\/#logo\"}},{\"@type\":\"WebSite\",\"@id\":\"https:\/\/www.2twentyscooters.com\/en\/#website\",\"url\":\"https:\/\/www.2twentyscooters.com\/en\/\",\"name\":\"2Twenty Scooter \u00e9lectrique\",\"description\":\"\",\"publisher\":{\"@id\":\"https:\/\/www.2twentyscooters.com\/en\/#organization\"},\"potentialAction\":[{\"@type\":\"SearchAction\",\"target\":{\"@type\":\"EntryPoint\",\"urlTemplate\":\"https:\/\/www.2twentyscooters.com\/en\/?s={search_term_string}\"},\"query-input\":\"required name=search_term_string\"}],\"inLanguage\":\"fr-BE\"},{\"@type\":\"ImageObject\",\"@id\":\"https:\/\/www.2twentyscooters.com\/be\/produit\/selle-premium-rose-made-in-france\/#primaryimage\",\"inLanguage\":\"fr-BE\",\"url\":\"https:\/\/www.2twentyscooters.com\/wp-content\/uploads\/2021\/01\/camel-1.jpg\",\"contentUrl\":\"https:\/\/www.2twentyscooters.com\/wp-content\/uploads\/2021\/01\/camel-1.jpg\",\"width\":800,\"height\":600},{\"@type\":\"WebPage\",\"@id\":\"https:\/\/www.2twentyscooters.com\/be\/produit\/selle-premium-rose-made-in-france\/#webpage\",\"url\":\"https:\/\/www.2twentyscooters.com\/be\/produit\/selle-premium-rose-made-in-france\/\",\"name\":\"Selle Premium \u00e0 rayures - Made in France\",\"isPartOf\":{\"@id\":\"https:\/\/www.2twentyscooters.com\/en\/#website\"},\"primaryImageOfPage\":{\"@id\":\"https:\/\/www.2twentyscooters.com\/be\/produit\/selle-premium-rose-made-in-france\/#primaryimage\"},\"datePublished\":\"2020-05-17T14:05:58+00:00\",\"dateModified\":\"2020-05-17T14:05:58+00:00\",\"breadcrumb\":{\"@id\":\"https:\/\/www.2twentyscooters.com\/be\/produit\/selle-premium-rose-made-in-france\/#breadcrumb\"},\"inLanguage\":\"fr-BE\",\"potentialAction\":[{\"@type\":\"ReadAction\",\"target\":[\"https:\/\/www.2twentyscooters.com\/be\/produit\/selle-premium-rose-made-in-france\/\"]}]},{\"@type\":\"BreadcrumbList\",\"@id\":\"https:\/\/www.2twentyscooters.com\/be\/produit\/selle-premium-rose-made-in-france\/#breadcrumb\",\"itemListElement\":[{\"@type\":\"ListItem\",\"position\":1,\"name\":\"Home\",\"item\":\"https:\/\/www.2twentyscooters.com\/be\/\"},{\"@type\":\"ListItem\",\"position\":2,\"name\":\"Boutique\",\"item\":\"https:\/\/www.2twentyscooters.com\/be\/boutique\/\"},{\"@type\":\"ListItem\",\"position\":3,\"name\":\"Accessoires\",\"item\":\"https:\/\/www.2twentyscooters.com\/categorie-produit\/accessoires\/\"},{\"@type\":\"ListItem\",\"position\":4,\"name\":\"Selle Premium \u00e0 rayures &#8211; Made in France\"}]}]}<\/script>\n<!-- \/ Yoast SEO plugin. -->","yoast_head_json":{"title":"Selle Premium \u00e0 rayures - Made in France","robots":{"index":"index","follow":"follow","max-snippet":"max-snippet:-1","max-image-preview":"max-image-preview:large","max-video-preview":"max-video-preview:-1"},"canonical":"https:\/\/www.2twentyscooters.com\/be\/produit\/selle-premium-rose-made-in-france\/","og_locale":"fr_FR","og_type":"article","og_title":"Selle Premium \u00e0 rayures - Made in France","og_description":"Selle Premium made in France pour scooter \u00e9lectrique 2Twenty","og_url":"https:\/\/www.2twentyscooters.com\/be\/produit\/selle-premium-rose-made-in-france\/","og_site_name":"2Twenty Scooter \u00e9lectrique","og_image":[{"width":800,"height":600,"url":"https:\/\/www.2twentyscooters.com\/wp-content\/uploads\/2021\/01\/camel-1.jpg","type":"image\/jpeg"}],"twitter_card":"summary","twitter_misc":{"Dur\u00e9e de lecture est.":"1 minute"},"schema":{"@context":"https:\/\/schema.org","@graph":[{"@type":"Organization","@id":"https:\/\/www.2twentyscooters.com\/en\/#organization","name":"2twentyscooters","url":"https:\/\/www.2twentyscooters.com\/en\/","sameAs":[],"logo":{"@type":"ImageObject","@id":"https:\/\/www.2twentyscooters.com\/en\/#logo","inLanguage":"fr-BE","url":"https:\/\/www.2twentyscooters.com\/wp-content\/uploads\/2022\/03\/2twenty-scooters-logo.png","contentUrl":"https:\/\/www.2twentyscooters.com\/wp-content\/uploads\/2022\/03\/2twenty-scooters-logo.png","width":342,"height":55,"caption":"2twentyscooters"},"image":{"@id":"https:\/\/www.2twentyscooters.com\/en\/#logo"}},{"@type":"WebSite","@id":"https:\/\/www.2twentyscooters.com\/en\/#website","url":"https:\/\/www.2twentyscooters.com\/en\/","name":"2Twenty Scooter \u00e9lectrique","description":"","publisher":{"@id":"https:\/\/www.2twentyscooters.com\/en\/#organization"},"potentialAction":[{"@type":"SearchAction","target":{"@type":"EntryPoint","urlTemplate":"https:\/\/www.2twentyscooters.com\/en\/?s={search_term_string}"},"query-input":"required name=search_term_string"}],"inLanguage":"fr-BE"},{"@type":"ImageObject","@id":"https:\/\/www.2twentyscooters.com\/be\/produit\/selle-premium-rose-made-in-france\/#primaryimage","inLanguage":"fr-BE","url":"https:\/\/www.2twentyscooters.com\/wp-content\/uploads\/2021\/01\/camel-1.jpg","contentUrl":"https:\/\/www.2twentyscooters.com\/wp-content\/uploads\/2021\/01\/camel-1.jpg","width":800,"height":600},{"@type":"WebPage","@id":"https:\/\/www.2twentyscooters.com\/be\/produit\/selle-premium-rose-made-in-france\/#webpage","url":"https:\/\/www.2twentyscooters.com\/be\/produit\/selle-premium-rose-made-in-france\/","name":"Selle Premium \u00e0 rayures - Made in France","isPartOf":{"@id":"https:\/\/www.2twentyscooters.com\/en\/#website"},"primaryImageOfPage":{"@id":"https:\/\/www.2twentyscooters.com\/be\/produit\/selle-premium-rose-made-in-france\/#primaryimage"},"datePublished":"2020-05-17T14:05:58+00:00","dateModified":"2020-05-17T14:05:58+00:00","breadcrumb":{"@id":"https:\/\/www.2twentyscooters.com\/be\/produit\/selle-premium-rose-made-in-france\/#breadcrumb"},"inLanguage":"fr-BE","potentialAction":[{"@type":"ReadAction","target":["https:\/\/www.2twentyscooters.com\/be\/produit\/selle-premium-rose-made-in-france\/"]}]},{"@type":"BreadcrumbList","@id":"https:\/\/www.2twentyscooters.com\/be\/produit\/selle-premium-rose-made-in-france\/#breadcrumb","itemListElement":[{"@type":"ListItem","position":1,"name":"Home","item":"https:\/\/www.2twentyscooters.com\/be\/"},{"@type":"ListItem","position":2,"name":"Boutique","item":"https:\/\/www.2twentyscooters.com\/be\/boutique\/"},{"@type":"ListItem","position":3,"name":"Accessoires","item":"https:\/\/www.2twentyscooters.com\/categorie-produit\/accessoires\/"},{"@type":"ListItem","position":4,"name":"Selle Premium \u00e0 rayures &#8211; Made in France"}]}]}},"_links":{"self":[{"href":"https:\/\/www.2twentyscooters.com\/be\/wp-json\/wp\/v2\/product\/41261"}],"collection":[{"href":"https:\/\/www.2twentyscooters.com\/be\/wp-json\/wp\/v2\/product"}],"about":[{"href":"https:\/\/www.2twentyscooters.com\/be\/wp-json\/wp\/v2\/types\/product"}],"replies":[{"embeddable":true,"href":"https:\/\/www.2twentyscooters.com\/be\/wp-json\/wp\/v2\/comments?post=41261"}],"version-history":[{"count":0,"href":"https:\/\/www.2twentyscooters.com\/be\/wp-json\/wp\/v2\/product\/41261\/revisions"}],"wp:featuredmedia":[{"embeddable":true,"href":"https:\/\/www.2twentyscooters.com\/be\/wp-json\/wp\/v2\/media\/41262"}],"wp:attachment":[{"href":"https:\/\/www.2twentyscooters.com\/be\/wp-json\/wp\/v2\/media?parent=41261"}],"wp:term":[{"taxonomy":"product_cat","embeddable":true,"href":"https:\/\/www.2twentyscooters.com\/be\/wp-json\/wp\/v2\/product_cat?post=41261"},{"taxonomy":"product_tag","embeddable":true,"href":"https:\/\/www.2twentyscooters.com\/be\/wp-json\/wp\/v2\/product_tag?post=41261"}],"curies":[{"name":"wp","href":"https:\/\/api.w.org\/{rel}","templated":true}]}}