{"id":41028,"date":"2017-09-26T10:23:11","date_gmt":"2017-09-26T08:23:11","guid":{"rendered":"https:\/\/www.2twentyscooters.com\/qui-sommes-nous\/"},"modified":"2021-05-05T15:34:02","modified_gmt":"2021-05-05T13:34:02","slug":"qui-sommes-nous","status":"publish","type":"page","link":"https:\/\/www.2twentyscooters.com\/be\/qui-sommes-nous\/","title":{"rendered":"Qui Sommes-nous"},"content":{"rendered":"\t\t<div data-elementor-type=\"wp-page\" data-elementor-id=\"41028\" class=\"elementor elementor-41028 elementor-12964\" data-elementor-settings=\"[]\">\n\t\t\t\t\t\t<div class=\"elementor-inner\">\n\t\t\t\t\t\t\t<div class=\"elementor-section-wrap\">\n\t\t\t\t\t\t\t<section class=\"elementor-section elementor-top-section elementor-element elementor-element-35fc838 elementor-section-boxed elementor-section-height-default elementor-section-height-default\" data-id=\"35fc838\" data-element_type=\"section\">\n\t\t\t\t\t\t<div class=\"elementor-container elementor-column-gap-default\">\n\t\t\t\t\t\t\t<div class=\"elementor-row\">\n\t\t\t\t\t<div class=\"elementor-column elementor-col-100 elementor-top-column elementor-element elementor-element-32b9794\" data-id=\"32b9794\" data-element_type=\"column\">\n\t\t\t<div class=\"elementor-column-wrap elementor-element-populated\">\n\t\t\t\t\t\t\t<div class=\"elementor-widget-wrap\">\n\t\t\t\t\t\t<div class=\"elementor-element elementor-element-35f98ab elementor-widget elementor-widget-heading\" data-id=\"35f98ab\" data-element_type=\"widget\" data-widget_type=\"heading.default\">\n\t\t\t\t<div class=\"elementor-widget-container\">\n\t\t\t<h1 class=\"elementor-heading-title elementor-size-default\">QUI SOMMES-NOUS ?<\/h1>\t\t<\/div>\n\t\t\t\t<\/div>\n\t\t\t\t<div class=\"elementor-element elementor-element-518bb7f2 elementor-widget elementor-widget-text-editor\" data-id=\"518bb7f2\" data-element_type=\"widget\" data-widget_type=\"text-editor.default\">\n\t\t\t\t<div class=\"elementor-widget-container\">\n\t\t\t\t\t\t\t\t<div class=\"elementor-text-editor elementor-clearfix\">\n\t\t\t\t<div class=\"fusion-title title fusion-title-center fusion-title-size-one\">\n<p class=\"title-heading-center\" data-fontsize=\"18\" data-lineheight=\"25\"><span style=\"font-size: inherit;\">La marque <\/span><strong style=\"font-size: inherit;\">2Twenty<\/strong><span style=\"font-size: inherit;\">&nbsp;est la propri\u00e9t\u00e9 de la soci\u00e9t\u00e9&nbsp;<\/span><strong style=\"font-size: inherit;\">E-Mobility Service<\/strong><\/p>\n<\/div>\n<div class=\"fusion-text\">\n<p>Nous importons et distribuons les scooters 2Twenty et assurons la garantie de 2 ans et le service apr\u00e8s vente. Nos clients ont ainsi un seul interlocuteur qui assure toute la chaine de responsabilit\u00e9.<\/p>\n<p>Le projet 2Twenty est n\u00e9 en 2016 de la volont\u00e9 de d\u00e9mocratiser les scooters \u00e9lectriques \u00e0 tout le monde afin d\u2019aider \u00e0 la transition \u00e9cologique. Notre objectif est de faire de beaux scooters r\u00e9tro tout en gardant un prix juste. Et ainsi que ce soit enfin rentable pour Monsieur tout le monde d\u2019oublier les scooters thermiques.<\/p>\n<p>Nous portons toute notre attention sur la qualit\u00e9 du service client pour vous assurer une absolue s\u00e9r\u00e9nit\u00e9. Avec 2twenty, les probl\u00e8mes s\u2019envolent&nbsp;!<\/p>\n<p>En 2017, apr\u00e8s de nombreuses it\u00e9rations, nous sortons notre premier mod\u00e8le. Le Roma a un look d\u00e9licieusement r\u00e9tro puisqu\u2019il est bas\u00e9 sur un mod\u00e8le mythique des ann\u00e9es 1950. Sauf que nous avons travaill\u00e9 dur pour supprimer tous les d\u00e9fauts du mod\u00e8le original et ainsi avoir un scooter tr\u00e8s fiable et stable. Et qui \u00e9videmment ne dispara\u00eet pas dans un nuage de fum\u00e9e en p\u00e9taradant !<\/p>\n<p><strong>LANDER sprl<br><\/strong>Handelsstrasse 6, 4700 Eupen, Belgique<br>T\u00e9l.: +32 87 56 01 67<br>TVA: BE 0417896289<br><a href=\"http:\/\/www.2twentyscooters.be\/\" data-saferedirecturl=\"https:\/\/www.google.com\/url?q=http:\/\/www.2twentyscooters.be&amp;source=gmail&amp;ust=1620305848052000&amp;usg=AFQjCNE9rD-_G7mICWQ47AOTwqRStvsCeQ\">www.2twentyscooters.be<\/a><br><a href=\"mailto:info@2twentyscooters.be\">info@2twentyscooters.be<\/a><\/p>\n<p>Banque BNP-Fortis :<br>Iban: BE50 2480 0687 6118<br>Bic: GEBABEBB<\/p>\n<p>Heures d&rsquo;ouverture :<br>Mercredi \u00e0 samedi de 10h00 \u00e0 18h00<br>Dimanche de 14h00 \u00e0 18h00<br>Ferm\u00e9 le lundi, mardi et jours f\u00e9ri\u00e9s<\/p>\n<\/div>\n<div class=\"imageframe-align-center\"><span class=\"fusion-imageframe imageframe-none imageframe-1 hover-type-zoomin\"><img class=\"img-responsive wp-image-12777 lazy-loaded aligncenter\" title=\"logo-2twentyscooter-vertical\" src=\"https:\/\/www.2twentyscooters.com\/wp-content\/uploads\/2016\/08\/logo-2twentyscooter-vertical-1.png\" alt=\"scooter \u00e9lectrique batterie lithium\" width=\"166\" height=\"120\" data-lazy-type=\"image\" data-src=\"https:\/\/www.2twentyscooters.com\/wp-content\/uploads\/2016\/08\/logo-2twentyscooter-vertical-1.png\"><\/span><\/div>\t\t\t\t\t<\/div>\n\t\t\t\t\t\t<\/div>\n\t\t\t\t<\/div>\n\t\t\t\t\t\t<\/div>\n\t\t\t\t\t<\/div>\n\t\t<\/div>\n\t\t\t\t\t\t\t\t<\/div>\n\t\t\t\t\t<\/div>\n\t\t<\/section>\n\t\t\t\t\t\t<\/div>\n\t\t\t\t\t\t<\/div>\n\t\t\t\t\t<\/div>\n\t\t","protected":false},"excerpt":{"rendered":"<p>QUI SOMMES-NOUS ? La marque 2Twenty&nbsp;est la propri\u00e9t\u00e9 de la soci\u00e9t\u00e9&nbsp;E-Mobility Service Nous importons et distribuons les scooters 2Twenty et assurons la garantie de 2 ans et le service apr\u00e8s vente. Nos clients ont ainsi un seul interlocuteur qui assure toute la chaine de responsabilit\u00e9. Le projet 2Twenty est n\u00e9 en 2016 de la volont\u00e9&hellip;&nbsp;<a href=\"https:\/\/www.2twentyscooters.com\/be\/qui-sommes-nous\/\" class=\"\" rel=\"bookmark\">Lire la suite &raquo;<span class=\"screen-reader-text\">Qui Sommes-nous<\/span><\/a><\/p>\n","protected":false},"author":1,"featured_media":0,"parent":0,"menu_order":0,"comment_status":"closed","ping_status":"closed","template":"elementor_header_footer","meta":[],"yoast_head":"<!-- This site is optimized with the Yoast SEO plugin v18.4.1 - https:\/\/yoast.com\/wordpress\/plugins\/seo\/ -->\n<title>Qui Sommes-nous<\/title>\n<meta name=\"robots\" content=\"index, follow, max-snippet:-1, max-image-preview:large, max-video-preview:-1\" \/>\n<link rel=\"canonical\" href=\"https:\/\/www.2twentyscooters.com\/be\/qui-sommes-nous\/\" \/>\n<meta property=\"og:locale\" content=\"fr_FR\" \/>\n<meta property=\"og:type\" content=\"article\" \/>\n<meta property=\"og:title\" content=\"Qui Sommes-nous\" \/>\n<meta property=\"og:description\" content=\"QUI SOMMES-NOUS ? La marque 2Twenty&nbsp;est la propri\u00e9t\u00e9 de la soci\u00e9t\u00e9&nbsp;E-Mobility Service Nous importons et distribuons les scooters 2Twenty et assurons la garantie de 2 ans et le service apr\u00e8s vente. Nos clients ont ainsi un seul interlocuteur qui assure toute la chaine de responsabilit\u00e9. Le projet 2Twenty est n\u00e9 en 2016 de la volont\u00e9&hellip;&nbsp;Lire la suite &raquo;Qui Sommes-nous\" \/>\n<meta property=\"og:url\" content=\"https:\/\/www.2twentyscooters.com\/be\/qui-sommes-nous\/\" \/>\n<meta property=\"og:site_name\" content=\"2Twenty Scooter \u00e9lectrique\" \/>\n<meta property=\"article:modified_time\" content=\"2021-05-05T13:34:02+00:00\" \/>\n<meta property=\"og:image\" content=\"https:\/\/www.2twentyscooters.com\/wp-content\/uploads\/2016\/08\/logo-2twentyscooter-vertical-1.png\" \/>\n<meta name=\"twitter:card\" content=\"summary\" \/>\n<meta name=\"twitter:label1\" content=\"Dur\u00e9e de lecture est.\" \/>\n\t<meta name=\"twitter:data1\" content=\"2 minutes\" \/>\n<script type=\"application\/ld+json\" class=\"yoast-schema-graph\">{\"@context\":\"https:\/\/schema.org\",\"@graph\":[{\"@type\":\"Organization\",\"@id\":\"https:\/\/www.2twentyscooters.com\/en\/#organization\",\"name\":\"2twentyscooters\",\"url\":\"https:\/\/www.2twentyscooters.com\/en\/\",\"sameAs\":[],\"logo\":{\"@type\":\"ImageObject\",\"@id\":\"https:\/\/www.2twentyscooters.com\/en\/#logo\",\"inLanguage\":\"fr-BE\",\"url\":\"https:\/\/www.2twentyscooters.com\/wp-content\/uploads\/2022\/03\/2twenty-scooters-logo.png\",\"contentUrl\":\"https:\/\/www.2twentyscooters.com\/wp-content\/uploads\/2022\/03\/2twenty-scooters-logo.png\",\"width\":342,\"height\":55,\"caption\":\"2twentyscooters\"},\"image\":{\"@id\":\"https:\/\/www.2twentyscooters.com\/en\/#logo\"}},{\"@type\":\"WebSite\",\"@id\":\"https:\/\/www.2twentyscooters.com\/en\/#website\",\"url\":\"https:\/\/www.2twentyscooters.com\/en\/\",\"name\":\"2Twenty Scooter \u00e9lectrique\",\"description\":\"\",\"publisher\":{\"@id\":\"https:\/\/www.2twentyscooters.com\/en\/#organization\"},\"potentialAction\":[{\"@type\":\"SearchAction\",\"target\":{\"@type\":\"EntryPoint\",\"urlTemplate\":\"https:\/\/www.2twentyscooters.com\/en\/?s={search_term_string}\"},\"query-input\":\"required name=search_term_string\"}],\"inLanguage\":\"fr-BE\"},{\"@type\":\"ImageObject\",\"@id\":\"https:\/\/www.2twentyscooters.com\/be\/qui-sommes-nous\/#primaryimage\",\"inLanguage\":\"fr-BE\",\"url\":\"https:\/\/www.2twentyscooters.com\/wp-content\/uploads\/2016\/08\/logo-2twentyscooter-vertical-1.png\",\"contentUrl\":\"https:\/\/www.2twentyscooters.com\/wp-content\/uploads\/2016\/08\/logo-2twentyscooter-vertical-1.png\",\"width\":166,\"height\":120,\"caption\":\"scooter \u00e9lectrique batterie lithium\"},{\"@type\":\"WebPage\",\"@id\":\"https:\/\/www.2twentyscooters.com\/be\/qui-sommes-nous\/#webpage\",\"url\":\"https:\/\/www.2twentyscooters.com\/be\/qui-sommes-nous\/\",\"name\":\"Qui Sommes-nous\",\"isPartOf\":{\"@id\":\"https:\/\/www.2twentyscooters.com\/en\/#website\"},\"primaryImageOfPage\":{\"@id\":\"https:\/\/www.2twentyscooters.com\/be\/qui-sommes-nous\/#primaryimage\"},\"datePublished\":\"2017-09-26T08:23:11+00:00\",\"dateModified\":\"2021-05-05T13:34:02+00:00\",\"breadcrumb\":{\"@id\":\"https:\/\/www.2twentyscooters.com\/be\/qui-sommes-nous\/#breadcrumb\"},\"inLanguage\":\"fr-BE\",\"potentialAction\":[{\"@type\":\"ReadAction\",\"target\":[\"https:\/\/www.2twentyscooters.com\/be\/qui-sommes-nous\/\"]}]},{\"@type\":\"BreadcrumbList\",\"@id\":\"https:\/\/www.2twentyscooters.com\/be\/qui-sommes-nous\/#breadcrumb\",\"itemListElement\":[{\"@type\":\"ListItem\",\"position\":1,\"name\":\"Home\",\"item\":\"https:\/\/www.2twentyscooters.com\/be\/\"},{\"@type\":\"ListItem\",\"position\":2,\"name\":\"Qui Sommes-nous\"}]}]}<\/script>\n<!-- \/ Yoast SEO plugin. -->","yoast_head_json":{"title":"Qui Sommes-nous","robots":{"index":"index","follow":"follow","max-snippet":"max-snippet:-1","max-image-preview":"max-image-preview:large","max-video-preview":"max-video-preview:-1"},"canonical":"https:\/\/www.2twentyscooters.com\/be\/qui-sommes-nous\/","og_locale":"fr_FR","og_type":"article","og_title":"Qui Sommes-nous","og_description":"QUI SOMMES-NOUS ? La marque 2Twenty&nbsp;est la propri\u00e9t\u00e9 de la soci\u00e9t\u00e9&nbsp;E-Mobility Service Nous importons et distribuons les scooters 2Twenty et assurons la garantie de 2 ans et le service apr\u00e8s vente. Nos clients ont ainsi un seul interlocuteur qui assure toute la chaine de responsabilit\u00e9. Le projet 2Twenty est n\u00e9 en 2016 de la volont\u00e9&hellip;&nbsp;Lire la suite &raquo;Qui Sommes-nous","og_url":"https:\/\/www.2twentyscooters.com\/be\/qui-sommes-nous\/","og_site_name":"2Twenty Scooter \u00e9lectrique","article_modified_time":"2021-05-05T13:34:02+00:00","og_image":[{"url":"https:\/\/www.2twentyscooters.com\/wp-content\/uploads\/2016\/08\/logo-2twentyscooter-vertical-1.png"}],"twitter_card":"summary","twitter_misc":{"Dur\u00e9e de lecture est.":"2 minutes"},"schema":{"@context":"https:\/\/schema.org","@graph":[{"@type":"Organization","@id":"https:\/\/www.2twentyscooters.com\/en\/#organization","name":"2twentyscooters","url":"https:\/\/www.2twentyscooters.com\/en\/","sameAs":[],"logo":{"@type":"ImageObject","@id":"https:\/\/www.2twentyscooters.com\/en\/#logo","inLanguage":"fr-BE","url":"https:\/\/www.2twentyscooters.com\/wp-content\/uploads\/2022\/03\/2twenty-scooters-logo.png","contentUrl":"https:\/\/www.2twentyscooters.com\/wp-content\/uploads\/2022\/03\/2twenty-scooters-logo.png","width":342,"height":55,"caption":"2twentyscooters"},"image":{"@id":"https:\/\/www.2twentyscooters.com\/en\/#logo"}},{"@type":"WebSite","@id":"https:\/\/www.2twentyscooters.com\/en\/#website","url":"https:\/\/www.2twentyscooters.com\/en\/","name":"2Twenty Scooter \u00e9lectrique","description":"","publisher":{"@id":"https:\/\/www.2twentyscooters.com\/en\/#organization"},"potentialAction":[{"@type":"SearchAction","target":{"@type":"EntryPoint","urlTemplate":"https:\/\/www.2twentyscooters.com\/en\/?s={search_term_string}"},"query-input":"required name=search_term_string"}],"inLanguage":"fr-BE"},{"@type":"ImageObject","@id":"https:\/\/www.2twentyscooters.com\/be\/qui-sommes-nous\/#primaryimage","inLanguage":"fr-BE","url":"https:\/\/www.2twentyscooters.com\/wp-content\/uploads\/2016\/08\/logo-2twentyscooter-vertical-1.png","contentUrl":"https:\/\/www.2twentyscooters.com\/wp-content\/uploads\/2016\/08\/logo-2twentyscooter-vertical-1.png","width":166,"height":120,"caption":"scooter \u00e9lectrique batterie lithium"},{"@type":"WebPage","@id":"https:\/\/www.2twentyscooters.com\/be\/qui-sommes-nous\/#webpage","url":"https:\/\/www.2twentyscooters.com\/be\/qui-sommes-nous\/","name":"Qui Sommes-nous","isPartOf":{"@id":"https:\/\/www.2twentyscooters.com\/en\/#website"},"primaryImageOfPage":{"@id":"https:\/\/www.2twentyscooters.com\/be\/qui-sommes-nous\/#primaryimage"},"datePublished":"2017-09-26T08:23:11+00:00","dateModified":"2021-05-05T13:34:02+00:00","breadcrumb":{"@id":"https:\/\/www.2twentyscooters.com\/be\/qui-sommes-nous\/#breadcrumb"},"inLanguage":"fr-BE","potentialAction":[{"@type":"ReadAction","target":["https:\/\/www.2twentyscooters.com\/be\/qui-sommes-nous\/"]}]},{"@type":"BreadcrumbList","@id":"https:\/\/www.2twentyscooters.com\/be\/qui-sommes-nous\/#breadcrumb","itemListElement":[{"@type":"ListItem","position":1,"name":"Home","item":"https:\/\/www.2twentyscooters.com\/be\/"},{"@type":"ListItem","position":2,"name":"Qui Sommes-nous"}]}]}},"_links":{"self":[{"href":"https:\/\/www.2twentyscooters.com\/be\/wp-json\/wp\/v2\/pages\/41028"}],"collection":[{"href":"https:\/\/www.2twentyscooters.com\/be\/wp-json\/wp\/v2\/pages"}],"about":[{"href":"https:\/\/www.2twentyscooters.com\/be\/wp-json\/wp\/v2\/types\/page"}],"author":[{"embeddable":true,"href":"https:\/\/www.2twentyscooters.com\/be\/wp-json\/wp\/v2\/users\/1"}],"replies":[{"embeddable":true,"href":"https:\/\/www.2twentyscooters.com\/be\/wp-json\/wp\/v2\/comments?post=41028"}],"version-history":[{"count":0,"href":"https:\/\/www.2twentyscooters.com\/be\/wp-json\/wp\/v2\/pages\/41028\/revisions"}],"wp:attachment":[{"href":"https:\/\/www.2twentyscooters.com\/be\/wp-json\/wp\/v2\/media?parent=41028"}],"curies":[{"name":"wp","href":"https:\/\/api.w.org\/{rel}","templated":true}]}}