{"id":41025,"date":"2018-01-25T16:47:49","date_gmt":"2018-01-25T15:47:49","guid":{"rendered":"https:\/\/www.2twentyscooters.com\/cgv\/"},"modified":"2025-11-28T12:28:42","modified_gmt":"2025-11-28T11:28:42","slug":"cgv","status":"publish","type":"page","link":"https:\/\/www.2twentyscooters.com\/be\/cgv\/","title":{"rendered":"CGV"},"content":{"rendered":"\t\t<div data-elementor-type=\"wp-page\" data-elementor-id=\"41025\" class=\"elementor elementor-41025 elementor-13388\" data-elementor-settings=\"[]\">\n\t\t\t\t\t\t<div class=\"elementor-inner\">\n\t\t\t\t\t\t\t<div class=\"elementor-section-wrap\">\n\t\t\t\t\t\t\t<section class=\"elementor-section elementor-top-section elementor-element elementor-element-659e845c elementor-section-boxed elementor-section-height-default elementor-section-height-default\" data-id=\"659e845c\" data-element_type=\"section\">\n\t\t\t\t\t\t<div class=\"elementor-container elementor-column-gap-default\">\n\t\t\t\t\t\t\t<div class=\"elementor-row\">\n\t\t\t\t\t<div class=\"elementor-column elementor-col-100 elementor-top-column elementor-element elementor-element-36ab7877\" data-id=\"36ab7877\" data-element_type=\"column\">\n\t\t\t<div class=\"elementor-column-wrap elementor-element-populated\">\n\t\t\t\t\t\t\t<div class=\"elementor-widget-wrap\">\n\t\t\t\t\t\t<div class=\"elementor-element elementor-element-3659fff elementor-widget elementor-widget-text-editor\" data-id=\"3659fff\" data-element_type=\"widget\" data-widget_type=\"text-editor.default\">\n\t\t\t\t<div class=\"elementor-widget-container\">\n\t\t\t\t\t\t\t\t<div class=\"elementor-text-editor elementor-clearfix\">\n\t\t\t\t<h1>CGV<\/h1>\n<p><strong>Pr\u00e9ambule<\/strong><\/p>\n<p><strong>2 TWENTY <\/strong>est une marque appartenant \u00e0 la soci\u00e9t\u00e9<strong> E-MOBILITY SERVICE.<\/strong><\/p>\n<p>Le site est la propri\u00e9t\u00e9 de la soci\u00e9t\u00e9 E-MOBILITY en sa totalit\u00e9, ainsi que l&rsquo;ensemble des droits y aff\u00e9rents. Toute reproduction, int\u00e9grale ou partielle, est syst\u00e9matiquement soumise \u00e0 l&rsquo;autorisation des propri\u00e9taires. Toutefois, les liaisons du type hypertextes vers le site sont autoris\u00e9es sans demande sp\u00e9cifique.<\/p>\n<ol>\n<li><strong> Acceptation des conditions<\/strong><\/li>\n<\/ol>\n<p>Le client reconna\u00eet avoir pris connaissance, au moment de la passation de commande, des conditions particuli\u00e8res de vente \u00e9nonc\u00e9es sur cet \u00e9cran et d\u00e9clare express\u00e9ment les accepter sans r\u00e9serve. Les pr\u00e9sentes conditions g\u00e9n\u00e9rales de vente r\u00e9gissent les relations contractuelles entre la soci\u00e9t\u00e9 E-MOBILITY SERVICE et son client, les deux parties les acceptant sans r\u00e9serve. Ces conditions g\u00e9n\u00e9rales de vente pr\u00e9vaudront sur toutes autres conditions figurant dans tout autre document, sauf d\u00e9rogation pr\u00e9alable, expresse et \u00e9crite.<\/p>\n<ol start=\"2\">\n<li><strong> Commande<\/strong><\/li>\n<\/ol>\n<p>Les syst\u00e8mes d&rsquo;enregistrement automatique sont consid\u00e9r\u00e9s comme valant preuve, de la nature, du contenu et de la date de la commande. &nbsp;E-MOBILITY SERVICE confirme l&rsquo;acceptation de sa commande au client \u00e0 l&rsquo;adresse mail que celui-ci aura communiqu\u00e9. La vente ne sera conclue qu&rsquo;\u00e0 compter de la confirmation de la commande. E-MOBILITY SERVICE se r\u00e9serve le droit d&rsquo;annuler toute commande d&rsquo;un client avec lequel existerait un litige relatif au paiement d&rsquo;une commande ant\u00e9rieure. Les informations \u00e9nonc\u00e9es par l&rsquo;acheteur, lors de la prise de commande, engagent celui-ci : en cas d&rsquo;erreur dans le libell\u00e9 des coordonn\u00e9es du destinataire, le vendeur ne saurait \u00eatre tenu responsable de l&rsquo;impossibilit\u00e9 dans laquelle il pourrait \u00eatre de livrer le produit.<\/p>\n<ol start=\"3\">\n<li><strong> Livraison<\/strong><\/li>\n<\/ol>\n<p>Apr\u00e8s confirmation de la commande, E-MOBILITY SERVICE s&rsquo;engage \u00e0 livrer \u00e0 son transporteur, toutes les r\u00e9f\u00e9rences command\u00e9es par l&rsquo;acheteur et ce, dans le d\u00e9lai indiqu\u00e9 sur la fiche de l&rsquo;article dans la case \u00ab\u00a0D\u00e9lai de livraison\u00a0\u00bb. Le transporteur s&rsquo;engage, lui, par contrat avec&nbsp;E-MOBILITY SERVICE \u00e0 livrer la commande \u00e0 l&rsquo;adresse de l&rsquo;acheteur fournie par E-MOBILITY SERVICE. Les retards \u00e9ventuels ne donnent pas le droit \u00e0 l&rsquo;acheteur de r\u00e9clamer des dommages et int\u00e9r\u00eats. Mais en cas de d\u00e9lai de livraison trop tardif, le client peut \u00e0 tout moment annuler sa commande et demander remboursement \u00e0 E-MOBILITY SERVICE. En cas de d\u00e9faut apparent, l&rsquo;acheteur b\u00e9n\u00e9ficie du droit de retour dans les conditions pr\u00e9vues dans ce document (article R\u00e9tractation).<\/p>\n<ol start=\"4\">\n<li><strong> R\u00e9tractation et politique de retour<\/strong><\/li>\n<\/ol>\n<p>Le client dispose de 15 jours (\u00e0 compter de la r\u00e9ception de l\u2019article) pour se faire une opinion et en cas de non satisfaction, de retourner la marchandise. Pour obtenir un \u00e9change ou un remboursement, il doit remettre le scooter dans son emballage de livraison (structure m\u00e9tallique recouverte d&rsquo;un carton) et nous contacter pour que l&rsquo;on vienne r\u00e9cup\u00e9rer le colis. <strong>Pour b\u00e9n\u00e9ficier du remboursement int\u00e9gral, le scooter ne doit pas avoir \u00e9t\u00e9 immatricul\u00e9<\/strong>. Les frais de retour sont \u00e0 notre charge<\/p>\n<p><strong>Adresse de retour :<\/strong><br \/>\n2TWENTY SCOOTERS<br \/>\n7 rue des Quatre Chemin\u00e9es<br \/>\n92100 Boulogne Billancourt<br \/>\nFrance<\/p>\n<p>En cas d&rsquo;immatriculation (qui ne peut pas \u00eatre annul\u00e9 par la pr\u00e9fecture), le retour est possible mais les frais de retour sont \u00e0 la charge du client et le remboursement ne couvrira pas les frais d&rsquo;immatriculation ni la ou les subventions qui ne pourront \u00eatre per\u00e7ues uniquement par l&rsquo;acheteur initial. Par ailleurs, il faudra transf\u00e9rer la propri\u00e9t\u00e9 du v\u00e9hicule immatricul\u00e9 \u00e0 la soci\u00e9t\u00e9 E-mobility service afin de percevoir le remboursement.<\/p>\n<p>Par exemple, en 2019, la prime \u00e9cologique vers\u00e9e par le gouvernement ainsi que la subvention de Paris ne peuvent \u00eatre per\u00e7ues uniquement sur un scooter neuf apr\u00e8s la 1\u00e8re immatriculation. Un client hors de Paris ayant achet\u00e9 un scooter avec 1 seule batterie de 72V20ah et l&rsquo;ayant fait immatricul\u00e9 (de son c\u00f4t\u00e9) peut donc percevoir un remboursement de 2890-360 (montant de la subvention) = 2 530\u20ac TTC. Pour un Parisien ayant immatricul\u00e9 (via notre prestation) un scooter avec 1 seule batterie, le montant rembours\u00e9 sera de 2890-360-400-95=2 035\u20ac TTC<\/p>\n<p>En cas d&rsquo;exercice du droit de r\u00e9tractation avant immatriculation du v\u00e9hicule, E-MOBILITY SERVICE est tenu au remboursement des sommes vers\u00e9es par le client. Le remboursement est d\u00fb dans un d\u00e9lai maximum de 15 jours.<\/p>\n<ol start=\"5\">\n<li><strong> Prix<\/strong><\/li>\n<\/ol>\n<p>Les prix mentionn\u00e9s sont en euros. Les prix du transport sont mentionn\u00e9s sur les fiches produit. Ce prix comprend le prix des produits, les frais de manutention, d&#8217;emballage et de conservation des produits et les frais de transport.<\/p>\n<ol start=\"6\">\n<li><strong> Paiement<\/strong><\/li>\n<\/ol>\n<p>Le prix factur\u00e9 au client est le prix indiqu\u00e9 sur la confirmation de commande adress\u00e9e par E-MOBILITY SERVICE. Le prix des produits est payable au comptant le jour de la commande effective. Le paiement peut par carte bancaire ou par virement.<\/p>\n<ol start=\"7\">\n<li><strong> Litiges<\/strong><\/li>\n<\/ol>\n<p>Le pr\u00e9sent contrat est soumis au droit belge.&nbsp;E-MOBILITY SERVICE ne peut \u00eatre tenu pour responsable des dommages de toute nature, tant mat\u00e9riels qu&rsquo;immat\u00e9riels ou corporels, qui pourraient r\u00e9sulter d&rsquo;un mauvais fonctionnement ou de la mauvaise utilisation des produits commercialis\u00e9s. Il en est de m\u00eame pour les \u00e9ventuelles modifications des produits r\u00e9sultant des fabricants. La responsabilit\u00e9 de E-MOBILITY SERVICE sera, en tout \u00e9tat de cause, limit\u00e9e au montant de la commande et ne saurait \u00eatre mise en cause pour de simples erreurs ou omissions qui auraient pu subsister malgr\u00e9 toutes les pr\u00e9cautions prises dans la pr\u00e9sentation des produits. En cas de difficult\u00e9s dans l&rsquo;application du pr\u00e9sent contrat, l&rsquo;acheteur a la possibilit\u00e9, avant toute action en justice, de rechercher une solution amiable notamment avec l&rsquo;aide d&rsquo;une association professionnelle, d&rsquo;une association de consommateurs ou de tout autre conseil de son choix. Il est rappel\u00e9 que la recherche de la solution amiable n&rsquo;interrompt pas le \u00ab\u00a0bref d\u00e9lai\u00a0\u00bb de la garantie l\u00e9gale, ni la dur\u00e9e de la garantie contractuelle.<\/p>\n<p>Il est rappel\u00e9 qu&rsquo;en r\u00e8gle g\u00e9n\u00e9rale et sous r\u00e9serve de l&rsquo;appr\u00e9ciation des tribunaux, le respect des dispositions du pr\u00e9sent contrat relatif \u00e0 la garantie contractuelle suppose que l&rsquo;acheteur honore ses engagements financiers envers le vendeur. Les r\u00e9clamations ou contestations seront toujours re\u00e7ues avec bienveillance attentive, la bonne foi \u00e9tant toujours pr\u00e9sum\u00e9e chez celui qui prend la peine d&rsquo;exposer ses situations.<\/p>\n<ol start=\"8\">\n<li><strong> Garantie<\/strong><\/li>\n<\/ol>\n<p>Tous nos articles sont garantis pendant 2 ans ou 20 000 km (batteries incluses).<\/p>\n<p>Dans tous les cas,&nbsp;E-MOBILITY SERVICE ne pourra \u00eatre tenu pour responsable pour non-respect des dispositions r\u00e9glementaires et l\u00e9gislatives en vigueur dans le pays de r\u00e9ception, la responsabilit\u00e9 de&nbsp;E-MOBILITY SERVICE est syst\u00e9matiquement limit\u00e9e \u00e0 la valeur du produit mis en cause, valeur \u00e0 sa date de vente et ce, sans possibilit\u00e9s de recours envers la marque ou la soci\u00e9t\u00e9 productrice du produit.<\/p>\n\t\t\t\t\t<\/div>\n\t\t\t\t\t\t<\/div>\n\t\t\t\t<\/div>\n\t\t\t\t\t\t<\/div>\n\t\t\t\t\t<\/div>\n\t\t<\/div>\n\t\t\t\t\t\t\t\t<\/div>\n\t\t\t\t\t<\/div>\n\t\t<\/section>\n\t\t\t\t\t\t<\/div>\n\t\t\t\t\t\t<\/div>\n\t\t\t\t\t<\/div>\n\t\t","protected":false},"excerpt":{"rendered":"<p>CGV Pr\u00e9ambule 2 TWENTY est une marque appartenant \u00e0 la soci\u00e9t\u00e9 E-MOBILITY SERVICE. Le site est la propri\u00e9t\u00e9 de la soci\u00e9t\u00e9 E-MOBILITY en sa totalit\u00e9, ainsi que l&rsquo;ensemble des droits y aff\u00e9rents. Toute reproduction, int\u00e9grale ou partielle, est syst\u00e9matiquement soumise \u00e0 l&rsquo;autorisation des propri\u00e9taires. Toutefois, les liaisons du type hypertextes vers le site sont autoris\u00e9es&hellip;&nbsp;<a href=\"https:\/\/www.2twentyscooters.com\/be\/cgv\/\" class=\"\" rel=\"bookmark\">Lire la suite &raquo;<span class=\"screen-reader-text\">CGV<\/span><\/a><\/p>\n","protected":false},"author":1,"featured_media":0,"parent":0,"menu_order":0,"comment_status":"closed","ping_status":"closed","template":"elementor_header_footer","meta":[],"yoast_head":"<!-- This site is optimized with the Yoast SEO plugin v18.4.1 - https:\/\/yoast.com\/wordpress\/plugins\/seo\/ -->\n<title>CGV<\/title>\n<meta name=\"robots\" content=\"noindex, nofollow\" \/>\n<meta property=\"og:locale\" content=\"fr_FR\" \/>\n<meta property=\"og:type\" content=\"article\" \/>\n<meta property=\"og:title\" content=\"CGV\" \/>\n<meta property=\"og:description\" content=\"CGV Pr\u00e9ambule 2 TWENTY est une marque appartenant \u00e0 la soci\u00e9t\u00e9 E-MOBILITY SERVICE. Le site est la propri\u00e9t\u00e9 de la soci\u00e9t\u00e9 E-MOBILITY en sa totalit\u00e9, ainsi que l&rsquo;ensemble des droits y aff\u00e9rents. Toute reproduction, int\u00e9grale ou partielle, est syst\u00e9matiquement soumise \u00e0 l&rsquo;autorisation des propri\u00e9taires. Toutefois, les liaisons du type hypertextes vers le site sont autoris\u00e9es&hellip;&nbsp;Lire la suite &raquo;CGV\" \/>\n<meta property=\"og:url\" content=\"https:\/\/www.2twentyscooters.com\/be\/cgv\/\" \/>\n<meta property=\"og:site_name\" content=\"2Twenty Scooter \u00e9lectrique\" \/>\n<meta property=\"article:modified_time\" content=\"2025-11-28T11:28:42+00:00\" \/>\n<meta name=\"twitter:card\" content=\"summary\" \/>\n<meta name=\"twitter:label1\" content=\"Dur\u00e9e de lecture est.\" \/>\n\t<meta name=\"twitter:data1\" content=\"6 minutes\" \/>\n<script type=\"application\/ld+json\" class=\"yoast-schema-graph\">{\"@context\":\"https:\/\/schema.org\",\"@graph\":[{\"@type\":\"Organization\",\"@id\":\"https:\/\/www.2twentyscooters.com\/en\/#organization\",\"name\":\"2twentyscooters\",\"url\":\"https:\/\/www.2twentyscooters.com\/en\/\",\"sameAs\":[],\"logo\":{\"@type\":\"ImageObject\",\"@id\":\"https:\/\/www.2twentyscooters.com\/en\/#logo\",\"inLanguage\":\"fr-BE\",\"url\":\"https:\/\/www.2twentyscooters.com\/wp-content\/uploads\/2022\/03\/2twenty-scooters-logo.png\",\"contentUrl\":\"https:\/\/www.2twentyscooters.com\/wp-content\/uploads\/2022\/03\/2twenty-scooters-logo.png\",\"width\":342,\"height\":55,\"caption\":\"2twentyscooters\"},\"image\":{\"@id\":\"https:\/\/www.2twentyscooters.com\/en\/#logo\"}},{\"@type\":\"WebSite\",\"@id\":\"https:\/\/www.2twentyscooters.com\/en\/#website\",\"url\":\"https:\/\/www.2twentyscooters.com\/en\/\",\"name\":\"2Twenty Scooter \u00e9lectrique\",\"description\":\"\",\"publisher\":{\"@id\":\"https:\/\/www.2twentyscooters.com\/en\/#organization\"},\"potentialAction\":[{\"@type\":\"SearchAction\",\"target\":{\"@type\":\"EntryPoint\",\"urlTemplate\":\"https:\/\/www.2twentyscooters.com\/en\/?s={search_term_string}\"},\"query-input\":\"required name=search_term_string\"}],\"inLanguage\":\"fr-BE\"},{\"@type\":\"WebPage\",\"@id\":\"https:\/\/www.2twentyscooters.com\/be\/cgv\/#webpage\",\"url\":\"https:\/\/www.2twentyscooters.com\/be\/cgv\/\",\"name\":\"CGV\",\"isPartOf\":{\"@id\":\"https:\/\/www.2twentyscooters.com\/en\/#website\"},\"datePublished\":\"2018-01-25T15:47:49+00:00\",\"dateModified\":\"2025-11-28T11:28:42+00:00\",\"breadcrumb\":{\"@id\":\"https:\/\/www.2twentyscooters.com\/be\/cgv\/#breadcrumb\"},\"inLanguage\":\"fr-BE\",\"potentialAction\":[{\"@type\":\"ReadAction\",\"target\":[\"https:\/\/www.2twentyscooters.com\/be\/cgv\/\"]}]},{\"@type\":\"BreadcrumbList\",\"@id\":\"https:\/\/www.2twentyscooters.com\/be\/cgv\/#breadcrumb\",\"itemListElement\":[{\"@type\":\"ListItem\",\"position\":1,\"name\":\"Home\",\"item\":\"https:\/\/www.2twentyscooters.com\/be\/\"},{\"@type\":\"ListItem\",\"position\":2,\"name\":\"CGV\"}]}]}<\/script>\n<!-- \/ Yoast SEO plugin. -->","yoast_head_json":{"title":"CGV","robots":{"index":"noindex","follow":"nofollow"},"og_locale":"fr_FR","og_type":"article","og_title":"CGV","og_description":"CGV Pr\u00e9ambule 2 TWENTY est une marque appartenant \u00e0 la soci\u00e9t\u00e9 E-MOBILITY SERVICE. Le site est la propri\u00e9t\u00e9 de la soci\u00e9t\u00e9 E-MOBILITY en sa totalit\u00e9, ainsi que l&rsquo;ensemble des droits y aff\u00e9rents. Toute reproduction, int\u00e9grale ou partielle, est syst\u00e9matiquement soumise \u00e0 l&rsquo;autorisation des propri\u00e9taires. Toutefois, les liaisons du type hypertextes vers le site sont autoris\u00e9es&hellip;&nbsp;Lire la suite &raquo;CGV","og_url":"https:\/\/www.2twentyscooters.com\/be\/cgv\/","og_site_name":"2Twenty Scooter \u00e9lectrique","article_modified_time":"2025-11-28T11:28:42+00:00","twitter_card":"summary","twitter_misc":{"Dur\u00e9e de lecture est.":"6 minutes"},"schema":{"@context":"https:\/\/schema.org","@graph":[{"@type":"Organization","@id":"https:\/\/www.2twentyscooters.com\/en\/#organization","name":"2twentyscooters","url":"https:\/\/www.2twentyscooters.com\/en\/","sameAs":[],"logo":{"@type":"ImageObject","@id":"https:\/\/www.2twentyscooters.com\/en\/#logo","inLanguage":"fr-BE","url":"https:\/\/www.2twentyscooters.com\/wp-content\/uploads\/2022\/03\/2twenty-scooters-logo.png","contentUrl":"https:\/\/www.2twentyscooters.com\/wp-content\/uploads\/2022\/03\/2twenty-scooters-logo.png","width":342,"height":55,"caption":"2twentyscooters"},"image":{"@id":"https:\/\/www.2twentyscooters.com\/en\/#logo"}},{"@type":"WebSite","@id":"https:\/\/www.2twentyscooters.com\/en\/#website","url":"https:\/\/www.2twentyscooters.com\/en\/","name":"2Twenty Scooter \u00e9lectrique","description":"","publisher":{"@id":"https:\/\/www.2twentyscooters.com\/en\/#organization"},"potentialAction":[{"@type":"SearchAction","target":{"@type":"EntryPoint","urlTemplate":"https:\/\/www.2twentyscooters.com\/en\/?s={search_term_string}"},"query-input":"required name=search_term_string"}],"inLanguage":"fr-BE"},{"@type":"WebPage","@id":"https:\/\/www.2twentyscooters.com\/be\/cgv\/#webpage","url":"https:\/\/www.2twentyscooters.com\/be\/cgv\/","name":"CGV","isPartOf":{"@id":"https:\/\/www.2twentyscooters.com\/en\/#website"},"datePublished":"2018-01-25T15:47:49+00:00","dateModified":"2025-11-28T11:28:42+00:00","breadcrumb":{"@id":"https:\/\/www.2twentyscooters.com\/be\/cgv\/#breadcrumb"},"inLanguage":"fr-BE","potentialAction":[{"@type":"ReadAction","target":["https:\/\/www.2twentyscooters.com\/be\/cgv\/"]}]},{"@type":"BreadcrumbList","@id":"https:\/\/www.2twentyscooters.com\/be\/cgv\/#breadcrumb","itemListElement":[{"@type":"ListItem","position":1,"name":"Home","item":"https:\/\/www.2twentyscooters.com\/be\/"},{"@type":"ListItem","position":2,"name":"CGV"}]}]}},"_links":{"self":[{"href":"https:\/\/www.2twentyscooters.com\/be\/wp-json\/wp\/v2\/pages\/41025"}],"collection":[{"href":"https:\/\/www.2twentyscooters.com\/be\/wp-json\/wp\/v2\/pages"}],"about":[{"href":"https:\/\/www.2twentyscooters.com\/be\/wp-json\/wp\/v2\/types\/page"}],"author":[{"embeddable":true,"href":"https:\/\/www.2twentyscooters.com\/be\/wp-json\/wp\/v2\/users\/1"}],"replies":[{"embeddable":true,"href":"https:\/\/www.2twentyscooters.com\/be\/wp-json\/wp\/v2\/comments?post=41025"}],"version-history":[{"count":1,"href":"https:\/\/www.2twentyscooters.com\/be\/wp-json\/wp\/v2\/pages\/41025\/revisions"}],"predecessor-version":[{"id":59594,"href":"https:\/\/www.2twentyscooters.com\/be\/wp-json\/wp\/v2\/pages\/41025\/revisions\/59594"}],"wp:attachment":[{"href":"https:\/\/www.2twentyscooters.com\/be\/wp-json\/wp\/v2\/media?parent=41025"}],"curies":[{"name":"wp","href":"https:\/\/api.w.org\/{rel}","templated":true}]}}